{"id":26992,"date":"2025-02-20T23:28:56","date_gmt":"2025-02-20T22:28:56","guid":{"rendered":"http:\/\/olemosaic.com\/producto\/funda-de-telefono-para-iphone-13-promax-tpu-panoramica-barcelona-azul-2\/"},"modified":"2025-07-25T19:34:07","modified_gmt":"2025-07-25T17:34:07","slug":"coque-de-telephone-pour-iphone-13-promax-tpu-panoramique-barcelone-bleu-2","status":"publish","type":"product","link":"https:\/\/olemosaic.com\/fr\/produit\/coque-de-telephone-pour-iphone-13-promax-tpu-panoramique-barcelone-bleu-2\/","title":{"rendered":"Coque de t\u00e9l\u00e9phone pour iPhone 13 Pro Max (TPU). Panoramique. Sagrada Familia. Barcelone. Bleu"},"content":{"rendered":"<p>Cette coque pour iPhone 13 Pro Max est une c\u00e9l\u00e9bration vibrante de l&rsquo;iconique ville de Barcelone, id\u00e9ale pour ceux qui souhaitent emporter un morceau de cette m\u00e9tropole m\u00e9diterran\u00e9enne dans leur quotidien. Fabriqu\u00e9e en TPU de haute qualit\u00e9, cette coque garantit non seulement une excellente protection pour votre appareil, mais pr\u00e9sente \u00e9galement une magnifique vue panoramique de la ville. Le design sur fond bleu est orn\u00e9 de mosa\u00efques color\u00e9es qui \u00e9voquent le style distinctif d&rsquo;Antoni Gaud\u00ed, mettant en avant l&#8217;embl\u00e9matique Sagrada Familia et d&rsquo;autres monuments repr\u00e9sentatifs, symboles de l&rsquo;architecture moderniste catalane.<\/p>\n<p>Au centre, le texte \u00ab Barcelone \u00bb, en lettres frappantes, est compl\u00e9t\u00e9 par des \u00e9l\u00e9ments graphiques qui refl\u00e8tent la riche culture catalane, des b\u00e2timents historiques aux \u00e9l\u00e9ments de l&rsquo;environnement baln\u00e9aire. Cette coque est plus qu&rsquo;un simple accessoire ; c&rsquo;est un authentique souvenir qui encapsule l&rsquo;essence culturelle et artistique de Barcelone, ce qui en fait une excellente option pour les touristes et les voyageurs.<\/p>\n<p>Chez Ol\u00e9 Mosaic, nous nous sp\u00e9cialisons dans l&rsquo;offre de souvenirs authentiques en gros, et cette coque de t\u00e9l\u00e9phone est parfaite pour les boutiques de cadeaux touristiques \u00e0 la recherche de produits uniques et repr\u00e9sentatifs. Si vous cherchez un souvenir alliant fonctionnalit\u00e9 et design attrayant, cette coque est un choix parfait.<\/p>\n","protected":false},"excerpt":{"rendered":"<p>Coque pour iPhone 13 Pro Max en TPU, avec une vue panoramique vibrante de Barcelone. Le design pr\u00e9sente un fond bleu d\u00e9cor\u00e9 de mosa\u00efques color\u00e9es \u00e9voquant le style de Gaud\u00ed, mettant en avant des b\u00e2timents embl\u00e9matiques de la ville comme la Sagrada Familia. La coque inclut le mot \u00ab Barcelone \u00bb dans un design accrocheur, compl\u00e9t\u00e9 par des \u00e9l\u00e9ments graphiques refl\u00e9tant la culture catalane. Id\u00e9ale pour prot\u00e9ger votre appareil tout en affichant votre amour pour cette ville m\u00e9diterran\u00e9enne iconique.<\/p>\n","protected":false},"featured_media":12339,"template":"","meta":{"_acf_changed":false},"product_brand":[],"product_cat":[674],"product_tag":[],"class_list":{"0":"post-26992","1":"product","2":"type-product","3":"status-publish","4":"has-post-thumbnail","6":"product_cat-etuis-pour-telephones-portables","7":"pa_ciudad-barcelona","8":"pa_motivo-panoramas","9":"pa_pais-espana","11":"first","12":"instock","13":"shipping-taxable","14":"product-type-simple"},"acf":[],"_links":{"self":[{"href":"https:\/\/olemosaic.com\/fr\/wp-json\/wp\/v2\/product\/26992","targetHints":{"allow":["GET"]}}],"collection":[{"href":"https:\/\/olemosaic.com\/fr\/wp-json\/wp\/v2\/product"}],"about":[{"href":"https:\/\/olemosaic.com\/fr\/wp-json\/wp\/v2\/types\/product"}],"wp:featuredmedia":[{"embeddable":true,"href":"https:\/\/olemosaic.com\/fr\/wp-json\/wp\/v2\/media\/12339"}],"wp:attachment":[{"href":"https:\/\/olemosaic.com\/fr\/wp-json\/wp\/v2\/media?parent=26992"}],"wp:term":[{"taxonomy":"product_brand","embeddable":true,"href":"https:\/\/olemosaic.com\/fr\/wp-json\/wp\/v2\/product_brand?post=26992"},{"taxonomy":"product_cat","embeddable":true,"href":"https:\/\/olemosaic.com\/fr\/wp-json\/wp\/v2\/product_cat?post=26992"},{"taxonomy":"product_tag","embeddable":true,"href":"https:\/\/olemosaic.com\/fr\/wp-json\/wp\/v2\/product_tag?post=26992"}],"curies":[{"name":"wp","href":"https:\/\/api.w.org\/{rel}","templated":true}]}}