{"id":26990,"date":"2025-02-20T23:28:55","date_gmt":"2025-02-20T22:28:55","guid":{"rendered":"http:\/\/olemosaic.com\/producto\/funda-de-telefono-para-iphone-13-promax-tpu-abstracto-verde-2\/"},"modified":"2025-07-25T18:49:06","modified_gmt":"2025-07-25T16:49:06","slug":"coque-de-telephone-pour-iphone-13-promax-tpu-abstrait-vert-2","status":"publish","type":"product","link":"https:\/\/olemosaic.com\/fr\/produit\/coque-de-telephone-pour-iphone-13-promax-tpu-abstrait-vert-2\/","title":{"rendered":"Coque de t\u00e9l\u00e9phone pour iPhone 13 Pro Max (TPU). Abstrait. Mosa\u00efque. Vert"},"content":{"rendered":"<p>Cette coque pour iPhone 13 Pro Max est un accessoire indispensable qui fusionne modernit\u00e9 et protection avec un design d&rsquo;inspiration culturelle. Fabriqu\u00e9e en TPU, elle se distingue par son design abstrait vibrant dans les tons verts et bleus, avec une impressionnante imitation de mosa\u00efque. L&rsquo;utilisation de formes g\u00e9om\u00e9triques dans des couleurs telles que le turquoise, l&rsquo;orange et le jaune cr\u00e9e un effet visuel captivant qui ne laissera personne indiff\u00e9rent.<\/p>\n<p>Le design en mosa\u00efque \u00e9voque la riche tradition artistique pr\u00e9sente dans diverses r\u00e9gions d&rsquo;Espagne, o\u00f9 l&rsquo;art de la mosa\u00efque a orn\u00e9 des monuments historiques jusqu&rsquo;aux espaces contemporains. Cette coque ne prot\u00e8ge pas seulement votre appareil des chocs et des chutes, mais apporte \u00e9galement une touche distinctive qui refl\u00e8te une esth\u00e9tique moderne et artistique, id\u00e9ale pour ceux qui cherchent \u00e0 personnaliser leur style.<\/p>\n<p>Chez Ol\u00e9 Mosaic, nous nous sp\u00e9cialisons dans la distribution de souvenirs en gros, et cette coque est une excellente option pour les boutiques de cadeaux touristiques souhaitant proposer des produits uniques. En choisissant cette coque au design de mosa\u00efque, vos clients emporteront un souvenir du patrimoine culturel, devenant ainsi le souvenir parfait pour ceux qui recherchent un \u00e9quilibre entre fonctionnalit\u00e9 et art.<\/p>\n","protected":false},"excerpt":{"rendered":"<p>Coque pour iPhone 13 Pro Max fabriqu\u00e9e en TPU, avec un design abstrait dans les tons verts et bleus. Cette coque se distingue par son imitation d&rsquo;une mosa\u00efque color\u00e9e, avec des formes g\u00e9om\u00e9triques incluant le turquoise, l&rsquo;orange et le jaune, cr\u00e9ant un effet visuel attrayant. Parfaite pour ceux qui recherchent un accessoire moderne et fonctionnel qui prot\u00e8ge leur appareil tout en ajoutant une touche artistique inspir\u00e9e du patrimoine culturel.<\/p>\n","protected":false},"featured_media":12337,"template":"","meta":{"_acf_changed":false},"product_brand":[],"product_cat":[674],"product_tag":[],"class_list":{"0":"post-26990","1":"product","2":"type-product","3":"status-publish","4":"has-post-thumbnail","6":"product_cat-etuis-pour-telephones-portables","7":"pa_motivo-resume","9":"first","10":"instock","11":"shipping-taxable","12":"product-type-simple"},"acf":[],"_links":{"self":[{"href":"https:\/\/olemosaic.com\/fr\/wp-json\/wp\/v2\/product\/26990","targetHints":{"allow":["GET"]}}],"collection":[{"href":"https:\/\/olemosaic.com\/fr\/wp-json\/wp\/v2\/product"}],"about":[{"href":"https:\/\/olemosaic.com\/fr\/wp-json\/wp\/v2\/types\/product"}],"wp:featuredmedia":[{"embeddable":true,"href":"https:\/\/olemosaic.com\/fr\/wp-json\/wp\/v2\/media\/12337"}],"wp:attachment":[{"href":"https:\/\/olemosaic.com\/fr\/wp-json\/wp\/v2\/media?parent=26990"}],"wp:term":[{"taxonomy":"product_brand","embeddable":true,"href":"https:\/\/olemosaic.com\/fr\/wp-json\/wp\/v2\/product_brand?post=26990"},{"taxonomy":"product_cat","embeddable":true,"href":"https:\/\/olemosaic.com\/fr\/wp-json\/wp\/v2\/product_cat?post=26990"},{"taxonomy":"product_tag","embeddable":true,"href":"https:\/\/olemosaic.com\/fr\/wp-json\/wp\/v2\/product_tag?post=26990"}],"curies":[{"name":"wp","href":"https:\/\/api.w.org\/{rel}","templated":true}]}}