{"id":26954,"date":"2025-02-20T23:28:54","date_gmt":"2025-02-20T22:28:54","guid":{"rendered":"http:\/\/olemosaic.com\/producto\/funda-de-telefono-para-iphone-13-pro-tpu-abstracto-azul-2\/"},"modified":"2025-07-25T18:54:05","modified_gmt":"2025-07-25T16:54:05","slug":"coque-de-telephone-pour-iphone-13-pro-tpu-abstrait-barcelone-bleu","status":"publish","type":"product","link":"https:\/\/olemosaic.com\/fr\/produit\/coque-de-telephone-pour-iphone-13-pro-tpu-abstrait-barcelone-bleu\/","title":{"rendered":"Coque de t\u00e9l\u00e9phone pour iPhone 13 Pro (TPU). Abstrait. Barcelone. Bleu"},"content":{"rendered":"<p>Cette coque pour iPhone 13 Pro est une \u0153uvre d&rsquo;art fonctionnelle qui encapsule l&rsquo;essence vibrante de Barcelone. Fabriqu\u00e9e en TPU r\u00e9sistant et flexible, elle ne prot\u00e8ge pas seulement efficacement contre les chocs et les chutes, mais pr\u00e9sente \u00e9galement un design abstrait captivant dans des tons bleu, orange, rose et jaune. Les formes fluides et dynamiques s&rsquo;entrelacent, cr\u00e9ant un effet visuel qui \u00e9voque la cr\u00e9ativit\u00e9 et l&rsquo;esprit innovateur de la cit\u00e9 comtale. Sur la partie avant, le mot \u00ab\u00a0Barcelona\u00a0\u00bb se d\u00e9tache en lettres blanches, ajoutant une touche de sophistication et de style \u00e0 cette pi\u00e8ce.<\/p>\n<p>La connexion culturelle avec Barcelone est \u00e9vidente dans chaque trait du design, qui refl\u00e8te la richesse artistique de la ville, de son architecture moderniste \u00e0 sa vie urbaine vibrante. Cet accessoire est plus qu&rsquo;une simple coque ; c&rsquo;est un souvenir authentique qui permet aux touristes d&#8217;emporter avec eux une partie de la culture barcelonaise. Id\u00e9ale pour ceux qui recherchent un souvenir combinant fonctionnalit\u00e9 et design contemporain, cette coque est une excellente option pour les boutiques de cadeaux touristiques souhaitant proposer des articles uniques et repr\u00e9sentatifs de la personnalit\u00e9 de Barcelone. Chez Ol\u00e9 Mosaic, en tant que grossistes d&rsquo;accessoires uniques, nous garantissons que chaque pi\u00e8ce est une c\u00e9l\u00e9bration de l&rsquo;art et de la culture locale, parfaite pour ceux qui souhaitent porter un morceau d&rsquo;Espagne au quotidien.<\/p>\n","protected":false},"excerpt":{"rendered":"<p>Coque pour iPhone 13 Pro fabriqu\u00e9e en TPU avec un design abstrait et vibrant dans des tons bleus, oranges, roses et jaunes. La coque pr\u00e9sente une illustration moderne de formes fluides et dynamiques, capturant l&rsquo;essence de la cr\u00e9ativit\u00e9 barcelonaise. Avec le mot \u00ab\u00a0Barcelona\u00a0\u00bb en lettres blanches, cet accessoire ne prot\u00e8ge pas seulement votre appareil, mais ajoute \u00e9galement une touche artistique \u00e0 votre style quotidien. Id\u00e9al pour ceux qui recherchent une fusion de fonctionnalit\u00e9 et de design contemporain.<\/p>\n","protected":false},"featured_media":12322,"template":"","meta":{"_acf_changed":false},"product_brand":[],"product_cat":[674],"product_tag":[],"class_list":{"0":"post-26954","1":"product","2":"type-product","3":"status-publish","4":"has-post-thumbnail","6":"product_cat-etuis-pour-telephones-portables","7":"pa_ciudad-barcelona","8":"pa_motivo-resume","9":"pa_pais-espana","11":"first","12":"instock","13":"shipping-taxable","14":"product-type-simple"},"acf":[],"_links":{"self":[{"href":"https:\/\/olemosaic.com\/fr\/wp-json\/wp\/v2\/product\/26954","targetHints":{"allow":["GET"]}}],"collection":[{"href":"https:\/\/olemosaic.com\/fr\/wp-json\/wp\/v2\/product"}],"about":[{"href":"https:\/\/olemosaic.com\/fr\/wp-json\/wp\/v2\/types\/product"}],"wp:featuredmedia":[{"embeddable":true,"href":"https:\/\/olemosaic.com\/fr\/wp-json\/wp\/v2\/media\/12322"}],"wp:attachment":[{"href":"https:\/\/olemosaic.com\/fr\/wp-json\/wp\/v2\/media?parent=26954"}],"wp:term":[{"taxonomy":"product_brand","embeddable":true,"href":"https:\/\/olemosaic.com\/fr\/wp-json\/wp\/v2\/product_brand?post=26954"},{"taxonomy":"product_cat","embeddable":true,"href":"https:\/\/olemosaic.com\/fr\/wp-json\/wp\/v2\/product_cat?post=26954"},{"taxonomy":"product_tag","embeddable":true,"href":"https:\/\/olemosaic.com\/fr\/wp-json\/wp\/v2\/product_tag?post=26954"}],"curies":[{"name":"wp","href":"https:\/\/api.w.org\/{rel}","templated":true}]}}