{"id":26952,"date":"2025-02-20T22:28:54","date_gmt":"2025-02-20T22:28:54","guid":{"rendered":"http:\/\/olemosaic.com\/producto\/funda-de-telefono-para-iphone-13-pro-tpu-abstracto-azul\/"},"modified":"2025-07-25T18:50:39","modified_gmt":"2025-07-25T16:50:39","slug":"coque-de-telephone-pour-iphone-13-pro-tpu-abstrait-bleu","status":"publish","type":"product","link":"https:\/\/olemosaic.com\/fr\/produit\/coque-de-telephone-pour-iphone-13-pro-tpu-abstrait-bleu\/","title":{"rendered":"Coque de t\u00e9l\u00e9phone pour iPhone 13 Pro (TPU). Abstrait. Bleu"},"content":{"rendered":"<p>Cette coque pour iPhone 13 Pro est une expression vibrante de la beaut\u00e9 de Majorque, fusionnant fonctionnalit\u00e9 et art en une seule pi\u00e8ce. Fabriqu\u00e9e en TPU, elle se distingue par son design abstrait qui m\u00e9lange des tons intenses de bleu, rouge, jaune et orange dans une symphonie de formes fluides et dynamiques, \u00e9voquant l&rsquo;esprit \u00e9nergique et color\u00e9 de l&rsquo;\u00eele m\u00e9diterran\u00e9enne. L&rsquo;impression du nom \u00ab\u00a0Mallorca\u00a0\u00bb en lettres stylis\u00e9es ajoute une touche distinctive et contemporaine, renfor\u00e7ant le lien culturel avec cette destination touristique de renomm\u00e9e mondiale.<\/p>\n<p>L&rsquo;utilisation de mat\u00e9riaux de haute qualit\u00e9 garantit la protection de l&rsquo;appareil contre les impacts et les rayures, en faisant un choix parfait pour ceux qui souhaitent prendre soin de leur iPhone avec style. Ce souvenir n&rsquo;est pas seulement un accessoire quotidien, mais aussi un rappel de l&rsquo;essence de Majorque, qui attire des touristes du monde entier. Son design artistique capture l&rsquo;essence de la tradition locale et offre une excellente opportunit\u00e9 de commercialisation pour les boutiques de cadeaux touristiques souhaitant proposer des produits authentiques et repr\u00e9sentatifs.<\/p>\n<p>Chez Ol\u00e9 Mosaic, nous sommes distributeurs de souvenirs de qualit\u00e9, et cette coque de t\u00e9l\u00e9phone n&rsquo;est pas seulement id\u00e9ale pour les touristes, mais aussi un produit de gros attrayant pour les entreprises cherchant \u00e0 diversifier leur offre. Avec cet article, les clients pourront emporter un petit morceau de Majorque partout o\u00f9 ils iront, se souvenant des merveilles de cette charmante \u00eele espagnole.<\/p>\n","protected":false},"excerpt":{"rendered":"<p>Coque pour iPhone 13 Pro fabriqu\u00e9e en TPU, avec un design abstrait vibrant \u00e9voquant la beaut\u00e9 de Majorque. Cette coque se distingue par ses tons bleus, rouges, jaunes et oranges, qui se combinent dans des formes fluides et dynamiques, apportant une touche artistique et moderne. Le texte \u00ab\u00a0Mallorca\u00a0\u00bb est imprim\u00e9 en lettres stylis\u00e9es, ajoutant un \u00e9l\u00e9ment distinctif \u00e0 cette pi\u00e8ce fonctionnelle, id\u00e9ale pour ceux qui cherchent \u00e0 prot\u00e9ger leur appareil avec style.<\/p>\n","protected":false},"featured_media":12936,"template":"","meta":{"_acf_changed":false},"product_brand":[],"product_cat":[674],"product_tag":[],"class_list":{"0":"post-26952","1":"product","2":"type-product","3":"status-publish","4":"has-post-thumbnail","6":"product_cat-etuis-pour-telephones-portables","7":"pa_ciudad-mallorca","8":"pa_motivo-resume","9":"pa_pais-espana","11":"first","12":"instock","13":"shipping-taxable","14":"product-type-simple"},"acf":[],"_links":{"self":[{"href":"https:\/\/olemosaic.com\/fr\/wp-json\/wp\/v2\/product\/26952","targetHints":{"allow":["GET"]}}],"collection":[{"href":"https:\/\/olemosaic.com\/fr\/wp-json\/wp\/v2\/product"}],"about":[{"href":"https:\/\/olemosaic.com\/fr\/wp-json\/wp\/v2\/types\/product"}],"wp:featuredmedia":[{"embeddable":true,"href":"https:\/\/olemosaic.com\/fr\/wp-json\/wp\/v2\/media\/12936"}],"wp:attachment":[{"href":"https:\/\/olemosaic.com\/fr\/wp-json\/wp\/v2\/media?parent=26952"}],"wp:term":[{"taxonomy":"product_brand","embeddable":true,"href":"https:\/\/olemosaic.com\/fr\/wp-json\/wp\/v2\/product_brand?post=26952"},{"taxonomy":"product_cat","embeddable":true,"href":"https:\/\/olemosaic.com\/fr\/wp-json\/wp\/v2\/product_cat?post=26952"},{"taxonomy":"product_tag","embeddable":true,"href":"https:\/\/olemosaic.com\/fr\/wp-json\/wp\/v2\/product_tag?post=26952"}],"curies":[{"name":"wp","href":"https:\/\/api.w.org\/{rel}","templated":true}]}}