{"id":26951,"date":"2025-02-20T22:28:54","date_gmt":"2025-02-20T22:28:54","guid":{"rendered":"http:\/\/olemosaic.com\/producto\/funda-de-telefono-para-iphone-13-pro-tpu-forjas-azul\/"},"modified":"2025-07-25T21:43:32","modified_gmt":"2025-07-25T19:43:32","slug":"coque-de-telephone-pour-iphone-13-pro-tpu-forges-bleu","status":"publish","type":"product","link":"https:\/\/olemosaic.com\/fr\/produit\/coque-de-telephone-pour-iphone-13-pro-tpu-forges-bleu\/","title":{"rendered":"Coque de t\u00e9l\u00e9phone pour iPhone 13 Pro (TPU). Forges. Bleu"},"content":{"rendered":"<p>Cette coque pour iPhone 13 Pro combine parfaitement style et fonctionnalit\u00e9, avec un design \u00e9l\u00e9gant de forge en blanc sur un fond bleu intense. Fabriqu\u00e9e en TPU, un mat\u00e9riau reconnu pour sa r\u00e9sistance et sa flexibilit\u00e9, cette coque offre une protection sup\u00e9rieure pour votre appareil sans renoncer \u00e0 l&rsquo;esth\u00e9tique. Le design complexe de forge \u00e9voque la riche tradition architecturale espagnole, rappelant les d\u00e9corations qui ornent nombre de ses monuments historiques et b\u00e2timents embl\u00e9matiques. Chaque courbe et d\u00e9tail du motif est soigneusement \u00e9labor\u00e9, apportant une touche distinctive et sophistiqu\u00e9e \u00e0 votre smartphone.<\/p>\n<p>Id\u00e9ale pour ceux qui recherchent un accessoire attrayant et pratique, cette coque se distingue non seulement par la protection de l&rsquo;appareil contre les chocs et les rayures, mais aussi par la transformation de n&rsquo;importe quel iPhone 13 Pro en une v\u00e9ritable pi\u00e8ce d&rsquo;art portable. En tant que souvenir repr\u00e9sentatif, elle capture l&rsquo;essence de la culture espagnole et constitue le cadeau parfait pour ceux qui souhaitent conserver un morceau de cet h\u00e9ritage. Chez Ol\u00e9 Mosaic, nous proposons cette coque dans le cadre de notre collection de souvenirs authentiques, une excellente option pour les boutiques de cadeaux touristiques \u00e0 la recherche d&rsquo;articles de qualit\u00e9 et de pertinence culturelle sur le march\u00e9 des accessoires pour mobiles. Elle devient ainsi une option id\u00e9ale pour ceux qui souhaitent emporter avec eux la beaut\u00e9 de l&rsquo;Espagne.<\/p>\n","protected":false},"excerpt":{"rendered":"<p>Coque pour iPhone 13 Pro fabriqu\u00e9e en TPU, avec un design \u00e9l\u00e9gant de forge blanche sur un fond bleu profond. Cet accessoire se distingue par sa r\u00e9sistance et sa flexibilit\u00e9, offrant une protection sup\u00e9rieure pour votre appareil. Le motif complexe de carreaux \u00e9voque la tradition architecturale espagnole, apportant une touche distinctive et sophistiqu\u00e9e \u00e0 votre smartphone. Id\u00e9al pour ceux qui recherchent style et fonctionnalit\u00e9 dans un m\u00eame produit.<\/p>\n","protected":false},"featured_media":12323,"template":"","meta":{"_acf_changed":false},"product_brand":[],"product_cat":[674],"product_tag":[],"class_list":{"0":"post-26951","1":"product","2":"type-product","3":"status-publish","4":"has-post-thumbnail","6":"product_cat-etuis-pour-telephones-portables","7":"pa_motivo-forges","9":"first","10":"instock","11":"shipping-taxable","12":"product-type-simple"},"acf":[],"_links":{"self":[{"href":"https:\/\/olemosaic.com\/fr\/wp-json\/wp\/v2\/product\/26951","targetHints":{"allow":["GET"]}}],"collection":[{"href":"https:\/\/olemosaic.com\/fr\/wp-json\/wp\/v2\/product"}],"about":[{"href":"https:\/\/olemosaic.com\/fr\/wp-json\/wp\/v2\/types\/product"}],"wp:featuredmedia":[{"embeddable":true,"href":"https:\/\/olemosaic.com\/fr\/wp-json\/wp\/v2\/media\/12323"}],"wp:attachment":[{"href":"https:\/\/olemosaic.com\/fr\/wp-json\/wp\/v2\/media?parent=26951"}],"wp:term":[{"taxonomy":"product_brand","embeddable":true,"href":"https:\/\/olemosaic.com\/fr\/wp-json\/wp\/v2\/product_brand?post=26951"},{"taxonomy":"product_cat","embeddable":true,"href":"https:\/\/olemosaic.com\/fr\/wp-json\/wp\/v2\/product_cat?post=26951"},{"taxonomy":"product_tag","embeddable":true,"href":"https:\/\/olemosaic.com\/fr\/wp-json\/wp\/v2\/product_tag?post=26951"}],"curies":[{"name":"wp","href":"https:\/\/api.w.org\/{rel}","templated":true}]}}