{"id":26950,"date":"2025-02-20T22:28:54","date_gmt":"2025-02-20T22:28:54","guid":{"rendered":"http:\/\/olemosaic.com\/producto\/funda-de-telefono-para-iphone-13-pro-tpu-abstracto-verde\/"},"modified":"2025-07-25T20:03:20","modified_gmt":"2025-07-25T18:03:20","slug":"coque-de-telephone-pour-iphone-13-pro-tpu-abstrait-vert","status":"publish","type":"product","link":"https:\/\/olemosaic.com\/fr\/produit\/coque-de-telephone-pour-iphone-13-pro-tpu-abstrait-vert\/","title":{"rendered":"Coque de t\u00e9l\u00e9phone pour iPhone 13 Pro (TPU). Abstrait. Vert"},"content":{"rendered":"<p>Cette coque pour iPhone 13 Pro est un accessoire moderne et vibrant, fabriqu\u00e9 en TPU de haute qualit\u00e9, garantissant protection et style. Son design abstrait, combinant des tons verts avec d&rsquo;autres couleurs vives, \u00e9voque l&rsquo;art moderne, cr\u00e9ant un effet visuel dynamique et attrayant. Les formes ondul\u00e9es pr\u00e9sentent une esth\u00e9tique contemporaine qui non seulement rehausse la beaut\u00e9 de la coque, mais souligne \u00e9galement sa singularit\u00e9 en tant que souvenir repr\u00e9sentatif de l&rsquo;innovation et de la cr\u00e9ativit\u00e9 des designers contemporains en Espagne.<\/p>\n<p>S&rsquo;adaptant parfaitement \u00e0 l&rsquo;iPhone 13 Pro, cette coque offre un ajustement s\u00fbr et \u00e9l\u00e9gant, proposant une surface douce et flexible qui prot\u00e8ge contre les chocs et les chutes. C&rsquo;est sans aucun doute l&rsquo;option id\u00e9ale pour ceux qui recherchent un accessoire pratique sans sacrifier le style, ce qui en fait un excellent choix pour les touristes \u00e0 la recherche de souvenirs refl\u00e9tant la modernit\u00e9 et l&rsquo;art du pays.<\/p>\n<p>Chez Ol\u00e9 Mosaic, nous sommes experts dans la distribution de souvenirs en gros, et cette coque est un exemple parfait de la fusion entre art et fonctionnalit\u00e9. En tant que grossiste d&rsquo;accessoires pour mobiles, nous garantissons des produits authentiques et de haute qualit\u00e9 qui fascineront les visiteurs et constitueront un souvenir durable de leur exp\u00e9rience en Espagne. Cette coque est un excellent compl\u00e9ment pour toute boutique de cadeaux touristiques cherchant \u00e0 proposer des produits uniques et pertinents.<\/p>\n","protected":false},"excerpt":{"rendered":"<p>Coque pour iPhone 13 Pro fabriqu\u00e9e en TPU, avec un design abstrait dans des tons verts et des couleurs vibrantes. Cette coque pr\u00e9sente des formes ondul\u00e9es qui \u00e9voquent l&rsquo;art moderne, cr\u00e9ant un effet visuel dynamique. Id\u00e9ale pour ceux qui cherchent \u00e0 prot\u00e9ger leur appareil sans renoncer au style, sa surface douce et flexible s&rsquo;adapte parfaitement \u00e0 l&rsquo;iPhone, offrant un ajustement s\u00fbr et \u00e9l\u00e9gant. Un accessoire pratique et artistique pour votre quotidien.<\/p>\n","protected":false},"featured_media":12316,"template":"","meta":{"_acf_changed":false},"product_brand":[],"product_cat":[674],"product_tag":[],"class_list":{"0":"post-26950","1":"product","2":"type-product","3":"status-publish","4":"has-post-thumbnail","6":"product_cat-etuis-pour-telephones-portables","7":"pa_motivo-resume","9":"first","10":"instock","11":"shipping-taxable","12":"product-type-simple"},"acf":[],"_links":{"self":[{"href":"https:\/\/olemosaic.com\/fr\/wp-json\/wp\/v2\/product\/26950","targetHints":{"allow":["GET"]}}],"collection":[{"href":"https:\/\/olemosaic.com\/fr\/wp-json\/wp\/v2\/product"}],"about":[{"href":"https:\/\/olemosaic.com\/fr\/wp-json\/wp\/v2\/types\/product"}],"wp:featuredmedia":[{"embeddable":true,"href":"https:\/\/olemosaic.com\/fr\/wp-json\/wp\/v2\/media\/12316"}],"wp:attachment":[{"href":"https:\/\/olemosaic.com\/fr\/wp-json\/wp\/v2\/media?parent=26950"}],"wp:term":[{"taxonomy":"product_brand","embeddable":true,"href":"https:\/\/olemosaic.com\/fr\/wp-json\/wp\/v2\/product_brand?post=26950"},{"taxonomy":"product_cat","embeddable":true,"href":"https:\/\/olemosaic.com\/fr\/wp-json\/wp\/v2\/product_cat?post=26950"},{"taxonomy":"product_tag","embeddable":true,"href":"https:\/\/olemosaic.com\/fr\/wp-json\/wp\/v2\/product_tag?post=26950"}],"curies":[{"name":"wp","href":"https:\/\/api.w.org\/{rel}","templated":true}]}}