{"id":26944,"date":"2025-02-20T22:28:52","date_gmt":"2025-02-20T22:28:52","guid":{"rendered":"http:\/\/olemosaic.com\/producto\/funda-de-telefono-para-iphone-13-pro-tpu-gato-mallorca-negro\/"},"modified":"2025-07-25T20:11:39","modified_gmt":"2025-07-25T18:11:39","slug":"coque-de-telephone-pour-iphone-13-pro-tpu-chat-majorque-noir","status":"publish","type":"product","link":"https:\/\/olemosaic.com\/fr\/produit\/coque-de-telephone-pour-iphone-13-pro-tpu-chat-majorque-noir\/","title":{"rendered":"Coque de t\u00e9l\u00e9phone pour iPhone 13 Pro (TPU). Chat. Majorque. Noir"},"content":{"rendered":"<p>Cette coque pour iPhone 13 Pro est un accessoire indispensable pour les amoureux de Majorque et de la culture m\u00e9diterran\u00e9enne. Fabriqu\u00e9e en TPU de haute qualit\u00e9, elle offre une protection robuste contre les chocs et les chutes, garantissant que votre appareil est toujours en s\u00e9curit\u00e9. Le design vibrant pr\u00e9sente un charmant chat dans des tons color\u00e9s qui capture l&rsquo;esprit artistique de l&rsquo;\u00eele, avec un fond noir qui intensifie la luminosit\u00e9 des formes g\u00e9om\u00e9triques en bleu, vert, jaune et rouge composant la figure f\u00e9line. Accompagn\u00e9 de papillons en plein vol, ce design ajoute une touche de joie et de fra\u00eecheur, transformant l&rsquo;accessoire en une v\u00e9ritable \u0153uvre d&rsquo;art portable.<\/p>\n<p>Le texte \u00ab\u00a0Mallorca\u00a0\u00bb dans une typographie moderne se trouve en bas, ajoutant un d\u00e9tail personnel et authentique qui renforce son lien avec la r\u00e9gion. Cette coque prot\u00e8ge non seulement le mobile, mais repr\u00e9sente \u00e9galement un souvenir significatif de Majorque, capturant l&rsquo;essence de sa beaut\u00e9 naturelle et de sa culture vibrante.<\/p>\n<p>Chez Ol\u00e9 Mosaic, nous nous sp\u00e9cialisons dans la distribution de souvenirs en gros, et cette coque de t\u00e9l\u00e9phone se pr\u00e9sente comme une excellente option pour les boutiques de cadeaux touristiques cherchant \u00e0 proposer des produits uniques et repr\u00e9sentatifs de l&rsquo;\u00eele. Avec cette coque, vos clients n&rsquo;acquerront pas seulement un accessoire fonctionnel, mais aussi un morceau de l&rsquo;h\u00e9ritage culturel de Majorque qu&rsquo;ils pourront emporter partout avec eux.<\/p>\n","protected":false},"excerpt":{"rendered":"<p>Coque pour iPhone 13 Pro fabriqu\u00e9e en TPU, avec un design vibrant de chat aux tons joyeux \u00e9voquant le style artistique de Majorque. Le fond noir rehausse la figure du chat, compos\u00e9e de formes g\u00e9om\u00e9triques en bleu, vert, jaune et rouge, accompagn\u00e9e de papillons qui ajoutent une touche de joie. En bas, le mot \u00ab\u00a0Mallorca\u00a0\u00bb se distingue par une typographie moderne, faisant de cet accessoire une option unique et attrayante pour les amoureux de l&rsquo;\u00eele.<\/p>\n","protected":false},"featured_media":12937,"template":"","meta":{"_acf_changed":false},"product_brand":[],"product_cat":[674],"product_tag":[530],"class_list":{"0":"post-26944","1":"product","2":"type-product","3":"status-publish","4":"has-post-thumbnail","6":"product_cat-etuis-pour-telephones-portables","7":"product_tag-animaux","8":"pa_ciudad-mallorca","9":"pa_motivo-chats","10":"pa_pais-espana","12":"first","13":"instock","14":"shipping-taxable","15":"product-type-simple"},"acf":[],"_links":{"self":[{"href":"https:\/\/olemosaic.com\/fr\/wp-json\/wp\/v2\/product\/26944","targetHints":{"allow":["GET"]}}],"collection":[{"href":"https:\/\/olemosaic.com\/fr\/wp-json\/wp\/v2\/product"}],"about":[{"href":"https:\/\/olemosaic.com\/fr\/wp-json\/wp\/v2\/types\/product"}],"wp:featuredmedia":[{"embeddable":true,"href":"https:\/\/olemosaic.com\/fr\/wp-json\/wp\/v2\/media\/12937"}],"wp:attachment":[{"href":"https:\/\/olemosaic.com\/fr\/wp-json\/wp\/v2\/media?parent=26944"}],"wp:term":[{"taxonomy":"product_brand","embeddable":true,"href":"https:\/\/olemosaic.com\/fr\/wp-json\/wp\/v2\/product_brand?post=26944"},{"taxonomy":"product_cat","embeddable":true,"href":"https:\/\/olemosaic.com\/fr\/wp-json\/wp\/v2\/product_cat?post=26944"},{"taxonomy":"product_tag","embeddable":true,"href":"https:\/\/olemosaic.com\/fr\/wp-json\/wp\/v2\/product_tag?post=26944"}],"curies":[{"name":"wp","href":"https:\/\/api.w.org\/{rel}","templated":true}]}}