{"id":26942,"date":"2025-02-20T22:28:52","date_gmt":"2025-02-20T22:28:52","guid":{"rendered":"http:\/\/olemosaic.com\/producto\/funda-de-telefono-para-iphone-13-tpu-gato-barcelona-blanco\/"},"modified":"2025-07-25T18:41:33","modified_gmt":"2025-07-25T16:41:33","slug":"coque-de-telephone-pour-iphone-13-tpu-chat-barcelone-blanc","status":"publish","type":"product","link":"https:\/\/olemosaic.com\/fr\/produit\/coque-de-telephone-pour-iphone-13-tpu-chat-barcelone-blanc\/","title":{"rendered":"Coque de t\u00e9l\u00e9phone pour iPhone 13 (TPU). Chat. Barcelone. Blanc"},"content":{"rendered":"<p>Cette coque pour iPhone 13 est une pi\u00e8ce unique qui capture l&rsquo;essence vibrante de Barcelone \u00e0 travers un design captivant de chat en style mosa\u00efque. Fabriqu\u00e9e en TPU, cet accessoire prot\u00e8ge non seulement votre appareil de mani\u00e8re efficace, mais constitue \u00e9galement une d\u00e9claration de style. Le fond blanc fait ressortir l&rsquo;impressionnante mosa\u00efque du chat, \u00e9labor\u00e9e avec une explosion de couleurs vives : rouges, jaunes, bleus et verts, cr\u00e9ant une image visuellement stimulante. Artistiquement entour\u00e9 de papillons d\u00e9licats, le design ajoute une touche ludique et fra\u00eeche qui \u00e9voque la joie de vivre dans cette ville embl\u00e9matique.<\/p>\n<p>L&rsquo;esth\u00e9tique de la coque est un hommage au c\u00e9l\u00e8bre style architectural d&rsquo;Antoni Gaud\u00ed, connu pour ses \u0153uvres pleines de couleur et de cr\u00e9ativit\u00e9. En tant que souvenir repr\u00e9sentatif de Barcelone, cette coque capture la magie et l&rsquo;art de l&rsquo;une des villes les plus visit\u00e9es d&rsquo;Europe. Id\u00e9ale pour les touristes \u00e0 la recherche d&rsquo;un souvenir authentique, ce produit est non seulement fonctionnel, mais sert \u00e9galement de rappel attrayant de la riche culture et du patrimoine de la ville.<\/p>\n<p>Chez Ol\u00e9 Mosaic, nous nous sp\u00e9cialisons dans la distribution de souvenirs de haute qualit\u00e9, et cette coque de chat est une excellente option tant pour les amoureux de Barcelone que pour les boutiques de cadeaux touristiques souhaitant diversifier leur offre. Avec elle, les acheteurs trouveront un article alliant utilit\u00e9 et beaut\u00e9, garantissant la satisfaction de leurs clients.<\/p>\n","protected":false},"excerpt":{"rendered":"<p>Coque de t\u00e9l\u00e9phone pour iPhone 13 fabriqu\u00e9e en TPU, d\u00e9cor\u00e9e d&rsquo;un design vibrant de chat sur fond blanc de style mosa\u00efque, \u00e9voquant l&rsquo;essence de Barcelone. Le chat, aux couleurs vives dans les tons rouges, jaunes, bleus et verts, est entour\u00e9 de papillons, ajoutant une touche ludique et fra\u00eeche. L&rsquo;esth\u00e9tique rappelle les \u0153uvres de Gaud\u00ed, ce qui en fait un accessoire parfait pour les amoureux de la ville et de son architecture.<\/p>\n","protected":false},"featured_media":12278,"template":"","meta":{"_acf_changed":false},"product_brand":[],"product_cat":[674],"product_tag":[530],"class_list":{"0":"post-26942","1":"product","2":"type-product","3":"status-publish","4":"has-post-thumbnail","6":"product_cat-etuis-pour-telephones-portables","7":"product_tag-animaux","8":"pa_ciudad-barcelona","9":"pa_motivo-chats","10":"pa_pais-espana","12":"first","13":"instock","14":"shipping-taxable","15":"product-type-simple"},"acf":[],"_links":{"self":[{"href":"https:\/\/olemosaic.com\/fr\/wp-json\/wp\/v2\/product\/26942","targetHints":{"allow":["GET"]}}],"collection":[{"href":"https:\/\/olemosaic.com\/fr\/wp-json\/wp\/v2\/product"}],"about":[{"href":"https:\/\/olemosaic.com\/fr\/wp-json\/wp\/v2\/types\/product"}],"wp:featuredmedia":[{"embeddable":true,"href":"https:\/\/olemosaic.com\/fr\/wp-json\/wp\/v2\/media\/12278"}],"wp:attachment":[{"href":"https:\/\/olemosaic.com\/fr\/wp-json\/wp\/v2\/media?parent=26942"}],"wp:term":[{"taxonomy":"product_brand","embeddable":true,"href":"https:\/\/olemosaic.com\/fr\/wp-json\/wp\/v2\/product_brand?post=26942"},{"taxonomy":"product_cat","embeddable":true,"href":"https:\/\/olemosaic.com\/fr\/wp-json\/wp\/v2\/product_cat?post=26942"},{"taxonomy":"product_tag","embeddable":true,"href":"https:\/\/olemosaic.com\/fr\/wp-json\/wp\/v2\/product_tag?post=26942"}],"curies":[{"name":"wp","href":"https:\/\/api.w.org\/{rel}","templated":true}]}}