{"id":26941,"date":"2025-02-20T22:28:52","date_gmt":"2025-02-20T22:28:52","guid":{"rendered":"http:\/\/olemosaic.com\/producto\/funda-de-telefono-para-iphone-13-tpu-abstracto-negro\/"},"modified":"2025-07-25T19:45:56","modified_gmt":"2025-07-25T17:45:56","slug":"coque-de-telephone-pour-iphone-13-tpu-abstrait-noir","status":"publish","type":"product","link":"https:\/\/olemosaic.com\/fr\/produit\/coque-de-telephone-pour-iphone-13-tpu-abstrait-noir\/","title":{"rendered":"Coque de t\u00e9l\u00e9phone pour iPhone 13 (TPU). Abstrait. Noir"},"content":{"rendered":"<p>Cette coque pour iPhone 13 est une pi\u00e8ce unique qui combine fonctionnalit\u00e9 et design artistique, id\u00e9ale pour ceux qui veulent affirmer leur style personnel. Fabriqu\u00e9e en mat\u00e9riau TPU de haute qualit\u00e9, elle offre une protection robuste et flexible contre les chocs et les chutes, assurant l&rsquo;int\u00e9grit\u00e9 de votre appareil \u00e0 tout moment. Son design abstrait se distingue par une explosion de couleurs vibrantes qui s&rsquo;entrelacent dans un m\u00e9lange \u00e9l\u00e9gant de tons bleus, oranges et roses, cr\u00e9ant un effet visuel impressionnant qui ne laissera personne indiff\u00e9rent. Le fond noir rehausse encore ces teintes, offrant un contraste qui transforme votre iPhone en une \u0153uvre d&rsquo;art portable.<\/p>\n<p>Le style moderne et \u00e9nergique de cette coque n&rsquo;est pas seulement un accessoire de protection, mais aussi le reflet des tendances artistiques contemporaines, ce qui en fait un souvenir parfait pour les touristes souhaitant emporter un morceau de la culture visuelle contemporaine de l&rsquo;Espagne. Avec son authenticit\u00e9 et son attrait visuel, cette coque est une excellente option pour les boutiques de souvenirs touristiques cherchant \u00e0 proposer des produits innovants et repr\u00e9sentatifs. Chez Ol\u00e9 Mosaic, en tant que distributeur d&rsquo;accessoires de qualit\u00e9 en gros, nous garantissons que chaque coque est un exemple du style et de la cr\u00e9ativit\u00e9 que les visiteurs souhaitent ramener de leur exp\u00e9rience.<\/p>\n","protected":false},"excerpt":{"rendered":"<p>Coque pour iPhone 13 fabriqu\u00e9e en TPU, avec un design abstrait montrant une explosion de couleurs vibrantes. La composition combine des tons bleus, oranges et roses qui s&rsquo;entrelacent dans un m\u00e9lange \u00e9l\u00e9gant, cr\u00e9ant un effet saisissant. Cet accessoire prot\u00e8ge non seulement votre appareil, mais apporte \u00e9galement une touche artistique et moderne, id\u00e9ale pour ceux qui cherchent \u00e0 se d\u00e9marquer.<\/p>\n","protected":false},"featured_media":12308,"template":"","meta":{"_acf_changed":false},"product_brand":[],"product_cat":[674],"product_tag":[],"class_list":{"0":"post-26941","1":"product","2":"type-product","3":"status-publish","4":"has-post-thumbnail","6":"product_cat-etuis-pour-telephones-portables","7":"pa_motivo-resume","9":"first","10":"instock","11":"shipping-taxable","12":"product-type-simple"},"acf":[],"_links":{"self":[{"href":"https:\/\/olemosaic.com\/fr\/wp-json\/wp\/v2\/product\/26941","targetHints":{"allow":["GET"]}}],"collection":[{"href":"https:\/\/olemosaic.com\/fr\/wp-json\/wp\/v2\/product"}],"about":[{"href":"https:\/\/olemosaic.com\/fr\/wp-json\/wp\/v2\/types\/product"}],"wp:featuredmedia":[{"embeddable":true,"href":"https:\/\/olemosaic.com\/fr\/wp-json\/wp\/v2\/media\/12308"}],"wp:attachment":[{"href":"https:\/\/olemosaic.com\/fr\/wp-json\/wp\/v2\/media?parent=26941"}],"wp:term":[{"taxonomy":"product_brand","embeddable":true,"href":"https:\/\/olemosaic.com\/fr\/wp-json\/wp\/v2\/product_brand?post=26941"},{"taxonomy":"product_cat","embeddable":true,"href":"https:\/\/olemosaic.com\/fr\/wp-json\/wp\/v2\/product_cat?post=26941"},{"taxonomy":"product_tag","embeddable":true,"href":"https:\/\/olemosaic.com\/fr\/wp-json\/wp\/v2\/product_tag?post=26941"}],"curies":[{"name":"wp","href":"https:\/\/api.w.org\/{rel}","templated":true}]}}