{"id":26934,"date":"2025-02-20T22:28:52","date_gmt":"2025-02-20T22:28:52","guid":{"rendered":"http:\/\/olemosaic.com\/producto\/funda-de-telefono-para-iphone-13-tpu-salamandra-mallorca-blanco\/"},"modified":"2025-07-25T20:07:32","modified_gmt":"2025-07-25T18:07:32","slug":"coque-de-telephone-pour-iphone-13-tpu-salamandre-majorque-blanc","status":"publish","type":"product","link":"https:\/\/olemosaic.com\/fr\/produit\/coque-de-telephone-pour-iphone-13-tpu-salamandre-majorque-blanc\/","title":{"rendered":"Coque de t\u00e9l\u00e9phone pour iPhone 13 (TPU). Salamandre. Majorque. Blanc"},"content":{"rendered":"<p>Cette coque pour iPhone 13 est un chef-d&rsquo;\u0153uvre qui fusionne praticit\u00e9 et art, inspir\u00e9 par la riche culture de Majorque. Fabriqu\u00e9e en TPU durable, elle offre une excellente protection pour votre appareil, l&rsquo;ornant d&rsquo;un design vibrant de salamandres sur un \u00e9l\u00e9gant fond blanc. Les salamandres, d\u00e9cor\u00e9es de tons brillants et floraux, apportent un air frais et joyeux, \u00e9voquant la flore et la faune uniques de l&rsquo;\u00eele. Le fond textur\u00e9, avec un motif de mosa\u00efque rappelant les carrelages color\u00e9s majorquins, ajoute une touche artistique qui c\u00e9l\u00e8bre le patrimoine local.<\/p>\n<p>Le lettrage \u00ab\u00a0Majorque\u00a0\u00bb, dans un style d\u00e9contract\u00e9, souligne la connexion culturelle du produit, en faisant un excellent souvenir pour les touristes qui souhaitent ramener un petit morceau de cette belle \u00eele chez eux. Cette coque ne remplit pas seulement une fonction protectrice, elle agit \u00e9galement comme un rappel visuel des exp\u00e9riences v\u00e9cues dans la Majorque ensoleill\u00e9e. Chez Ol\u00e9 Mosaic, nous proposons ce type de souvenirs authentiques, id\u00e9aux pour les boutiques de cadeaux touristiques \u00e0 la recherche de produits uniques et repr\u00e9sentatifs. En tant que grossistes d&rsquo;accessoires, nous garantissons la qualit\u00e9 et le design de chaque article, faisant de ce produit un choix parfait pour ceux qui recherchent des souvenirs de Majorque.<\/p>\n","protected":false},"excerpt":{"rendered":"<p>Coque pour iPhone 13 fabriqu\u00e9e en TPU, con\u00e7ue avec des motifs de salamandres sur un fond blanc \u00e9voquant l&rsquo;art traditionnel majorquin. Cette coque se distingue par son design color\u00e9, avec des salamandres d\u00e9cor\u00e9es dans des tons vibrants et des fleurs qui apportent une touche de fra\u00eecheur. La texture en mosa\u00efque du fond compl\u00e8te l&rsquo;esth\u00e9tique, tandis que le texte \u00ab\u00a0Majorque\u00a0\u00bb ressort dans un style joyeux. Id\u00e9al pour prot\u00e9ger votre appareil avec style.<\/p>\n","protected":false},"featured_media":12926,"template":"","meta":{"_acf_changed":false},"product_brand":[],"product_cat":[674],"product_tag":[530],"class_list":{"0":"post-26934","1":"product","2":"type-product","3":"status-publish","4":"has-post-thumbnail","6":"product_cat-etuis-pour-telephones-portables","7":"product_tag-animaux","8":"pa_ciudad-mallorca","9":"pa_motivo-salamandres","10":"pa_pais-espana","12":"first","13":"instock","14":"shipping-taxable","15":"product-type-simple"},"acf":[],"_links":{"self":[{"href":"https:\/\/olemosaic.com\/fr\/wp-json\/wp\/v2\/product\/26934","targetHints":{"allow":["GET"]}}],"collection":[{"href":"https:\/\/olemosaic.com\/fr\/wp-json\/wp\/v2\/product"}],"about":[{"href":"https:\/\/olemosaic.com\/fr\/wp-json\/wp\/v2\/types\/product"}],"wp:featuredmedia":[{"embeddable":true,"href":"https:\/\/olemosaic.com\/fr\/wp-json\/wp\/v2\/media\/12926"}],"wp:attachment":[{"href":"https:\/\/olemosaic.com\/fr\/wp-json\/wp\/v2\/media?parent=26934"}],"wp:term":[{"taxonomy":"product_brand","embeddable":true,"href":"https:\/\/olemosaic.com\/fr\/wp-json\/wp\/v2\/product_brand?post=26934"},{"taxonomy":"product_cat","embeddable":true,"href":"https:\/\/olemosaic.com\/fr\/wp-json\/wp\/v2\/product_cat?post=26934"},{"taxonomy":"product_tag","embeddable":true,"href":"https:\/\/olemosaic.com\/fr\/wp-json\/wp\/v2\/product_tag?post=26934"}],"curies":[{"name":"wp","href":"https:\/\/api.w.org\/{rel}","templated":true}]}}