{"id":26932,"date":"2025-02-20T22:28:52","date_gmt":"2025-02-20T22:28:52","guid":{"rendered":"http:\/\/olemosaic.com\/producto\/funda-de-telefono-para-iphone-13-tpu-gato-mallorca-blanco\/"},"modified":"2025-07-25T19:49:59","modified_gmt":"2025-07-25T17:49:59","slug":"coque-de-telephone-pour-iphone-13-tpu-chat-majorque-blanc","status":"publish","type":"product","link":"https:\/\/olemosaic.com\/fr\/produit\/coque-de-telephone-pour-iphone-13-tpu-chat-majorque-blanc\/","title":{"rendered":"Coque de t\u00e9l\u00e9phone pour iPhone 13 (TPU). Chat. Majorque. Blanc"},"content":{"rendered":"<p>Cette coque pour iPhone 13 est un v\u00e9ritable bijou qui rend hommage \u00e0 l&rsquo;art de la mosa\u00efque majorquine. Fabriqu\u00e9e en TPU de haute qualit\u00e9, son design vibrant pr\u00e9sente un chat multicolore qui capture l&rsquo;essence du paysage m\u00e9diterran\u00e9en color\u00e9. Le fond blanc rehausse les tesselles qui composent la figure du chat, tandis que des papillons aux tons brillants voltigent autour, ajoutant une touche de joie et de vie \u00e0 la pi\u00e8ce. Ce souvenir offre non seulement une excellente protection pour votre appareil, mais le transforme \u00e9galement en une expression artistique et culturelle du charme de Majorque.<\/p>\n<p>Le motif du chat, symbole de chance et de protection, s&rsquo;entrelace avec des \u00e9l\u00e9ments de la nature \u00e9voquant la beaut\u00e9 de l&rsquo;\u00eele, faisant de cette coque un souvenir significatif de vos voyages en M\u00e9diterran\u00e9e. Son design unique et color\u00e9 refl\u00e8te la riche tradition artistique de la r\u00e9gion, faisant de cette coque un cadeau id\u00e9al pour les touristes \u00e0 la recherche de souvenirs authentiques et repr\u00e9sentatifs de leur exp\u00e9rience.<\/p>\n<p>Chez Ol\u00e9 Mosaic, nous nous sp\u00e9cialisons dans la distribution de souvenirs en gros, offrant des produits qui se distinguent par leur originalit\u00e9 et leur qualit\u00e9, comme cette coque de t\u00e9l\u00e9phone, parfaite pour les boutiques de cadeaux touristiques souhaitant attirer ceux qui recherchent un petit morceau de Majorque dans leur quotidien. Cet article est une excellente option pour ceux qui appr\u00e9cient l&rsquo;authenticit\u00e9 et le style dans leurs souvenirs.<\/p>\n","protected":false},"excerpt":{"rendered":"<p>Coque pour iPhone 13 en TPU, avec un design vibrant repr\u00e9sentant un chat multicolore inspir\u00e9 de l&rsquo;art de la mosa\u00efque majorquine. Le fond blanc rehausse les pi\u00e8ces color\u00e9es qui forment la figure du chat, entour\u00e9 de papillons aux tons joyeux. Cette coque prot\u00e8ge non seulement votre appareil, mais ajoute \u00e9galement une touche artistique et culturelle, devenant le souvenir parfait de la beaut\u00e9 m\u00e9diterran\u00e9enne.<\/p>\n","protected":false},"featured_media":12927,"template":"","meta":{"_acf_changed":false},"product_brand":[],"product_cat":[674],"product_tag":[530],"class_list":{"0":"post-26932","1":"product","2":"type-product","3":"status-publish","4":"has-post-thumbnail","6":"product_cat-etuis-pour-telephones-portables","7":"product_tag-animaux","8":"pa_ciudad-mallorca","9":"pa_motivo-chats","10":"pa_pais-espana","12":"first","13":"instock","14":"shipping-taxable","15":"product-type-simple"},"acf":[],"_links":{"self":[{"href":"https:\/\/olemosaic.com\/fr\/wp-json\/wp\/v2\/product\/26932","targetHints":{"allow":["GET"]}}],"collection":[{"href":"https:\/\/olemosaic.com\/fr\/wp-json\/wp\/v2\/product"}],"about":[{"href":"https:\/\/olemosaic.com\/fr\/wp-json\/wp\/v2\/types\/product"}],"wp:featuredmedia":[{"embeddable":true,"href":"https:\/\/olemosaic.com\/fr\/wp-json\/wp\/v2\/media\/12927"}],"wp:attachment":[{"href":"https:\/\/olemosaic.com\/fr\/wp-json\/wp\/v2\/media?parent=26932"}],"wp:term":[{"taxonomy":"product_brand","embeddable":true,"href":"https:\/\/olemosaic.com\/fr\/wp-json\/wp\/v2\/product_brand?post=26932"},{"taxonomy":"product_cat","embeddable":true,"href":"https:\/\/olemosaic.com\/fr\/wp-json\/wp\/v2\/product_cat?post=26932"},{"taxonomy":"product_tag","embeddable":true,"href":"https:\/\/olemosaic.com\/fr\/wp-json\/wp\/v2\/product_tag?post=26932"}],"curies":[{"name":"wp","href":"https:\/\/api.w.org\/{rel}","templated":true}]}}