{"id":26930,"date":"2025-02-20T22:28:51","date_gmt":"2025-02-20T22:28:51","guid":{"rendered":"http:\/\/olemosaic.com\/producto\/funda-de-telefono-para-iphone-13-tpu-gato-mallorca-negro\/"},"modified":"2025-07-25T20:01:12","modified_gmt":"2025-07-25T18:01:12","slug":"coque-de-telephone-pour-iphone-13-tpu-chat-majorque-noir","status":"publish","type":"product","link":"https:\/\/olemosaic.com\/fr\/produit\/coque-de-telephone-pour-iphone-13-tpu-chat-majorque-noir\/","title":{"rendered":"Coque de t\u00e9l\u00e9phone pour iPhone 13 (TPU). Chat. Majorque. Noir"},"content":{"rendered":"<p>Cette coque pour iPhone 13 est un souvenir vivant de la beaut\u00e9 de Majorque, fabriqu\u00e9e en TPU pour offrir une protection l\u00e9g\u00e8re et durable. Son design pr\u00e9sente un chat color\u00e9, inspir\u00e9 de la c\u00e9l\u00e8bre tradition de la mosa\u00efque, qui rayonne de joie avec sa palette de tons vifs et satur\u00e9s. Le chat, protagoniste de l&rsquo;illustration, est orn\u00e9 de formes g\u00e9om\u00e9triques qui se combinent harmonieusement, cr\u00e9ant une image qui capture l&rsquo;essence ludique et cr\u00e9ative de l&rsquo;\u00eele. Autour de lui, des papillons multicolores voltigent, \u00e9voquant la biodiversit\u00e9 et la beaut\u00e9 naturelle de Majorque, tandis que le fond noir rehausse avec \u00e9l\u00e9gance les couleurs du design.<\/p>\n<p>Le mot \u00ab\u00a0Majorque\u00a0\u00bb appara\u00eet dans une typographie moderne en bas, ajoutant une touche contemporaine \u00e0 cet accessoire qui non seulement prot\u00e8ge votre appareil, mais sert \u00e9galement de charmant souvenir de l&rsquo;une des destinations touristiques les plus embl\u00e9matiques d&rsquo;Espagne. Ce produit est un excellent choix pour les touristes \u00e0 la recherche de souvenirs uniques et authentiques repr\u00e9sentant la culture et l&rsquo;esprit de Majorque. Chez Ol\u00e9 Mosaic, nous proposons cette coque de t\u00e9l\u00e9phone dans le cadre de notre s\u00e9lection de souvenirs de qualit\u00e9, id\u00e9aux pour les boutiques de cadeaux touristiques \u00e0 la recherche de produits attrayants et repr\u00e9sentatifs. Avec cette coque, les clients pourront emporter un petit morceau de Majorque partout o\u00f9 ils iront, alliant protection et style en un seul article.<\/p>\n","protected":false},"excerpt":{"rendered":"<p>Coque pour iPhone 13 fabriqu\u00e9e en TPU, avec un design vibrant d&rsquo;un chat color\u00e9 \u00e9voquant le charme de Majorque. Le design pr\u00e9sente une mosa\u00efque de tons vifs qui ressort sur un fond noir, parsem\u00e9 de papillons multicolores qui ajoutent une touche joyeuse. Le mot \u00ab\u00a0Majorque\u00a0\u00bb appara\u00eet en bas avec une typographie moderne, cr\u00e9ant un accessoire attrayant et amusant qui prot\u00e8ge votre appareil avec style.<\/p>\n","protected":false},"featured_media":12931,"template":"","meta":{"_acf_changed":false},"product_brand":[],"product_cat":[674],"product_tag":[530],"class_list":{"0":"post-26930","1":"product","2":"type-product","3":"status-publish","4":"has-post-thumbnail","6":"product_cat-etuis-pour-telephones-portables","7":"product_tag-animaux","8":"pa_ciudad-mallorca","9":"pa_motivo-chats","10":"pa_pais-espana","12":"first","13":"instock","14":"shipping-taxable","15":"product-type-simple"},"acf":[],"_links":{"self":[{"href":"https:\/\/olemosaic.com\/fr\/wp-json\/wp\/v2\/product\/26930","targetHints":{"allow":["GET"]}}],"collection":[{"href":"https:\/\/olemosaic.com\/fr\/wp-json\/wp\/v2\/product"}],"about":[{"href":"https:\/\/olemosaic.com\/fr\/wp-json\/wp\/v2\/types\/product"}],"wp:featuredmedia":[{"embeddable":true,"href":"https:\/\/olemosaic.com\/fr\/wp-json\/wp\/v2\/media\/12931"}],"wp:attachment":[{"href":"https:\/\/olemosaic.com\/fr\/wp-json\/wp\/v2\/media?parent=26930"}],"wp:term":[{"taxonomy":"product_brand","embeddable":true,"href":"https:\/\/olemosaic.com\/fr\/wp-json\/wp\/v2\/product_brand?post=26930"},{"taxonomy":"product_cat","embeddable":true,"href":"https:\/\/olemosaic.com\/fr\/wp-json\/wp\/v2\/product_cat?post=26930"},{"taxonomy":"product_tag","embeddable":true,"href":"https:\/\/olemosaic.com\/fr\/wp-json\/wp\/v2\/product_tag?post=26930"}],"curies":[{"name":"wp","href":"https:\/\/api.w.org\/{rel}","templated":true}]}}