{"id":26929,"date":"2025-02-20T22:28:51","date_gmt":"2025-02-20T22:28:51","guid":{"rendered":"http:\/\/olemosaic.com\/producto\/funda-de-telefono-para-iphone-13-tpu-punt-de-trobada-barcelona-blanco\/"},"modified":"2025-07-25T18:54:47","modified_gmt":"2025-07-25T16:54:47","slug":"coque-de-telephone-pour-iphone-13-tpu-punt-de-trobada-barcelone-blanc","status":"publish","type":"product","link":"https:\/\/olemosaic.com\/fr\/produit\/coque-de-telephone-pour-iphone-13-tpu-punt-de-trobada-barcelone-blanc\/","title":{"rendered":"Coque de t\u00e9l\u00e9phone pour iPhone 13 (TPU). Punt de trobada. Barcelone. Blanc"},"content":{"rendered":"<p>Cette coque pour iPhone 13 est un accessoire indispensable qui capture l&rsquo;essence vibrante de Barcelone \u00e0 travers le design iconique de \u00ab Punt de Trobada \u00bb, cr\u00e9\u00e9 par le c\u00e9l\u00e8bre artiste Antoni Gaud\u00ed. Fabriqu\u00e9e en TPU, cette coque ne prot\u00e8ge pas seulement efficacement votre appareil, mais elle le transforme \u00e9galement en une \u0153uvre d&rsquo;art portable. Son design met en avant une mosa\u00efque color\u00e9e remplie de formes g\u00e9om\u00e9triques, o\u00f9 les tons vifs de rouge, bleu, jaune et vert sont habilement r\u00e9partis sur un fond blanc qui rehausse leur luminosit\u00e9. Dans la partie inf\u00e9rieure, le mot \u00ab Barcelona \u00bb s&rsquo;int\u00e8gre avec \u00e9l\u00e9gance, offrant une touche personnelle qui souligne la connexion avec la ville. Ce produit n&rsquo;est pas simplement une coque, mais un hommage \u00e0 la riche culture et \u00e0 la cr\u00e9ativit\u00e9 qui d\u00e9finissent l&rsquo;architecture moderniste de Barcelone. En tant que souvenir authentique, il se positionne comme un excellent cadeau pour les touristes cherchant \u00e0 emporter un petit morceau de cette ville magique. Chez Ol\u00e9 Mosaic, nous nous sp\u00e9cialisons dans la distribution de souvenirs en gros, et cette coque est une option de choix pour les boutiques de cadeaux touristiques souhaitant proposer des produits singuliers et culturellement significatifs. Avec notre s\u00e9lection de coques de t\u00e9l\u00e9phone, vous pourrez offrir \u00e0 vos clients un souvenir pratique et esth\u00e9tiquement captivant de Barcelone.<\/p>\n","protected":false},"excerpt":{"rendered":"<p>Coque pour iPhone 13 fabriqu\u00e9e en TPU, d\u00e9cor\u00e9e du c\u00e9l\u00e8bre design \u00ab Punt de Trobada \u00bb de l&rsquo;artiste Antoni Gaud\u00ed, repr\u00e9sentant une mosa\u00efque vibrante de couleurs. Cet accessoire \u00e9voque l&rsquo;esprit iconique de Barcelone avec ses formes g\u00e9om\u00e9triques et ses touches de rouge, bleu, jaune et vert, sur un fond blanc. Le mot \u00ab Barcelona \u00bb appara\u00eet en bas, ajoutant une touche personnelle \u00e0 ce souvenir pratique.<\/p>\n","protected":false},"featured_media":12280,"template":"","meta":{"_acf_changed":false},"product_brand":[],"product_cat":[674],"product_tag":[],"class_list":{"0":"post-26929","1":"product","2":"type-product","3":"status-publish","4":"has-post-thumbnail","6":"product_cat-etuis-pour-telephones-portables","7":"pa_ciudad-barcelona","8":"pa_motivo-punt-de-trobada","9":"pa_pais-espana","11":"first","12":"instock","13":"shipping-taxable","14":"product-type-simple"},"acf":[],"_links":{"self":[{"href":"https:\/\/olemosaic.com\/fr\/wp-json\/wp\/v2\/product\/26929","targetHints":{"allow":["GET"]}}],"collection":[{"href":"https:\/\/olemosaic.com\/fr\/wp-json\/wp\/v2\/product"}],"about":[{"href":"https:\/\/olemosaic.com\/fr\/wp-json\/wp\/v2\/types\/product"}],"wp:featuredmedia":[{"embeddable":true,"href":"https:\/\/olemosaic.com\/fr\/wp-json\/wp\/v2\/media\/12280"}],"wp:attachment":[{"href":"https:\/\/olemosaic.com\/fr\/wp-json\/wp\/v2\/media?parent=26929"}],"wp:term":[{"taxonomy":"product_brand","embeddable":true,"href":"https:\/\/olemosaic.com\/fr\/wp-json\/wp\/v2\/product_brand?post=26929"},{"taxonomy":"product_cat","embeddable":true,"href":"https:\/\/olemosaic.com\/fr\/wp-json\/wp\/v2\/product_cat?post=26929"},{"taxonomy":"product_tag","embeddable":true,"href":"https:\/\/olemosaic.com\/fr\/wp-json\/wp\/v2\/product_tag?post=26929"}],"curies":[{"name":"wp","href":"https:\/\/api.w.org\/{rel}","templated":true}]}}