{"id":26928,"date":"2025-02-20T22:28:51","date_gmt":"2025-02-20T22:28:51","guid":{"rendered":"http:\/\/olemosaic.com\/producto\/funda-de-telefono-para-iphone-13-tpu-abstracto-azul-2\/"},"modified":"2025-07-25T20:04:05","modified_gmt":"2025-07-25T18:04:05","slug":"coque-de-telephone-pour-iphone-13-tpu-abstrait-bleu-fr","status":"publish","type":"product","link":"https:\/\/olemosaic.com\/fr\/produit\/coque-de-telephone-pour-iphone-13-tpu-abstrait-bleu-fr\/","title":{"rendered":"Coque de t\u00e9l\u00e9phone pour iPhone 13 (TPU). Abstrait. Bleu"},"content":{"rendered":"<p>Cette coque pour iPhone 13 est un accessoire indispensable si vous cherchez \u00e0 combiner protection et style, avec un design qui capture l&rsquo;essence vibrante des c\u00f4tes de Majorque. Fabriqu\u00e9e en TPU de haute qualit\u00e9, elle se distingue par sa durabilit\u00e9 et sa flexibilit\u00e9, assurant que votre appareil soit bien prot\u00e9g\u00e9 contre les chocs et les rayures. Le design abstrait se compose d&rsquo;irr\u00e9sistibles tons bleus, roses et jaunes qui coulent et s&rsquo;entrelacent, cr\u00e9ant un effet visuel dynamique qui attire les regards et refl\u00e8te l&rsquo;\u00e9nergie de l&rsquo;\u00e9t\u00e9 sur l&rsquo;\u00eele.<\/p>\n<p>Le mot \u00ab Mallorca \u00bb est pr\u00e9sent\u00e9 en lettres stylis\u00e9es dans une couleur contrastante, ajoutant une touche distinctive et attrayante qui souligne la connexion avec cette magnifique r\u00e9gion de la M\u00e9diterran\u00e9e. Ce souvenir ne sert pas seulement de protecteur pratique pour votre t\u00e9l\u00e9phone, mais agit \u00e9galement comme un rappel constant des vues impressionnantes et de la culture insulaire. De plus, son design moderne et attrayant en fait un excellent choix pour les touristes qui souhaitent ramener chez eux un morceau de Majorque.<\/p>\n<p>Chez Ol\u00e9 Mosaic, nous proposons une vari\u00e9t\u00e9 de souvenirs authentiques et uniques en gros, y compris cette coque pour iPhone, parfaite pour les boutiques de cadeaux touristiques. Chaque pi\u00e8ce refl\u00e8te la tradition et le charme local, faisant de cet accessoire une option id\u00e9ale pour ceux qui appr\u00e9cient l&rsquo;originalit\u00e9 et l&rsquo;art dans leur collection de souvenirs de Majorque.<\/p>\n","protected":false},"excerpt":{"rendered":"<p>Coque pour iPhone 13 fabriqu\u00e9e en TPU, avec un design abstrait vibrant \u00e9voquant les c\u00f4tes de Majorque. Elle se distingue par ses tons bleus, roses et jaunes, cr\u00e9ant un effet visuel dynamique et moderne. Le mot \u00ab Mallorca \u00bb en lettres stylis\u00e9es ressort dans le design, apportant une touche distinctive et attrayante. Id\u00e9ale pour ceux qui souhaitent prot\u00e9ger leur appareil avec style, cette coque combine art et fonctionnalit\u00e9 en un seul produit.<\/p>\n","protected":false},"featured_media":12930,"template":"","meta":{"_acf_changed":false},"product_brand":[],"product_cat":[674],"product_tag":[],"class_list":{"0":"post-26928","1":"product","2":"type-product","3":"status-publish","4":"has-post-thumbnail","6":"product_cat-etuis-pour-telephones-portables","7":"pa_ciudad-mallorca","8":"pa_motivo-resume","9":"pa_pais-espana","11":"first","12":"instock","13":"shipping-taxable","14":"product-type-simple"},"acf":[],"_links":{"self":[{"href":"https:\/\/olemosaic.com\/fr\/wp-json\/wp\/v2\/product\/26928","targetHints":{"allow":["GET"]}}],"collection":[{"href":"https:\/\/olemosaic.com\/fr\/wp-json\/wp\/v2\/product"}],"about":[{"href":"https:\/\/olemosaic.com\/fr\/wp-json\/wp\/v2\/types\/product"}],"wp:featuredmedia":[{"embeddable":true,"href":"https:\/\/olemosaic.com\/fr\/wp-json\/wp\/v2\/media\/12930"}],"wp:attachment":[{"href":"https:\/\/olemosaic.com\/fr\/wp-json\/wp\/v2\/media?parent=26928"}],"wp:term":[{"taxonomy":"product_brand","embeddable":true,"href":"https:\/\/olemosaic.com\/fr\/wp-json\/wp\/v2\/product_brand?post=26928"},{"taxonomy":"product_cat","embeddable":true,"href":"https:\/\/olemosaic.com\/fr\/wp-json\/wp\/v2\/product_cat?post=26928"},{"taxonomy":"product_tag","embeddable":true,"href":"https:\/\/olemosaic.com\/fr\/wp-json\/wp\/v2\/product_tag?post=26928"}],"curies":[{"name":"wp","href":"https:\/\/api.w.org\/{rel}","templated":true}]}}