{"id":26927,"date":"2025-02-20T22:28:51","date_gmt":"2025-02-20T22:28:51","guid":{"rendered":"http:\/\/olemosaic.com\/producto\/funda-de-telefono-para-iphone-13-tpu-mosaico-blanco\/"},"modified":"2025-07-25T20:30:08","modified_gmt":"2025-07-25T18:30:08","slug":"coque-de-telephone-pour-iphone-13-tpu-mosaique-blanc","status":"publish","type":"product","link":"https:\/\/olemosaic.com\/fr\/produit\/coque-de-telephone-pour-iphone-13-tpu-mosaique-blanc\/","title":{"rendered":"Coque de t\u00e9l\u00e9phone pour iPhone 13 (TPU). Mosa\u00efque. Blanc"},"content":{"rendered":"<p>Cette coque en TPU pour iPhone 13 est un accessoire \u00e9l\u00e9gant et pratique qui fusionne parfaitement design et fonctionnalit\u00e9. Avec une mosa\u00efque vibrante d\u00e9ployant une s\u00e9rie de motifs g\u00e9om\u00e9triques et floraux dans une riche palette de bleus, rouges, oranges et jaunes, cette coque \u00e9voque l&#8217;embl\u00e9matique tradition de la c\u00e9ramique espagnole, c\u00e9l\u00e8bre pour ses couleurs et son artisanat. La surface brillante apporte non seulement un attrait esth\u00e9tique, mais prot\u00e8ge \u00e9galement l&rsquo;appareil contre les chocs et les rayures, garantissant que votre iPhone conserve sa beaut\u00e9 et sa fonctionnalit\u00e9.<\/p>\n<p>Chaque d\u00e9tail de la coque refl\u00e8te la richesse culturelle de l&rsquo;Espagne, en faisant un authentique souvenir qui souligne la vie et l&rsquo;\u00e9nergie de ses villes, parfait pour les touristes cherchant \u00e0 se rem\u00e9morer leur visite de mani\u00e8re distinctive et artistique. Le design en mosa\u00efque n&rsquo;est pas seulement un symbole de la culture espagnole, mais aussi un exemple de la fa\u00e7on dont l&rsquo;art peut s&rsquo;int\u00e9grer dans la vie quotidienne. Chez Ol\u00e9 Mosaic, nous comprenons l&rsquo;importance de proposer des produits qui ne sont pas seulement pratiques, mais qui racontent aussi une histoire. Cette coque est le choix id\u00e9al pour les boutiques de cadeaux touristiques souhaitant offrir \u00e0 leurs clients un souvenir m\u00e9morable de leur voyage en Espagne. En tant que grossistes d&rsquo;accessoires, nous garantissons qualit\u00e9 et authenticit\u00e9 dans chaque pi\u00e8ce.<\/p>\n","protected":false},"excerpt":{"rendered":"<p>Coque de t\u00e9l\u00e9phone pour iPhone 13 en TPU avec un design de mosa\u00efque vibrant. Cet article pr\u00e9sente une s\u00e9rie color\u00e9e de motifs g\u00e9om\u00e9triques et floraux dans les tons bleus, rouges, oranges et jaunes, \u00e9voquant la riche tradition de la c\u00e9ramique espagnole. Sa surface brillante et durable prot\u00e8ge l&rsquo;appareil contre les chocs et les rayures, apportant une touche artistique et culturelle \u00e0 votre t\u00e9l\u00e9phone. Id\u00e9al pour ceux qui cherchent \u00e0 fusionner style et fonctionnalit\u00e9.<\/p>\n","protected":false},"featured_media":13003,"template":"","meta":{"_acf_changed":false},"product_brand":[],"product_cat":[674],"product_tag":[],"class_list":{"0":"post-26927","1":"product","2":"type-product","3":"status-publish","4":"has-post-thumbnail","6":"product_cat-etuis-pour-telephones-portables","7":"pa_motivo-mosaique","9":"first","10":"instock","11":"shipping-taxable","12":"product-type-simple"},"acf":[],"_links":{"self":[{"href":"https:\/\/olemosaic.com\/fr\/wp-json\/wp\/v2\/product\/26927","targetHints":{"allow":["GET"]}}],"collection":[{"href":"https:\/\/olemosaic.com\/fr\/wp-json\/wp\/v2\/product"}],"about":[{"href":"https:\/\/olemosaic.com\/fr\/wp-json\/wp\/v2\/types\/product"}],"wp:featuredmedia":[{"embeddable":true,"href":"https:\/\/olemosaic.com\/fr\/wp-json\/wp\/v2\/media\/13003"}],"wp:attachment":[{"href":"https:\/\/olemosaic.com\/fr\/wp-json\/wp\/v2\/media?parent=26927"}],"wp:term":[{"taxonomy":"product_brand","embeddable":true,"href":"https:\/\/olemosaic.com\/fr\/wp-json\/wp\/v2\/product_brand?post=26927"},{"taxonomy":"product_cat","embeddable":true,"href":"https:\/\/olemosaic.com\/fr\/wp-json\/wp\/v2\/product_cat?post=26927"},{"taxonomy":"product_tag","embeddable":true,"href":"https:\/\/olemosaic.com\/fr\/wp-json\/wp\/v2\/product_tag?post=26927"}],"curies":[{"name":"wp","href":"https:\/\/api.w.org\/{rel}","templated":true}]}}