{"id":26926,"date":"2025-02-20T22:28:51","date_gmt":"2025-02-20T22:28:51","guid":{"rendered":"http:\/\/olemosaic.com\/producto\/funda-de-telefono-para-iphone-12-tpu-mosaico-azul\/"},"modified":"2025-07-25T19:54:59","modified_gmt":"2025-07-25T17:54:59","slug":"coque-de-telephone-pour-iphone-12-tpu-mosaique-bleu","status":"publish","type":"product","link":"https:\/\/olemosaic.com\/fr\/produit\/coque-de-telephone-pour-iphone-12-tpu-mosaique-bleu\/","title":{"rendered":"Coque de t\u00e9l\u00e9phone pour iPhone 12 (TPU). Mosa\u00efque. Bleu"},"content":{"rendered":"<p>Cette coque pour iPhone 12, fabriqu\u00e9e en TPU, se distingue par son design attrayant de mosa\u00efque dans les tons bleus, \u00e9voquant la riche tradition architecturale espagnole. Son motif unique pr\u00e9sente des formes irr\u00e9guli\u00e8res et des traits blancs qui simulent la complexit\u00e9 des azulejos typiques de la culture m\u00e9diterran\u00e9enne. La base bleu fonc\u00e9 cr\u00e9e un contraste saisissant avec les d\u00e9licats d\u00e9tails blancs, transformant cette coque en une pi\u00e8ce \u00e0 la fois fonctionnelle et artistique.<\/p>\n<p>L\u00e9g\u00e8re et flexible, cette coque prot\u00e8ge non seulement efficacement contre les chocs et les rayures, mais ajoute \u00e9galement une touche distinctive \u00e0 l&rsquo;esth\u00e9tique quotidienne de tout amateur de d\u00e9coration m\u00e9diterran\u00e9enne. Elle est parfaite pour ceux qui recherchent un souvenir repr\u00e9sentant l&rsquo;essence de l&rsquo;art espagnol, tout en r\u00e9pondant au besoin de s\u00e9curiser leur appareil.<\/p>\n<p>La connexion culturelle de cette coque avec la tradition de la mosa\u00efque est ind\u00e9niable, car ces designs color\u00e9s sont embl\u00e9matiques de nombreuses villes espagnoles, o\u00f9 les mosa\u00efques ornent les places, les murs et les b\u00e2timents historiques. Chez Ol\u00e9 Mosaic, nous sommes fiers de proposer des souvenirs authentiques qui capturent l&rsquo;essence de la culture hispanique. Cette coque de t\u00e9l\u00e9phone est une excellente option pour les touristes et les boutiques de cadeaux touristiques \u00e0 la recherche de produits distinctifs et de qualit\u00e9. En tant que grossistes d&rsquo;accessoires mobiles, nous garantissons que chaque pi\u00e8ce se distingue par son design et sa pertinence culturelle.<\/p>\n","protected":false},"excerpt":{"rendered":"<p>Coque pour iPhone 12 en TPU avec un design de mosa\u00efque dans les tons bleus. Ce produit se distingue par son motif distinctif \u00e9voquant l&rsquo;architecture traditionnelle espagnole, avec ses formes irr\u00e9guli\u00e8res et ses traits blancs sur un fond bleu intense. L\u00e9g\u00e8re et flexible, cette coque prot\u00e8ge non seulement votre appareil, mais ajoute \u00e9galement une touche artistique et culturelle \u00e0 votre style quotidien. Id\u00e9ale pour les amoureux de l&rsquo;esth\u00e9tique m\u00e9diterran\u00e9enne.<\/p>\n","protected":false},"featured_media":12230,"template":"","meta":{"_acf_changed":false},"product_brand":[],"product_cat":[674],"product_tag":[],"class_list":{"0":"post-26926","1":"product","2":"type-product","3":"status-publish","4":"has-post-thumbnail","6":"product_cat-etuis-pour-telephones-portables","7":"pa_motivo-mosaique","9":"first","10":"instock","11":"shipping-taxable","12":"product-type-simple"},"acf":[],"_links":{"self":[{"href":"https:\/\/olemosaic.com\/fr\/wp-json\/wp\/v2\/product\/26926","targetHints":{"allow":["GET"]}}],"collection":[{"href":"https:\/\/olemosaic.com\/fr\/wp-json\/wp\/v2\/product"}],"about":[{"href":"https:\/\/olemosaic.com\/fr\/wp-json\/wp\/v2\/types\/product"}],"wp:featuredmedia":[{"embeddable":true,"href":"https:\/\/olemosaic.com\/fr\/wp-json\/wp\/v2\/media\/12230"}],"wp:attachment":[{"href":"https:\/\/olemosaic.com\/fr\/wp-json\/wp\/v2\/media?parent=26926"}],"wp:term":[{"taxonomy":"product_brand","embeddable":true,"href":"https:\/\/olemosaic.com\/fr\/wp-json\/wp\/v2\/product_brand?post=26926"},{"taxonomy":"product_cat","embeddable":true,"href":"https:\/\/olemosaic.com\/fr\/wp-json\/wp\/v2\/product_cat?post=26926"},{"taxonomy":"product_tag","embeddable":true,"href":"https:\/\/olemosaic.com\/fr\/wp-json\/wp\/v2\/product_tag?post=26926"}],"curies":[{"name":"wp","href":"https:\/\/api.w.org\/{rel}","templated":true}]}}