{"id":26904,"date":"2025-02-20T23:28:50","date_gmt":"2025-02-20T22:28:50","guid":{"rendered":"http:\/\/olemosaic.com\/producto\/funda-de-telefono-para-iphone-12-pro-tpu-abstracto-azul-2\/"},"modified":"2025-07-25T18:56:04","modified_gmt":"2025-07-25T16:56:04","slug":"coque-de-telephone-pour-iphone-12-pro-tpu-abstrait-bleu-2","status":"publish","type":"product","link":"https:\/\/olemosaic.com\/fr\/produit\/coque-de-telephone-pour-iphone-12-pro-tpu-abstrait-bleu-2\/","title":{"rendered":"Coque de t\u00e9l\u00e9phone pour iPhone 12 Pro (TPU). Abstrait. Barcelone. Bleu"},"content":{"rendered":"<p>Cette coque pour iPhone 12 Pro, fabriqu\u00e9e en TPU, est un accessoire indispensable pour ceux qui recherchent une touche vibrante et moderne pour leur appareil. Avec un design abstrait combinant des tons bleus, roses et jaunes, elle repr\u00e9sente le dynamisme et la cr\u00e9ativit\u00e9 de Barcelone. Le mot \u00ab\u00a0Barcelona\u00a0\u00bb se distingue par des lettres contemporaines, s&rsquo;int\u00e9grant parfaitement dans un fond artistique qui \u00e9voque l&rsquo;\u00e9nergie de la ville et sa riche culture. La texture douce et flexible du mat\u00e9riau prot\u00e8ge non seulement contre les chocs et les rayures, mais offre \u00e9galement une prise en main confortable. Id\u00e9ale pour les amateurs d&rsquo;art et de modernit\u00e9, cette coque assure non seulement la s\u00e9curit\u00e9 du t\u00e9l\u00e9phone, mais devient \u00e9galement une d\u00e9claration de style. Ce produit est un excellent choix pour les touristes \u00e0 la recherche de souvenirs authentiques et fonctionnels qui encapsulent l&rsquo;essence de leurs voyages. Chez Ol\u00e9 Mosaic, nous distribuons des accessoires uniques et repr\u00e9sentatifs, offrant des produits qui c\u00e9l\u00e8brent la culture locale. La coque est un cadeau parfait pour ceux qui souhaitent emporter avec eux un petit morceau de Barcelone, devenant un souvenir tangible d&rsquo;une exp\u00e9rience inoubliable.<\/p>\n","protected":false},"excerpt":{"rendered":"<p>Coque pour iPhone 12 Pro fabriqu\u00e9e en TPU, avec un design abstrait vibrant dans des tons bleus, roses et jaunes. Cet accessoire arbore le mot \u00ab\u00a0Barcelona\u00a0\u00bb en lettres modernes sur un fond de flux artistique color\u00e9 \u00e9voquant le dynamisme de la ville. La texture douce et la flexibilit\u00e9 du mat\u00e9riau garantissent une protection optimale, tandis que son style distinctif fera ressortir votre t\u00e9l\u00e9phone avec une touche moderne et color\u00e9e.<\/p>\n","protected":false},"featured_media":12248,"template":"","meta":{"_acf_changed":false},"product_brand":[],"product_cat":[674],"product_tag":[],"class_list":{"0":"post-26904","1":"product","2":"type-product","3":"status-publish","4":"has-post-thumbnail","6":"product_cat-etuis-pour-telephones-portables","7":"pa_ciudad-barcelona","8":"pa_motivo-resume","9":"pa_pais-espana","11":"first","12":"instock","13":"shipping-taxable","14":"product-type-simple"},"acf":[],"_links":{"self":[{"href":"https:\/\/olemosaic.com\/fr\/wp-json\/wp\/v2\/product\/26904","targetHints":{"allow":["GET"]}}],"collection":[{"href":"https:\/\/olemosaic.com\/fr\/wp-json\/wp\/v2\/product"}],"about":[{"href":"https:\/\/olemosaic.com\/fr\/wp-json\/wp\/v2\/types\/product"}],"wp:featuredmedia":[{"embeddable":true,"href":"https:\/\/olemosaic.com\/fr\/wp-json\/wp\/v2\/media\/12248"}],"wp:attachment":[{"href":"https:\/\/olemosaic.com\/fr\/wp-json\/wp\/v2\/media?parent=26904"}],"wp:term":[{"taxonomy":"product_brand","embeddable":true,"href":"https:\/\/olemosaic.com\/fr\/wp-json\/wp\/v2\/product_brand?post=26904"},{"taxonomy":"product_cat","embeddable":true,"href":"https:\/\/olemosaic.com\/fr\/wp-json\/wp\/v2\/product_cat?post=26904"},{"taxonomy":"product_tag","embeddable":true,"href":"https:\/\/olemosaic.com\/fr\/wp-json\/wp\/v2\/product_tag?post=26904"}],"curies":[{"name":"wp","href":"https:\/\/api.w.org\/{rel}","templated":true}]}}