{"id":26903,"date":"2025-02-20T22:28:50","date_gmt":"2025-02-20T22:28:50","guid":{"rendered":"http:\/\/olemosaic.com\/producto\/funda-de-telefono-para-iphone-12-promax-tpu-salamandra-negro\/"},"modified":"2025-07-25T18:50:59","modified_gmt":"2025-07-25T16:50:59","slug":"coque-de-telephone-pour-iphone-12-promax-tpu-salamandre-noir","status":"publish","type":"product","link":"https:\/\/olemosaic.com\/fr\/produit\/coque-de-telephone-pour-iphone-12-promax-tpu-salamandre-noir\/","title":{"rendered":"Coque de t\u00e9l\u00e9phone pour iPhone 12 Pro Max (TPU). Salamandre. Noir"},"content":{"rendered":"<p>Cette coque pour iPhone 12 Pro Max est une v\u00e9ritable \u0153uvre d&rsquo;art inspir\u00e9e par la faune m\u00e9diterran\u00e9enne color\u00e9e. Fabriqu\u00e9e en TPU, un mat\u00e9riau flexible et r\u00e9sistant qui prot\u00e8ge votre appareil, cette coque se distingue par son design vibrant, avec diverses salamandres dans une large gamme de couleurs, chacune orn\u00e9e de motifs uniques \u00e9voquant le riche h\u00e9ritage du folklore. La base noire offre un contraste parfait, rehaussant la vivacit\u00e9 des salamandres et des fleurs \u00e9clatantes qui les accompagnent, ce qui lui donne une touche joyeuse et distinctive qui attirera l&rsquo;attention.<\/p>\n<p>Cet accessoire ne prot\u00e8ge pas seulement votre t\u00e9l\u00e9phone des chocs et des rayures, mais c\u00e9l\u00e8bre \u00e9galement la diversit\u00e9 de la faune espagnole, devenant un souvenir repr\u00e9sentatif qui \u00e9voque les paysages et la biodiversit\u00e9 du sud. La salamandre, symbole de renouveau et de transformation, refl\u00e8te le lien de cette pi\u00e8ce avec la nature et en fait un souvenir id\u00e9al pour ceux qui souhaitent emporter un petit morceau de culture chez eux.<\/p>\n<p>Chez Ol\u00e9 Mosaic, nous nous sp\u00e9cialisons dans la distribution de souvenirs authentiques, et cette coque salamandre est une excellente option pour les boutiques de cadeaux touristiques cherchant \u00e0 offrir \u00e0 leurs clients quelque chose d&rsquo;unique. Ce produit combine fonctionnalit\u00e9 et design culturellement significatif, ce qui en fait un souvenir de qualit\u00e9.<\/p>\n","protected":false},"excerpt":{"rendered":"<p>Coque pour iPhone 12 Pro Max fabriqu\u00e9e en TPU, d\u00e9cor\u00e9e de salamandres color\u00e9es sur un fond noir. Ce design vibrant pr\u00e9sente des salamandres de diff\u00e9rentes couleurs et motifs, accompagn\u00e9es de fleurs \u00e9clatantes qui ajoutent une touche joyeuse et distinctive. La coque ne prot\u00e8ge pas seulement votre appareil, mais refl\u00e8te \u00e9galement la riche faune et le folklore culturel, faisant de cet accessoire une pi\u00e8ce unique et attrayante pour les amoureux de la nature.<\/p>\n","protected":false},"featured_media":13002,"template":"","meta":{"_acf_changed":false},"product_brand":[],"product_cat":[674],"product_tag":[530],"class_list":{"0":"post-26903","1":"product","2":"type-product","3":"status-publish","4":"has-post-thumbnail","6":"product_cat-etuis-pour-telephones-portables","7":"product_tag-animaux","8":"pa_motivo-salamandres","10":"first","11":"instock","12":"shipping-taxable","13":"product-type-simple"},"acf":[],"_links":{"self":[{"href":"https:\/\/olemosaic.com\/fr\/wp-json\/wp\/v2\/product\/26903","targetHints":{"allow":["GET"]}}],"collection":[{"href":"https:\/\/olemosaic.com\/fr\/wp-json\/wp\/v2\/product"}],"about":[{"href":"https:\/\/olemosaic.com\/fr\/wp-json\/wp\/v2\/types\/product"}],"wp:featuredmedia":[{"embeddable":true,"href":"https:\/\/olemosaic.com\/fr\/wp-json\/wp\/v2\/media\/13002"}],"wp:attachment":[{"href":"https:\/\/olemosaic.com\/fr\/wp-json\/wp\/v2\/media?parent=26903"}],"wp:term":[{"taxonomy":"product_brand","embeddable":true,"href":"https:\/\/olemosaic.com\/fr\/wp-json\/wp\/v2\/product_brand?post=26903"},{"taxonomy":"product_cat","embeddable":true,"href":"https:\/\/olemosaic.com\/fr\/wp-json\/wp\/v2\/product_cat?post=26903"},{"taxonomy":"product_tag","embeddable":true,"href":"https:\/\/olemosaic.com\/fr\/wp-json\/wp\/v2\/product_tag?post=26903"}],"curies":[{"name":"wp","href":"https:\/\/api.w.org\/{rel}","templated":true}]}}