{"id":26901,"date":"2025-02-20T22:28:50","date_gmt":"2025-02-20T22:28:50","guid":{"rendered":"http:\/\/olemosaic.com\/producto\/funda-de-telefono-para-iphone-12-promax-tpu-salamandra-barcelona-blanco\/"},"modified":"2025-07-25T19:13:25","modified_gmt":"2025-07-25T17:13:25","slug":"coque-de-telephone-pour-iphone-12-promax-tpu-salamandre-barcelone-blanc","status":"publish","type":"product","link":"https:\/\/olemosaic.com\/fr\/produit\/coque-de-telephone-pour-iphone-12-promax-tpu-salamandre-barcelone-blanc\/","title":{"rendered":"Coque de t\u00e9l\u00e9phone pour iPhone 12 Pro Max (TPU). Salamandre. Barcelone. Blanc"},"content":{"rendered":"<p>Cette coque pour iPhone 12 Pro Max, inspir\u00e9e par la culture vibrante de Barcelone, pr\u00e9sente un design unique avec des salamandres et des fleurs. Fabriqu\u00e9e en TPU, elle prot\u00e8ge votre appareil tout en affichant un art captivant qui \u00e9voque la c\u00e9l\u00e8bre mosa\u00efque de la ville. La base blanche met en valeur une illustration color\u00e9e dans des tons bleus, rouges et verts, entrem\u00ealant des salamandres en mouvement avec des fleurs d\u00e9licates, cr\u00e9ant un spectacle visuel qui refl\u00e8te la cr\u00e9ativit\u00e9 et le charme de l&rsquo;architecture moderniste de Barcelone.<\/p>\n<p>Le texte \u00ab\u00a0Barcelona\u00a0\u00bb appara\u00eet dans des tons brillants, compl\u00e9tant l&rsquo;illustration de mani\u00e8re \u00e9l\u00e9gante et contemporaine. Ce design, moderne et attrayant, sert \u00e9galement de souvenir symbolique du riche h\u00e9ritage culturel de la ville, c\u00e9l\u00e8bre pour son art et son histoire. C&rsquo;est un excellent choix pour les touristes \u00e0 la recherche de souvenirs repr\u00e9sentatifs et authentiques de leur exp\u00e9rience \u00e0 Barcelone, ainsi qu&rsquo;un cadeau parfait pour ceux qui souhaitent emporter un morceau de la ville avec eux.<\/p>\n<p>Chez Ol\u00e9 Mosaic, nous distribuons des souvenirs de haute qualit\u00e9 en gros, et cette coque ne fait pas exception. Parfaite pour les boutiques de cadeaux touristiques, elle se distingue par son design exclusif et son lien culturel fort avec Barcelone, ce qui en fait un incontournable pour tout amoureux de la ville et de ses traditions.<\/p>\n","protected":false},"excerpt":{"rendered":"<p>Coque de t\u00e9l\u00e9phone pour iPhone 12 Pro Max fabriqu\u00e9e en TPU avec un design vibrant de salamandres et de fleurs, inspir\u00e9 par l&rsquo;art de la mosa\u00efque de Barcelone. Cette coque blanche pr\u00e9sente une illustration color\u00e9e avec des d\u00e9tails en bleu, rouge et vert, \u00e9voquant l&rsquo;essence de la ville. Le texte \u00ab\u00a0Barcelona\u00a0\u00bb dans des tons brillants compl\u00e8te le design, offrant une esth\u00e9tique unique et moderne qui met en valeur la cr\u00e9ativit\u00e9 du patrimoine culturel de la r\u00e9gion.<\/p>\n","protected":false},"featured_media":12257,"template":"","meta":{"_acf_changed":false},"product_brand":[],"product_cat":[674],"product_tag":[530],"class_list":{"0":"post-26901","1":"product","2":"type-product","3":"status-publish","4":"has-post-thumbnail","6":"product_cat-etuis-pour-telephones-portables","7":"product_tag-animaux","8":"pa_ciudad-barcelona","9":"pa_motivo-salamandres","10":"pa_pais-espana","12":"first","13":"instock","14":"shipping-taxable","15":"product-type-simple"},"acf":[],"_links":{"self":[{"href":"https:\/\/olemosaic.com\/fr\/wp-json\/wp\/v2\/product\/26901","targetHints":{"allow":["GET"]}}],"collection":[{"href":"https:\/\/olemosaic.com\/fr\/wp-json\/wp\/v2\/product"}],"about":[{"href":"https:\/\/olemosaic.com\/fr\/wp-json\/wp\/v2\/types\/product"}],"wp:featuredmedia":[{"embeddable":true,"href":"https:\/\/olemosaic.com\/fr\/wp-json\/wp\/v2\/media\/12257"}],"wp:attachment":[{"href":"https:\/\/olemosaic.com\/fr\/wp-json\/wp\/v2\/media?parent=26901"}],"wp:term":[{"taxonomy":"product_brand","embeddable":true,"href":"https:\/\/olemosaic.com\/fr\/wp-json\/wp\/v2\/product_brand?post=26901"},{"taxonomy":"product_cat","embeddable":true,"href":"https:\/\/olemosaic.com\/fr\/wp-json\/wp\/v2\/product_cat?post=26901"},{"taxonomy":"product_tag","embeddable":true,"href":"https:\/\/olemosaic.com\/fr\/wp-json\/wp\/v2\/product_tag?post=26901"}],"curies":[{"name":"wp","href":"https:\/\/api.w.org\/{rel}","templated":true}]}}