{"id":26884,"date":"2025-02-20T22:28:50","date_gmt":"2025-02-20T22:28:50","guid":{"rendered":"http:\/\/olemosaic.com\/producto\/funda-de-telefono-para-iphone-12-promax-tpu-mosaico-azul\/"},"modified":"2025-07-25T19:49:34","modified_gmt":"2025-07-25T17:49:34","slug":"coque-de-telephone-pour-iphone-12-pro-max-tpu-mosaique-bleu","status":"publish","type":"product","link":"https:\/\/olemosaic.com\/fr\/produit\/coque-de-telephone-pour-iphone-12-pro-max-tpu-mosaique-bleu\/","title":{"rendered":"Coque de t\u00e9l\u00e9phone pour iPhone 12 Pro Max (TPU). Mosa\u00efque. Bleu"},"content":{"rendered":"<p>Cette coque pour iPhone 12 Pro Max est une combinaison parfaite de style et de fonctionnalit\u00e9, fabriqu\u00e9e en TPU pour prot\u00e9ger votre appareil de mani\u00e8re optimale. Son design frappant pr\u00e9sente une mosa\u00efque attrayante dans les tons bleus et blancs, qui capture l&rsquo;essence de la tradition d\u00e9corative espagnole. Ce motif g\u00e9om\u00e9trique rappelle les mosa\u00efques qui ornent les places embl\u00e9matiques et les b\u00e2timents historiques, \u00e9voquant le riche h\u00e9ritage artistique de l&rsquo;Espagne.<\/p>\n<p>Visuellement, la coque resplendit avec un entrelacement de lignes blanches sur un fond bleu profond, imitant la beaut\u00e9 des azulejos traditionnels qui embellissent des villes comme S\u00e9ville ou Grenade. Chaque d\u00e9tail du design a \u00e9t\u00e9 m\u00e9ticuleusement cr\u00e9\u00e9 pour offrir un aspect contemporain, transformant cet accessoire non seulement en protecteur, mais aussi en une pi\u00e8ce culturelle qui ajoute du caract\u00e8re \u00e0 votre t\u00e9l\u00e9phone.<\/p>\n<p>En choisissant cette coque, vous n&rsquo;optez pas seulement pour un produit de qualit\u00e9, mais vous emportez \u00e9galement avec vous un morceau du riche h\u00e9ritage espagnol. Chez Ol\u00e9 Mosaic, en tant que distributeurs d&rsquo;articles authentiques, nous proposons des souvenirs qui repr\u00e9sentent v\u00e9ritablement la culture et l&rsquo;histoire de l&rsquo;Espagne. Cette coque en mosa\u00efque est, sans aucun doute, une excellente option pour les touristes \u00e0 la recherche d&rsquo;articles uniques et ayant une signification culturelle, soulignant son authenticit\u00e9 en tant que souvenir repr\u00e9sentatif.<\/p>\n","protected":false},"excerpt":{"rendered":"<p>Coque pour iPhone 12 Pro Max fabriqu\u00e9e en TPU, d\u00e9cor\u00e9e d&rsquo;un design attrayant de mosa\u00efques dans les tons bleus et blancs. Cette coque prot\u00e8ge votre appareil tout en apportant une touche distinctive, inspir\u00e9e de la tradition d\u00e9corative espagnole. Son motif g\u00e9om\u00e9trique imite les mosa\u00efques embl\u00e9matiques qui ornent les places et les b\u00e2timents, alliant fonctionnalit\u00e9 et style. Id\u00e9ale pour ceux qui recherchent un accessoire moderne avec une signification culturelle.<\/p>\n","protected":false},"featured_media":12271,"template":"","meta":{"_acf_changed":false},"product_brand":[],"product_cat":[674],"product_tag":[],"class_list":{"0":"post-26884","1":"product","2":"type-product","3":"status-publish","4":"has-post-thumbnail","6":"product_cat-etuis-pour-telephones-portables","7":"pa_motivo-mosaique","9":"first","10":"instock","11":"shipping-taxable","12":"product-type-simple"},"acf":[],"_links":{"self":[{"href":"https:\/\/olemosaic.com\/fr\/wp-json\/wp\/v2\/product\/26884","targetHints":{"allow":["GET"]}}],"collection":[{"href":"https:\/\/olemosaic.com\/fr\/wp-json\/wp\/v2\/product"}],"about":[{"href":"https:\/\/olemosaic.com\/fr\/wp-json\/wp\/v2\/types\/product"}],"wp:featuredmedia":[{"embeddable":true,"href":"https:\/\/olemosaic.com\/fr\/wp-json\/wp\/v2\/media\/12271"}],"wp:attachment":[{"href":"https:\/\/olemosaic.com\/fr\/wp-json\/wp\/v2\/media?parent=26884"}],"wp:term":[{"taxonomy":"product_brand","embeddable":true,"href":"https:\/\/olemosaic.com\/fr\/wp-json\/wp\/v2\/product_brand?post=26884"},{"taxonomy":"product_cat","embeddable":true,"href":"https:\/\/olemosaic.com\/fr\/wp-json\/wp\/v2\/product_cat?post=26884"},{"taxonomy":"product_tag","embeddable":true,"href":"https:\/\/olemosaic.com\/fr\/wp-json\/wp\/v2\/product_tag?post=26884"}],"curies":[{"name":"wp","href":"https:\/\/api.w.org\/{rel}","templated":true}]}}