{"id":26883,"date":"2025-02-20T22:28:50","date_gmt":"2025-02-20T22:28:50","guid":{"rendered":"http:\/\/olemosaic.com\/producto\/funda-de-telefono-para-iphone-12-promax-tpu-gato-mallorca-negro\/"},"modified":"2025-07-25T19:18:49","modified_gmt":"2025-07-25T17:18:49","slug":"coque-de-telephone-pour-iphone-12-pro-max-tpu-chat-majorque-noir","status":"publish","type":"product","link":"https:\/\/olemosaic.com\/fr\/produit\/coque-de-telephone-pour-iphone-12-pro-max-tpu-chat-majorque-noir\/","title":{"rendered":"Coque de t\u00e9l\u00e9phone pour iPhone 12 Pro Max (TPU). Chat. Majorque. Noir"},"content":{"rendered":"<p>Cette coque pour iPhone 12 Pro Max est un accessoire vibrant et unique qui capture l&rsquo;essence de Majorque. Fabriqu\u00e9e en TPU de haute qualit\u00e9, elle offre une protection optimale pour votre appareil, tout en l&#8217;embellissant avec son design attrayant. Le fond noir de la coque rehausse avec \u00e9l\u00e9gance les couleurs intenses d&rsquo;un chat de style mosa\u00efque, dont les formes g\u00e9om\u00e9triques \u00e9voquent la riche culture artistique de l&rsquo;\u00eele. Ce sympathique f\u00e9lin est accompagn\u00e9 de papillons aux tons brillants qui semblent danser autour de lui, cr\u00e9ant une image dynamique et joyeuse qui capture parfaitement la beaut\u00e9 naturelle de Majorque.<\/p>\n<p>Le texte \u00ab Majorque \u00bb est \u00e9l\u00e9gamment imprim\u00e9 avec un style frappant, ajoutant une touche distinctive qui rend hommage \u00e0 cette r\u00e9gion embl\u00e9matique de la M\u00e9diterran\u00e9e. Cette coque n&rsquo;est pas seulement un \u00e9l\u00e9ment pratique et d\u00e9coratif, mais c&rsquo;est aussi une excellente option de souvenir pour les touristes qui souhaitent emporter un morceau de la culture majorquine. Chez Ol\u00e9 Mosaic, nous nous consacrons \u00e0 la distribution de souvenirs en gros, et cette coque pour iPhone est un choix id\u00e9al pour les boutiques de cadeaux touristiques qui souhaitent proposer des produits authentiques et de qualit\u00e9. Avec cette coque, les clients ne prot\u00e9geront pas seulement leur appareil, mais arboreront \u00e9galement un souvenir artistique qui repr\u00e9sente l&rsquo;essence vibrante de Majorque.<\/p>\n","protected":false},"excerpt":{"rendered":"<p>Coque pour iPhone 12 Pro Max fabriqu\u00e9e en TPU, orn\u00e9e d&rsquo;un design vibrant d&rsquo;un chat de style mosa\u00efque \u00e9voquant la beaut\u00e9 de Majorque. La coque pr\u00e9sente un fond noir qui fait ressortir les couleurs intenses du chat, combin\u00e9es \u00e0 des papillons aux tons brillants qui l&rsquo;entourent. Le mot \u00ab\u00a0Majorque\u00a0\u00bb est \u00e9l\u00e9gamment imprim\u00e9, ajoutant une touche distinctive \u00e0 cet accessoire qui prot\u00e8ge et embellit \u00e0 la fois.<\/p>\n","protected":false},"featured_media":12925,"template":"","meta":{"_acf_changed":false},"product_brand":[],"product_cat":[674],"product_tag":[530],"class_list":{"0":"post-26883","1":"product","2":"type-product","3":"status-publish","4":"has-post-thumbnail","6":"product_cat-etuis-pour-telephones-portables","7":"product_tag-animaux","8":"pa_ciudad-mallorca","9":"pa_motivo-chats","10":"pa_pais-espana","12":"first","13":"instock","14":"shipping-taxable","15":"product-type-simple"},"acf":[],"_links":{"self":[{"href":"https:\/\/olemosaic.com\/fr\/wp-json\/wp\/v2\/product\/26883","targetHints":{"allow":["GET"]}}],"collection":[{"href":"https:\/\/olemosaic.com\/fr\/wp-json\/wp\/v2\/product"}],"about":[{"href":"https:\/\/olemosaic.com\/fr\/wp-json\/wp\/v2\/types\/product"}],"wp:featuredmedia":[{"embeddable":true,"href":"https:\/\/olemosaic.com\/fr\/wp-json\/wp\/v2\/media\/12925"}],"wp:attachment":[{"href":"https:\/\/olemosaic.com\/fr\/wp-json\/wp\/v2\/media?parent=26883"}],"wp:term":[{"taxonomy":"product_brand","embeddable":true,"href":"https:\/\/olemosaic.com\/fr\/wp-json\/wp\/v2\/product_brand?post=26883"},{"taxonomy":"product_cat","embeddable":true,"href":"https:\/\/olemosaic.com\/fr\/wp-json\/wp\/v2\/product_cat?post=26883"},{"taxonomy":"product_tag","embeddable":true,"href":"https:\/\/olemosaic.com\/fr\/wp-json\/wp\/v2\/product_tag?post=26883"}],"curies":[{"name":"wp","href":"https:\/\/api.w.org\/{rel}","templated":true}]}}