{"id":26882,"date":"2025-02-20T22:28:50","date_gmt":"2025-02-20T22:28:50","guid":{"rendered":"http:\/\/olemosaic.com\/producto\/funda-de-telefono-para-iphone-12-promax-tpu-gato-barcelona-blanco\/"},"modified":"2025-07-25T20:22:06","modified_gmt":"2025-07-25T18:22:06","slug":"coque-de-telephone-pour-iphone-12-pro-max-tpu-chat-barcelone-blanc","status":"publish","type":"product","link":"https:\/\/olemosaic.com\/fr\/produit\/coque-de-telephone-pour-iphone-12-pro-max-tpu-chat-barcelone-blanc\/","title":{"rendered":"Coque de t\u00e9l\u00e9phone pour iPhone 12 Pro Max (TPU). Chat. Barcelone. Blanc"},"content":{"rendered":"<p>Cette coque pour iPhone 12 Pro Max est un accessoire indispensable pour ceux qui veulent emporter un morceau de la Barcelone magique partout avec eux. Fabriqu\u00e9e en TPU de haute qualit\u00e9, elle offre une protection robuste et l\u00e9g\u00e8re pour votre appareil, garantissant qu&rsquo;il reste \u00e0 l&rsquo;abri des chocs et des rayures. Ce qui distingue vraiment cette pi\u00e8ce est son design vibrant d&rsquo;un chat color\u00e9, inspir\u00e9 par le style embl\u00e9matique de la mosa\u00efque qui caract\u00e9rise le modernisme barcelonais.<\/p>\n<p>Le fond blanc de la coque contraste parfaitement avec l&rsquo;image du chat, dont les formes g\u00e9om\u00e9triques et les couleurs vives \u00e9voquent l&rsquo;essence artistique d&rsquo;Antoni Gaud\u00ed, un symbole culturel de Barcelone. Des papillons aux tons vifs ornent le design, apportant une touche de dynamisme et de joie qui capte l&rsquo;attention. La texture imitant les carreaux typiques du modernisme ajoute un \u00e9l\u00e9ment tactile qui enrichit l&rsquo;exp\u00e9rience visuelle du produit.<\/p>\n<p>Ce souvenir n&rsquo;est pas seulement pratique, il encapsule l&rsquo;authenticit\u00e9 et le charme de Barcelone, devenant un excellent souvenir pour les touristes qui cherchent \u00e0 emporter un morceau de la ville. Chez Ol\u00e9 Mosaic, nous nous sp\u00e9cialisons dans la distribution de souvenirs en gros, et cette coque de chat est une option parfaite pour les boutiques de cadeaux touristiques qui souhaitent proposer des produits fusionnant fonctionnalit\u00e9 et tradition culturelle. Avec cette coque, non seulement vous prot\u00e9gez votre t\u00e9l\u00e9phone, mais vous c\u00e9l\u00e9brez \u00e9galement la richesse du patrimoine artistique espagnol.<\/p>\n","protected":false},"excerpt":{"rendered":"<p>Coque de t\u00e9l\u00e9phone pour iPhone 12 Pro Max fabriqu\u00e9e en TPU, d\u00e9cor\u00e9e d&rsquo;un design vibrant d&rsquo;un chat color\u00e9 \u00e9voquant le style de la c\u00e9l\u00e8bre mosa\u00efque barcelonaise. Sur un fond blanc et une texture imitant les carreaux modernistes, la coque inclut des papillons aux tons brillants qui apportent du dynamisme. Cet accessoire prot\u00e8ge non seulement votre appareil, mais capture \u00e9galement l&rsquo;essence artistique et culturelle de la cit\u00e9 comtale.<\/p>\n","protected":false},"featured_media":12258,"template":"","meta":{"_acf_changed":false},"product_brand":[],"product_cat":[674],"product_tag":[530],"class_list":{"0":"post-26882","1":"product","2":"type-product","3":"status-publish","4":"has-post-thumbnail","6":"product_cat-etuis-pour-telephones-portables","7":"product_tag-animaux","8":"pa_ciudad-barcelona","9":"pa_motivo-chats","10":"pa_pais-espana","12":"first","13":"instock","14":"shipping-taxable","15":"product-type-simple"},"acf":[],"_links":{"self":[{"href":"https:\/\/olemosaic.com\/fr\/wp-json\/wp\/v2\/product\/26882","targetHints":{"allow":["GET"]}}],"collection":[{"href":"https:\/\/olemosaic.com\/fr\/wp-json\/wp\/v2\/product"}],"about":[{"href":"https:\/\/olemosaic.com\/fr\/wp-json\/wp\/v2\/types\/product"}],"wp:featuredmedia":[{"embeddable":true,"href":"https:\/\/olemosaic.com\/fr\/wp-json\/wp\/v2\/media\/12258"}],"wp:attachment":[{"href":"https:\/\/olemosaic.com\/fr\/wp-json\/wp\/v2\/media?parent=26882"}],"wp:term":[{"taxonomy":"product_brand","embeddable":true,"href":"https:\/\/olemosaic.com\/fr\/wp-json\/wp\/v2\/product_brand?post=26882"},{"taxonomy":"product_cat","embeddable":true,"href":"https:\/\/olemosaic.com\/fr\/wp-json\/wp\/v2\/product_cat?post=26882"},{"taxonomy":"product_tag","embeddable":true,"href":"https:\/\/olemosaic.com\/fr\/wp-json\/wp\/v2\/product_tag?post=26882"}],"curies":[{"name":"wp","href":"https:\/\/api.w.org\/{rel}","templated":true}]}}