{"id":26881,"date":"2025-02-20T22:28:49","date_gmt":"2025-02-20T22:28:49","guid":{"rendered":"http:\/\/olemosaic.com\/producto\/funda-de-telefono-para-iphone-12-promax-tpu-abstracto-azul\/"},"modified":"2025-07-25T20:38:50","modified_gmt":"2025-07-25T18:38:50","slug":"coque-de-telephone-pour-iphone-12-pro-max-tpu-abstrait-bleu","status":"publish","type":"product","link":"https:\/\/olemosaic.com\/fr\/produit\/coque-de-telephone-pour-iphone-12-pro-max-tpu-abstrait-bleu\/","title":{"rendered":"Coque de t\u00e9l\u00e9phone pour iPhone 12 Pro Max (TPU). Abstrait. Bleu"},"content":{"rendered":"<p>Cette coque pour iPhone 12 Pro Max allie parfaitement style et protection, fabriqu\u00e9e en TPU de haute qualit\u00e9. Son design abstrait attrayant pr\u00e9sente un motif vibrant de losanges qui fusionne des tons bleus, verts, jaunes et rouges, apportant une touche moderne et \u00e9nergique \u00e0 n&rsquo;importe quel appareil. Chaque losange s&rsquo;entrelace harmonieusement, cr\u00e9ant une dynamique visuelle qui se d\u00e9marque des autres accessoires, transformant le t\u00e9l\u00e9phone de tout utilisateur en un v\u00e9ritable centre d&rsquo;attention.<\/p>\n<p>Le mat\u00e9riau TPU assure non seulement une couverture r\u00e9sistante contre les chocs et les chutes, mais garantit \u00e9galement un ajustement pr\u00e9cis pour que l&rsquo;appareil reste en s\u00e9curit\u00e9 \u00e0 tout moment. Cet \u00e9tui est id\u00e9al pour ceux qui recherchent un accessoire combinant fonctionnalit\u00e9 et art, parfait pour le rythme effr\u00e9n\u00e9 de la vie moderne. De plus, son design contemporain fait de cette coque une excellente id\u00e9e de cadeau pour les touristes et les locaux qui souhaitent porter un petit morceau d&rsquo;art moderne au quotidien.<\/p>\n<p>Ol\u00e9 Mosaic se sp\u00e9cialise dans la distribution de souvenirs uniques, et cette coque repr\u00e9sente parfaitement l&rsquo;innovation et la cr\u00e9ativit\u00e9 qui caract\u00e9risent nos produits. Pour les boutiques de cadeaux touristiques, cet article n&rsquo;est pas seulement un accessoire, mais un \u00e9l\u00e9ment qui connecte les clients \u00e0 la vibrante culture artistique contemporaine. C&rsquo;est un souvenir significatif qui c\u00e9l\u00e8bre l&rsquo;originalit\u00e9 et l&rsquo;esth\u00e9tique contemporaine, en faisant un excellent choix pour ceux qui recherchent des souvenirs authentiques et pertinents.<\/p>\n","protected":false},"excerpt":{"rendered":"<p>Coque pour iPhone 12 Pro Max fabriqu\u00e9e en TPU, avec un design abstrait dans les tons bleus, verts, jaunes et rouges. Cette coque \u00e9l\u00e9gante pr\u00e9sente un motif de losanges color\u00e9s qui lui donnent une touche moderne et vibrante, prot\u00e9geant votre appareil avec style. Id\u00e9ale pour ceux qui cherchent \u00e0 combiner fonctionnalit\u00e9 et art au quotidien, cette coque assure une couverture r\u00e9sistante et un look contemporain.<\/p>\n","protected":false},"featured_media":12272,"template":"","meta":{"_acf_changed":false},"product_brand":[],"product_cat":[674],"product_tag":[],"class_list":{"0":"post-26881","1":"product","2":"type-product","3":"status-publish","4":"has-post-thumbnail","6":"product_cat-etuis-pour-telephones-portables","7":"pa_motivo-resume","9":"first","10":"instock","11":"shipping-taxable","12":"product-type-simple"},"acf":[],"_links":{"self":[{"href":"https:\/\/olemosaic.com\/fr\/wp-json\/wp\/v2\/product\/26881","targetHints":{"allow":["GET"]}}],"collection":[{"href":"https:\/\/olemosaic.com\/fr\/wp-json\/wp\/v2\/product"}],"about":[{"href":"https:\/\/olemosaic.com\/fr\/wp-json\/wp\/v2\/types\/product"}],"wp:featuredmedia":[{"embeddable":true,"href":"https:\/\/olemosaic.com\/fr\/wp-json\/wp\/v2\/media\/12272"}],"wp:attachment":[{"href":"https:\/\/olemosaic.com\/fr\/wp-json\/wp\/v2\/media?parent=26881"}],"wp:term":[{"taxonomy":"product_brand","embeddable":true,"href":"https:\/\/olemosaic.com\/fr\/wp-json\/wp\/v2\/product_brand?post=26881"},{"taxonomy":"product_cat","embeddable":true,"href":"https:\/\/olemosaic.com\/fr\/wp-json\/wp\/v2\/product_cat?post=26881"},{"taxonomy":"product_tag","embeddable":true,"href":"https:\/\/olemosaic.com\/fr\/wp-json\/wp\/v2\/product_tag?post=26881"}],"curies":[{"name":"wp","href":"https:\/\/api.w.org\/{rel}","templated":true}]}}