{"id":26880,"date":"2025-02-20T22:28:49","date_gmt":"2025-02-20T22:28:49","guid":{"rendered":"http:\/\/olemosaic.com\/producto\/funda-de-telefono-para-iphone-12-pro-tpu-gato-mallorca-blanco\/"},"modified":"2025-07-25T18:51:37","modified_gmt":"2025-07-25T16:51:37","slug":"coque-de-telephone-pour-iphone-12-pro-tpu-chat-majorque-blanc","status":"publish","type":"product","link":"https:\/\/olemosaic.com\/fr\/produit\/coque-de-telephone-pour-iphone-12-pro-tpu-chat-majorque-blanc\/","title":{"rendered":"Coque de t\u00e9l\u00e9phone pour iPhone 12 Pro (TPU). Chat. Majorque. Blanc"},"content":{"rendered":"<p>Cette coque pour iPhone 12 Pro est une pi\u00e8ce vibrante qui capture l&rsquo;essence de Majorque, id\u00e9ale pour ceux qui veulent emporter un souvenir unique et color\u00e9 de cette \u00eele. Fabriqu\u00e9e en TPU, elle offre une protection exceptionnelle contre les chutes et les rayures, et son design attrayant en fait un accessoire indispensable. L&rsquo;illustration principale pr\u00e9sente un chat joyeux, \u00e9labor\u00e9 avec une mosa\u00efque de couleurs vives incluant des rouges, des bleus et des verts, \u00e9voquant la richesse visuelle de la culture majorquine. Ce sympathique f\u00e9lin est entour\u00e9 de papillons aux tons radieux, qui ajoutent une touche de fra\u00eecheur et de vie \u00e0 la composition.<\/p>\n<p>Le fond blanc avec un motif irr\u00e9gulier rappelle l&rsquo;architecture m\u00e9diterran\u00e9enne, apportant un air artistique et contemporain. Le texte \u00ab Majorque \u00bb mis en avant avec un style distinctif garantit que ce souvenir soit facilement reconnaissable et repr\u00e9sentatif de l&rsquo;\u00eele. Ce produit n&rsquo;est pas seulement un accessoire pratique, mais aussi un magnifique souvenir culturel qui c\u00e9l\u00e8bre la tradition locale. Chez Ol\u00e9 Mosaic, nous nous sp\u00e9cialisons dans la distribution de souvenirs en gros, et cette coque de t\u00e9l\u00e9phone est une excellente option pour les boutiques de cadeaux touristiques qui recherchent des articles authentiques, color\u00e9s et qui mettent en valeur le meilleur de Majorque.<\/p>\n","protected":false},"excerpt":{"rendered":"<p>Coque pour iPhone 12 Pro en TPU, d\u00e9cor\u00e9e d&rsquo;un design vibrant d&rsquo;un chat inspir\u00e9 de la culture majorquine. La coque pr\u00e9sente une mosa\u00efque de couleurs vives, avec une pr\u00e9dominance de rouges, bleus et verts, et des papillons aux tons brillants qui rehaussent la sc\u00e8ne. Le fond blanc, avec un motif irr\u00e9gulier, \u00e9voque l&rsquo;architecture m\u00e9diterran\u00e9enne, tandis que le texte \u00ab\u00a0Majorque\u00a0\u00bb ajoute une touche distinctive, en faisant le cadeau id\u00e9al pour les amoureux de cette \u00eele magnifique.<\/p>\n","protected":false},"featured_media":12915,"template":"","meta":{"_acf_changed":false},"product_brand":[],"product_cat":[674],"product_tag":[530],"class_list":{"0":"post-26880","1":"product","2":"type-product","3":"status-publish","4":"has-post-thumbnail","6":"product_cat-etuis-pour-telephones-portables","7":"product_tag-animaux","8":"pa_ciudad-mallorca","9":"pa_motivo-chats","10":"pa_pais-espana","12":"first","13":"instock","14":"shipping-taxable","15":"product-type-simple"},"acf":[],"_links":{"self":[{"href":"https:\/\/olemosaic.com\/fr\/wp-json\/wp\/v2\/product\/26880","targetHints":{"allow":["GET"]}}],"collection":[{"href":"https:\/\/olemosaic.com\/fr\/wp-json\/wp\/v2\/product"}],"about":[{"href":"https:\/\/olemosaic.com\/fr\/wp-json\/wp\/v2\/types\/product"}],"wp:featuredmedia":[{"embeddable":true,"href":"https:\/\/olemosaic.com\/fr\/wp-json\/wp\/v2\/media\/12915"}],"wp:attachment":[{"href":"https:\/\/olemosaic.com\/fr\/wp-json\/wp\/v2\/media?parent=26880"}],"wp:term":[{"taxonomy":"product_brand","embeddable":true,"href":"https:\/\/olemosaic.com\/fr\/wp-json\/wp\/v2\/product_brand?post=26880"},{"taxonomy":"product_cat","embeddable":true,"href":"https:\/\/olemosaic.com\/fr\/wp-json\/wp\/v2\/product_cat?post=26880"},{"taxonomy":"product_tag","embeddable":true,"href":"https:\/\/olemosaic.com\/fr\/wp-json\/wp\/v2\/product_tag?post=26880"}],"curies":[{"name":"wp","href":"https:\/\/api.w.org\/{rel}","templated":true}]}}