{"id":26874,"date":"2025-02-20T22:28:49","date_gmt":"2025-02-20T22:28:49","guid":{"rendered":"http:\/\/olemosaic.com\/producto\/funda-de-telefono-para-iphone-12-pro-tpu-panoramica-barcelona-blanco\/"},"modified":"2025-07-25T20:31:38","modified_gmt":"2025-07-25T18:31:38","slug":"coque-de-telephone-pour-iphone-12-pro-tpu-panoramique-barcelone-blanc","status":"publish","type":"product","link":"https:\/\/olemosaic.com\/fr\/produit\/coque-de-telephone-pour-iphone-12-pro-tpu-panoramique-barcelone-blanc\/","title":{"rendered":"Coque de t\u00e9l\u00e9phone pour iPhone 12 Pro (TPU). Panoramique. Barcelone. Blanc"},"content":{"rendered":"<p>Cette coque pour iPhone 12 Pro est un hommage vibrant \u00e0 la magie de Barcelone, con\u00e7ue pour ceux qui souhaitent emporter un morceau de la cit\u00e9 comtale avec eux. Fabriqu\u00e9e en TPU, cet accessoire ne prot\u00e8ge pas seulement votre appareil, il expose \u00e9galement une impressionnante vue panoramique illustr\u00e9e avec les monuments les plus embl\u00e9matiques de la capitale catalane. On y remarque l&rsquo;imposante Sagrada Familia, dont les tours s&rsquo;\u00e9l\u00e8vent avec \u00e9l\u00e9gance, aux c\u00f4t\u00e9s d&rsquo;autres ic\u00f4nes architecturales qui caract\u00e9risent la ville. Le design moderne, de style mosa\u00efque, pr\u00e9sente une explosion de couleurs intenses comme le rouge, le jaune et le vert, qui contrastent merveilleusement avec le fond blanc, cr\u00e9ant une pi\u00e8ce visuellement percutante.<\/p>\n<p>L&rsquo;utilisation de couleurs vibrantes ne rehausse pas seulement les d\u00e9tails artistiques, mais symbolise \u00e9galement la diversit\u00e9 et la cr\u00e9ativit\u00e9 qui d\u00e9finissent Barcelone. Le texte \u00ab\u00a0Barcelona\u00a0\u00bb, dans une typographie \u00e9l\u00e9gante, ajoute une touche contemporaine, faisant de cette coque un souvenir repr\u00e9sentatif qui capture l&rsquo;essence culturelle de la r\u00e9gion. Id\u00e9ale pour les touristes \u00e0 la recherche de souvenirs authentiques, cette coque devient un cadeau parfait alliant fonctionnalit\u00e9 et beaut\u00e9, id\u00e9al pour ceux qui appr\u00e9cient les souvenirs de Barcelone. Chez Ol\u00e9 Mosaic, nous sommes votre distributeur de confiance pour des produits authentiques et de qualit\u00e9, offrant une infinit\u00e9 de souvenirs qui c\u00e9l\u00e8brent le riche h\u00e9ritage culturel de l&rsquo;Espagne.<\/p>\n","protected":false},"excerpt":{"rendered":"<p>Coque pour iPhone 12 Pro fabriqu\u00e9e en TPU, avec une vue panoramique vibrante de Barcelone. Le design pr\u00e9sente des \u00e9l\u00e9ments distinctifs de la ville, tels que la Sagrada Familia et d&rsquo;autres monuments embl\u00e9matiques, illustr\u00e9s dans un style de mosa\u00efque moderne aux couleurs intenses comme le rouge, le jaune et le vert. La base blanche fait ressortir les d\u00e9tails artistiques, tandis que le texte \u00ab\u00a0Barcelona\u00a0\u00bb ajoute une touche \u00e9l\u00e9gante, faisant de cet accessoire une pi\u00e8ce unique et repr\u00e9sentative de la culture catalane.<\/p>\n","protected":false},"featured_media":12240,"template":"","meta":{"_acf_changed":false},"product_brand":[],"product_cat":[674],"product_tag":[],"class_list":{"0":"post-26874","1":"product","2":"type-product","3":"status-publish","4":"has-post-thumbnail","6":"product_cat-etuis-pour-telephones-portables","7":"pa_ciudad-barcelona","8":"pa_motivo-panoramas","9":"pa_pais-espana","11":"first","12":"instock","13":"shipping-taxable","14":"product-type-simple"},"acf":[],"_links":{"self":[{"href":"https:\/\/olemosaic.com\/fr\/wp-json\/wp\/v2\/product\/26874","targetHints":{"allow":["GET"]}}],"collection":[{"href":"https:\/\/olemosaic.com\/fr\/wp-json\/wp\/v2\/product"}],"about":[{"href":"https:\/\/olemosaic.com\/fr\/wp-json\/wp\/v2\/types\/product"}],"wp:featuredmedia":[{"embeddable":true,"href":"https:\/\/olemosaic.com\/fr\/wp-json\/wp\/v2\/media\/12240"}],"wp:attachment":[{"href":"https:\/\/olemosaic.com\/fr\/wp-json\/wp\/v2\/media?parent=26874"}],"wp:term":[{"taxonomy":"product_brand","embeddable":true,"href":"https:\/\/olemosaic.com\/fr\/wp-json\/wp\/v2\/product_brand?post=26874"},{"taxonomy":"product_cat","embeddable":true,"href":"https:\/\/olemosaic.com\/fr\/wp-json\/wp\/v2\/product_cat?post=26874"},{"taxonomy":"product_tag","embeddable":true,"href":"https:\/\/olemosaic.com\/fr\/wp-json\/wp\/v2\/product_tag?post=26874"}],"curies":[{"name":"wp","href":"https:\/\/api.w.org\/{rel}","templated":true}]}}