{"id":26873,"date":"2025-02-20T23:28:49","date_gmt":"2025-02-20T22:28:49","guid":{"rendered":"http:\/\/olemosaic.com\/producto\/funda-de-telefono-para-iphone-12-pro-tpu-panoramica-barcelona-azul-2\/"},"modified":"2025-07-25T20:31:33","modified_gmt":"2025-07-25T18:31:33","slug":"coque-de-telephone-pour-iphone-12-pro-tpu-panoramique-sagrada-familia-barcelone-bleu","status":"publish","type":"product","link":"https:\/\/olemosaic.com\/fr\/produit\/coque-de-telephone-pour-iphone-12-pro-tpu-panoramique-sagrada-familia-barcelone-bleu\/","title":{"rendered":"Coque de t\u00e9l\u00e9phone pour iPhone 12 Pro (TPU). Panoramique. Sagrada Familia. Barcelone. Bleu"},"content":{"rendered":"<p>Cette coque pour iPhone 12 Pro est un hommage vibrant \u00e0 la ville embl\u00e9matique de Barcelone, con\u00e7ue sp\u00e9cialement pour les amoureux de sa culture et de son art. Fabriqu\u00e9e en TPU, elle se distingue par sa durabilit\u00e9 et sa r\u00e9sistance, offrant une protection efficace pour votre appareil. La vue panoramique qui orne la coque pr\u00e9sente une repr\u00e9sentation color\u00e9e des \u00e9l\u00e9ments architecturaux embl\u00e9matiques de Barcelone, notamment la c\u00e9l\u00e8bre Sagrada Familia et des b\u00e2timents modernistes, symboles inoubliables de la ville. Avec un fond en mosa\u00efque dans les tons bleus, la coque \u00e9voque le style incomparable d&rsquo;Antoni Gaud\u00ed, cr\u00e9ant un lien palpable avec la riche histoire de la capitale catalane.<\/p>\n<p>Le design inclut le mot \u00ab Barcelona \u00bb dans un style artistique audacieux, qui compl\u00e8te la palette de couleurs vives donnant vie \u00e0 la ville. Ce souvenir n&rsquo;est pas seulement un article fonctionnel, mais une pi\u00e8ce qui c\u00e9l\u00e8bre l&rsquo;essence culturelle de Barcelone et en fait un souvenir authentique et significatif. Chez Ol\u00e9 Mosaic, en tant que grossiste de souvenirs, nous proposons des produits qui refl\u00e8tent l&rsquo;authenticit\u00e9 et la richesse culturelle de l&rsquo;Espagne. Cette coque de t\u00e9l\u00e9phone est une excellente option pour les boutiques de cadeaux touristiques \u00e0 la recherche d&rsquo;articles uniques, parfaits pour les touristes qui souhaitent emporter un petit morceau de Barcelone chez eux.<\/p>\n","protected":false},"excerpt":{"rendered":"<p>Coque pour iPhone 12 Pro en TPU, orn\u00e9e d&rsquo;une vue panoramique vibrante de Barcelone dans des tons bleus et des d\u00e9tails color\u00e9s. Son design inclut des \u00e9l\u00e9ments embl\u00e9matiques de la ville, tels que la Sagrada Familia et des b\u00e2timents modernistes, ainsi que le mot \u00ab\u00a0Barcelona\u00a0\u00bb dans un style artistique et frappant. La base en mosa\u00efque bleue \u00e9voque l&rsquo;\u0153uvre de Gaud\u00ed, apportant une touche culturelle et distinctive \u00e0 votre appareil.<\/p>\n","protected":false},"featured_media":12245,"template":"","meta":{"_acf_changed":false},"product_brand":[],"product_cat":[674],"product_tag":[],"class_list":{"0":"post-26873","1":"product","2":"type-product","3":"status-publish","4":"has-post-thumbnail","6":"product_cat-etuis-pour-telephones-portables","7":"pa_ciudad-barcelona","8":"pa_motivo-panoramas","9":"pa_pais-espana","11":"first","12":"instock","13":"shipping-taxable","14":"product-type-simple"},"acf":[],"_links":{"self":[{"href":"https:\/\/olemosaic.com\/fr\/wp-json\/wp\/v2\/product\/26873","targetHints":{"allow":["GET"]}}],"collection":[{"href":"https:\/\/olemosaic.com\/fr\/wp-json\/wp\/v2\/product"}],"about":[{"href":"https:\/\/olemosaic.com\/fr\/wp-json\/wp\/v2\/types\/product"}],"wp:featuredmedia":[{"embeddable":true,"href":"https:\/\/olemosaic.com\/fr\/wp-json\/wp\/v2\/media\/12245"}],"wp:attachment":[{"href":"https:\/\/olemosaic.com\/fr\/wp-json\/wp\/v2\/media?parent=26873"}],"wp:term":[{"taxonomy":"product_brand","embeddable":true,"href":"https:\/\/olemosaic.com\/fr\/wp-json\/wp\/v2\/product_brand?post=26873"},{"taxonomy":"product_cat","embeddable":true,"href":"https:\/\/olemosaic.com\/fr\/wp-json\/wp\/v2\/product_cat?post=26873"},{"taxonomy":"product_tag","embeddable":true,"href":"https:\/\/olemosaic.com\/fr\/wp-json\/wp\/v2\/product_tag?post=26873"}],"curies":[{"name":"wp","href":"https:\/\/api.w.org\/{rel}","templated":true}]}}