{"id":26872,"date":"2025-02-20T22:28:49","date_gmt":"2025-02-20T22:28:49","guid":{"rendered":"http:\/\/olemosaic.com\/producto\/funda-de-telefono-para-iphone-12-pro-tpu-gato-barcelona-negro\/"},"modified":"2025-07-25T18:36:41","modified_gmt":"2025-07-25T16:36:41","slug":"coque-de-telephone-pour-iphone-12-pro-tpu-chat-barcelone-noir","status":"publish","type":"product","link":"https:\/\/olemosaic.com\/fr\/produit\/coque-de-telephone-pour-iphone-12-pro-tpu-chat-barcelone-noir\/","title":{"rendered":"Coque de t\u00e9l\u00e9phone pour iPhone 12 Pro (TPU). Chat. Barcelone. Noir"},"content":{"rendered":"<p>Cette coque pour iPhone 12 Pro est un hommage vibrant \u00e0 Barcelone, avec un design captivant d&rsquo;un chat color\u00e9 \u00e9voquant le c\u00e9l\u00e8bre style mosa\u00efque de Gaud\u00ed. Fabriqu\u00e9e en TPU, un mat\u00e9riau flexible et durable, cette coque ne prot\u00e8ge pas seulement l&rsquo;appareil des chocs et des rayures, mais le transforme \u00e9galement en une pi\u00e8ce artistique unique. Le chat, avec un m\u00e9lange de tons brillants de bleu, jaune, rouge et vert, capture la fascination des amoureux des f\u00e9lins et de l&rsquo;art moderne.<\/p>\n<p>Sur un fond noir \u00e9l\u00e9gant, les papillons multicolores qui compl\u00e8tent l&rsquo;illustration ajoutent une touche de joie et de dynamisme, faisant de cet accessoire un excellent souvenir qui c\u00e9l\u00e8bre la cr\u00e9ativit\u00e9 et la richesse culturelle de Barcelone. Ce produit est non seulement fonctionnel, mais il sert \u00e9galement de charmant rappel de l&rsquo;exp\u00e9rience v\u00e9cue dans cette ville vibrante. Chez Ol\u00e9 Mosaic, nous proposons cette coque dans le cadre de notre s\u00e9lection de souvenirs authentiques, id\u00e9aux pour les touristes qui cherchent \u00e0 ramener chez eux une repr\u00e9sentation artistique de leur voyage. En tant que distributeurs de coques en gros, nous garantissons qualit\u00e9 et originalit\u00e9 dans chaque produit, ce qui en fait une option parfaite pour les boutiques de cadeaux touristiques souhaitant offrir le meilleur de la culture catalane.<\/p>\n","protected":false},"excerpt":{"rendered":"<p>Coque en TPU pour iPhone 12 Pro, orn\u00e9e d&rsquo;une illustration frappante d&rsquo;un chat color\u00e9 inspir\u00e9e du style mosa\u00efque de Barcelone. Le design, sur fond noir, est compl\u00e9t\u00e9 par des papillons multicolores qui apportent une touche joyeuse. La base en TPU offre une protection robuste et durable, garantissant la s\u00e9curit\u00e9 de l&rsquo;appareil tout en affichant une repr\u00e9sentation artistique du charme culturel de la ville. Id\u00e9al pour les amoureux de Barcelone et des chats.<\/p>\n","protected":false},"featured_media":12253,"template":"","meta":{"_acf_changed":false},"product_brand":[],"product_cat":[674],"product_tag":[530],"class_list":{"0":"post-26872","1":"product","2":"type-product","3":"status-publish","4":"has-post-thumbnail","6":"product_cat-etuis-pour-telephones-portables","7":"product_tag-animaux","8":"pa_ciudad-barcelona","9":"pa_motivo-chats","10":"pa_pais-espana","12":"first","13":"instock","14":"shipping-taxable","15":"product-type-simple"},"acf":[],"_links":{"self":[{"href":"https:\/\/olemosaic.com\/fr\/wp-json\/wp\/v2\/product\/26872","targetHints":{"allow":["GET"]}}],"collection":[{"href":"https:\/\/olemosaic.com\/fr\/wp-json\/wp\/v2\/product"}],"about":[{"href":"https:\/\/olemosaic.com\/fr\/wp-json\/wp\/v2\/types\/product"}],"wp:featuredmedia":[{"embeddable":true,"href":"https:\/\/olemosaic.com\/fr\/wp-json\/wp\/v2\/media\/12253"}],"wp:attachment":[{"href":"https:\/\/olemosaic.com\/fr\/wp-json\/wp\/v2\/media?parent=26872"}],"wp:term":[{"taxonomy":"product_brand","embeddable":true,"href":"https:\/\/olemosaic.com\/fr\/wp-json\/wp\/v2\/product_brand?post=26872"},{"taxonomy":"product_cat","embeddable":true,"href":"https:\/\/olemosaic.com\/fr\/wp-json\/wp\/v2\/product_cat?post=26872"},{"taxonomy":"product_tag","embeddable":true,"href":"https:\/\/olemosaic.com\/fr\/wp-json\/wp\/v2\/product_tag?post=26872"}],"curies":[{"name":"wp","href":"https:\/\/api.w.org\/{rel}","templated":true}]}}