{"id":26870,"date":"2025-02-20T22:28:49","date_gmt":"2025-02-20T22:28:49","guid":{"rendered":"http:\/\/olemosaic.com\/producto\/funda-de-telefono-para-iphone-12-pro-tpu-mariposa-barcelona-blanco\/"},"modified":"2025-07-25T19:43:39","modified_gmt":"2025-07-25T17:43:39","slug":"coque-de-telephone-pour-iphone-12-pro-tpu-papillon-barcelone-blanc","status":"publish","type":"product","link":"https:\/\/olemosaic.com\/fr\/produit\/coque-de-telephone-pour-iphone-12-pro-tpu-papillon-barcelone-blanc\/","title":{"rendered":"Coque de t\u00e9l\u00e9phone pour iPhone 12 Pro (TPU). Papillon. Barcelone. Blanc"},"content":{"rendered":"<p>Cette coque pour iPhone 12 Pro est un accessoire attrayant qui non seulement prot\u00e8ge votre appareil, mais l&rsquo;orne \u00e9galement d&rsquo;un motif de papillons vibrant inspir\u00e9 de l&rsquo;architecture color\u00e9e de Barcelone. Fabriqu\u00e9e en TPU, cette coque combine durabilit\u00e9 et l\u00e9g\u00e8ret\u00e9, couvrant compl\u00e8tement votre t\u00e9l\u00e9phone et assurant une protection efficace contre les chutes et les rayures. Le fond blanc fait ressortir un ensemble de papillons peints dans des tons brillants, qui \u00e9voquent la c\u00e9l\u00e8bre mosa\u00efque de la ville, ajoutant une touche artistique et unique \u00e0 votre appareil mobile.<\/p>\n<p>Dans la partie inf\u00e9rieure de la coque, le mot \u00ab\u00a0Barcelona\u00a0\u00bb se distingue par une typographie \u00e9l\u00e9gante, capturant l&rsquo;essence de cette ville merveilleuse. Chaque papillon, m\u00e9ticuleusement con\u00e7u, symbolise la diversit\u00e9 et la cr\u00e9ativit\u00e9 qui caract\u00e9risent Barcelone, faisant de cette coque un souvenir parfait de la ville. Id\u00e9ale pour les touristes ou les r\u00e9sidents souhaitant emporter un morceau de Barcelone avec eux, cette coque est \u00e0 la fois fonctionnelle et d\u00e9corative, repr\u00e9sentant une excellente option pour les boutiques de cadeaux touristiques.<\/p>\n<p>Chez Ol\u00e9 Mosaic, experts en distribution de souvenirs en gros, nous proposons cette coque papillons comme une option authentique et culturellement significative. Parfaite pour ceux qui recherchent un souvenir repr\u00e9sentatif, cette coque est un investissement attractif pour les grossistes \u00e0 la recherche de produits de qualit\u00e9 avec un lien culturel fort.<\/p>\n","protected":false},"excerpt":{"rendered":"<p>Coque de t\u00e9l\u00e9phone pour iPhone 12 Pro fabriqu\u00e9e en TPU, orn\u00e9e d&rsquo;un motif de papillons vibrant. Cet accessoire color\u00e9 se d\u00e9tache sur un fond blanc, mettant en valeur une s\u00e9rie de papillons peints dans des tons brillants, \u00e9voquant les \u0153uvres en mosa\u00efque de Barcelone. Dans la partie inf\u00e9rieure, le mot \u00ab\u00a0Barcelona\u00a0\u00bb appara\u00eet dans une typographie \u00e9l\u00e9gante, compl\u00e9tant l&rsquo;attrait visuel. Id\u00e9al pour ceux qui recherchent une touche artistique et unique sur leur appareil mobile.<\/p>\n","protected":false},"featured_media":12238,"template":"","meta":{"_acf_changed":false},"product_brand":[],"product_cat":[674],"product_tag":[530],"class_list":{"0":"post-26870","1":"product","2":"type-product","3":"status-publish","4":"has-post-thumbnail","6":"product_cat-etuis-pour-telephones-portables","7":"product_tag-animaux","8":"pa_ciudad-barcelona","9":"pa_motivo-papillons","10":"pa_pais-espana","12":"first","13":"instock","14":"shipping-taxable","15":"product-type-simple"},"acf":[],"_links":{"self":[{"href":"https:\/\/olemosaic.com\/fr\/wp-json\/wp\/v2\/product\/26870","targetHints":{"allow":["GET"]}}],"collection":[{"href":"https:\/\/olemosaic.com\/fr\/wp-json\/wp\/v2\/product"}],"about":[{"href":"https:\/\/olemosaic.com\/fr\/wp-json\/wp\/v2\/types\/product"}],"wp:featuredmedia":[{"embeddable":true,"href":"https:\/\/olemosaic.com\/fr\/wp-json\/wp\/v2\/media\/12238"}],"wp:attachment":[{"href":"https:\/\/olemosaic.com\/fr\/wp-json\/wp\/v2\/media?parent=26870"}],"wp:term":[{"taxonomy":"product_brand","embeddable":true,"href":"https:\/\/olemosaic.com\/fr\/wp-json\/wp\/v2\/product_brand?post=26870"},{"taxonomy":"product_cat","embeddable":true,"href":"https:\/\/olemosaic.com\/fr\/wp-json\/wp\/v2\/product_cat?post=26870"},{"taxonomy":"product_tag","embeddable":true,"href":"https:\/\/olemosaic.com\/fr\/wp-json\/wp\/v2\/product_tag?post=26870"}],"curies":[{"name":"wp","href":"https:\/\/api.w.org\/{rel}","templated":true}]}}