{"id":26869,"date":"2025-02-20T22:28:48","date_gmt":"2025-02-20T22:28:48","guid":{"rendered":"http:\/\/olemosaic.com\/producto\/funda-de-telefono-para-iphone-12-pro-tpu-abstracto-azul\/"},"modified":"2025-07-25T18:45:55","modified_gmt":"2025-07-25T16:45:55","slug":"coque-de-telephone-pour-iphone-12-pro-tpu-abstrait-bleu","status":"publish","type":"product","link":"https:\/\/olemosaic.com\/fr\/produit\/coque-de-telephone-pour-iphone-12-pro-tpu-abstrait-bleu\/","title":{"rendered":"Coque de t\u00e9l\u00e9phone pour iPhone 12 Pro (TPU). Abstrait. Bleu"},"content":{"rendered":"<p>Cette coque pour iPhone 12 Pro est l&rsquo;accessoire parfait pour ceux qui cherchent \u00e0 allier style et fonctionnalit\u00e9, tout en c\u00e9l\u00e9brant l&rsquo;essence vibrante de Majorque. Fabriqu\u00e9e en TPU de haute qualit\u00e9, elle ne prot\u00e8ge pas seulement votre appareil des chocs et des rayures, mais pr\u00e9sente \u00e9galement un design abstrait \u00e9blouissant qui attire instantan\u00e9ment le regard. La combinaison de tons bleus, roses et jaunes s&rsquo;\u00e9coule en formes ondul\u00e9es, cr\u00e9ant un effet visuel dynamique qui \u00e9voque les paysages impressionnants de l&rsquo;\u00eele m\u00e9diterran\u00e9enne. Le mot \u00ab\u00a0MALLORCA\u00a0\u00bb se d\u00e9tache en lettres blanches, s&rsquo;int\u00e9grant harmonieusement dans le design et ajoutant une touche distinctive qui souligne votre connexion avec cette destination iconique.<\/p>\n<p>Ce souvenir de Majorque est plus qu&rsquo;un simple accessoire ; c&rsquo;est une pi\u00e8ce qui refl\u00e8te la culture et l&rsquo;art visuel de l&rsquo;\u00eele, c\u00e9l\u00e8bre pour sa beaut\u00e9 naturelle et sa riche histoire. Id\u00e9al non seulement pour les visiteurs de Majorque, mais aussi comme cadeau exclusif ou souvenir pour ceux qui souhaitent emporter un petit morceau de l&rsquo;\u00eele. Chez Ol\u00e9 Mosaic, nous nous sp\u00e9cialisons dans la distribution de souvenirs en gros, offrant des produits authentiques qui capturent l&rsquo;essence culturelle et esth\u00e9tique de leurs r\u00e9gions d&rsquo;origine. Cette coque est, sans aucun doute, une excellente option pour les boutiques de cadeaux touristiques \u00e0 la recherche de produits de qualit\u00e9, authentiques et visuellement percutants.<\/p>\n","protected":false},"excerpt":{"rendered":"<p>Coque pour iPhone 12 Pro fabriqu\u00e9e en TPU, avec un design abstrait \u00e9voquant les couleurs vibrantes de Majorque. Elle pr\u00e9sente une explosion de tonalit\u00e9s bleues, roses et jaunes qui s&rsquo;\u00e9coulent en formes ondul\u00e9es, cr\u00e9ant un effet visuel dynamique. Le mot \u00ab\u00a0MALLORCA\u00a0\u00bb se d\u00e9tache en lettres blanches, s&rsquo;int\u00e9grant harmonieusement dans le design. Cette coque ne prot\u00e8ge pas seulement votre appareil, elle ajoute \u00e9galement une touche artistique inspir\u00e9e par la beaut\u00e9 de cette \u00eele m\u00e9diterran\u00e9enne.<\/p>\n","protected":false},"featured_media":12918,"template":"","meta":{"_acf_changed":false},"product_brand":[],"product_cat":[674],"product_tag":[],"class_list":{"0":"post-26869","1":"product","2":"type-product","3":"status-publish","4":"has-post-thumbnail","6":"product_cat-etuis-pour-telephones-portables","7":"pa_ciudad-mallorca","8":"pa_motivo-resume","9":"pa_pais-espana","11":"first","12":"instock","13":"shipping-taxable","14":"product-type-simple"},"acf":[],"_links":{"self":[{"href":"https:\/\/olemosaic.com\/fr\/wp-json\/wp\/v2\/product\/26869","targetHints":{"allow":["GET"]}}],"collection":[{"href":"https:\/\/olemosaic.com\/fr\/wp-json\/wp\/v2\/product"}],"about":[{"href":"https:\/\/olemosaic.com\/fr\/wp-json\/wp\/v2\/types\/product"}],"wp:featuredmedia":[{"embeddable":true,"href":"https:\/\/olemosaic.com\/fr\/wp-json\/wp\/v2\/media\/12918"}],"wp:attachment":[{"href":"https:\/\/olemosaic.com\/fr\/wp-json\/wp\/v2\/media?parent=26869"}],"wp:term":[{"taxonomy":"product_brand","embeddable":true,"href":"https:\/\/olemosaic.com\/fr\/wp-json\/wp\/v2\/product_brand?post=26869"},{"taxonomy":"product_cat","embeddable":true,"href":"https:\/\/olemosaic.com\/fr\/wp-json\/wp\/v2\/product_cat?post=26869"},{"taxonomy":"product_tag","embeddable":true,"href":"https:\/\/olemosaic.com\/fr\/wp-json\/wp\/v2\/product_tag?post=26869"}],"curies":[{"name":"wp","href":"https:\/\/api.w.org\/{rel}","templated":true}]}}