{"id":26868,"date":"2025-02-20T22:28:48","date_gmt":"2025-02-20T22:28:48","guid":{"rendered":"http:\/\/olemosaic.com\/producto\/funda-de-telefono-para-iphone-12-tpu-forjas-azul\/"},"modified":"2025-07-25T18:47:39","modified_gmt":"2025-07-25T16:47:39","slug":"coque-de-telephone-pour-iphone-12-tpu-forges-bleu","status":"publish","type":"product","link":"https:\/\/olemosaic.com\/fr\/produit\/coque-de-telephone-pour-iphone-12-tpu-forges-bleu\/","title":{"rendered":"Coque de t\u00e9l\u00e9phone pour iPhone 12 (TPU). Forges. Bleu"},"content":{"rendered":"<p>Cette coque pour iPhone 12 est un exemple exceptionnel de l&rsquo;artisanat espagnol, \u00e9labor\u00e9e en TPU, un mat\u00e9riau reconnu pour sa r\u00e9sistance et sa l\u00e9g\u00e8ret\u00e9. Le design \u00e9l\u00e9gant pr\u00e9sente un fond bleu, orn\u00e9 de d\u00e9licats motifs de forge en blanc qui \u00e9voquent la riche tradition artisanale de l&rsquo;Espagne. Le motif de filigranes, inspir\u00e9 des grilles d\u00e9coratives des anciennes maisons andalouses, apporte une touche distinctive qui combine fonctionnalit\u00e9 et esth\u00e9tique. Chaque courbe et d\u00e9tail a \u00e9t\u00e9 soigneusement con\u00e7u pour offrir non seulement une protection efficace \u00e0 votre appareil, mais aussi un caract\u00e8re culturel authentique qui souligne la beaut\u00e9 de l&rsquo;h\u00e9ritage espagnol.<\/p>\n<p>Cet accessoire n&#8217;embellit pas seulement votre t\u00e9l\u00e9phone, il agit \u00e9galement comme un rappel du charme des traditions andalouses, devenant un souvenir id\u00e9al pour ceux qui souhaitent emporter un petit morceau d&rsquo;Espagne avec eux. Chez Ol\u00e9 Mosaic, nous nous consacrons \u00e0 la distribution de souvenirs en gros, et cette coque pour iPhone est un choix parfait pour les boutiques de cadeaux touristiques \u00e0 la recherche de produits refl\u00e9tant l&rsquo;authenticit\u00e9 et la richesse culturelle de l&rsquo;Espagne. Avec notre s\u00e9lection de coques, nous garantissons la qualit\u00e9 et un design exclusif qui se d\u00e9marque sur le march\u00e9 des souvenirs.<\/p>\n","protected":false},"excerpt":{"rendered":"<p>Coque pour iPhone 12 en TPU avec un magnifique design de forge de couleur bleue. Cette coque combine la r\u00e9sistance et la l\u00e9g\u00e8ret\u00e9 du mat\u00e9riau avec d&rsquo;\u00e9l\u00e9gants motifs en blanc \u00e9voquant la tradition artisanale espagnole. Son design d\u00e9taill\u00e9 pr\u00e9sente un motif de filigranes rappelant les grilles d\u00e9coratives des anciennes maisons andalouses, offrant non seulement une protection, mais aussi une touche distinctive et culturelle \u00e0 votre appareil.<\/p>\n","protected":false},"featured_media":12229,"template":"","meta":{"_acf_changed":false},"product_brand":[],"product_cat":[674],"product_tag":[],"class_list":{"0":"post-26868","1":"product","2":"type-product","3":"status-publish","4":"has-post-thumbnail","6":"product_cat-etuis-pour-telephones-portables","7":"pa_motivo-forges","9":"first","10":"instock","11":"shipping-taxable","12":"product-type-simple"},"acf":[],"_links":{"self":[{"href":"https:\/\/olemosaic.com\/fr\/wp-json\/wp\/v2\/product\/26868","targetHints":{"allow":["GET"]}}],"collection":[{"href":"https:\/\/olemosaic.com\/fr\/wp-json\/wp\/v2\/product"}],"about":[{"href":"https:\/\/olemosaic.com\/fr\/wp-json\/wp\/v2\/types\/product"}],"wp:featuredmedia":[{"embeddable":true,"href":"https:\/\/olemosaic.com\/fr\/wp-json\/wp\/v2\/media\/12229"}],"wp:attachment":[{"href":"https:\/\/olemosaic.com\/fr\/wp-json\/wp\/v2\/media?parent=26868"}],"wp:term":[{"taxonomy":"product_brand","embeddable":true,"href":"https:\/\/olemosaic.com\/fr\/wp-json\/wp\/v2\/product_brand?post=26868"},{"taxonomy":"product_cat","embeddable":true,"href":"https:\/\/olemosaic.com\/fr\/wp-json\/wp\/v2\/product_cat?post=26868"},{"taxonomy":"product_tag","embeddable":true,"href":"https:\/\/olemosaic.com\/fr\/wp-json\/wp\/v2\/product_tag?post=26868"}],"curies":[{"name":"wp","href":"https:\/\/api.w.org\/{rel}","templated":true}]}}