{"id":26867,"date":"2025-02-20T22:28:48","date_gmt":"2025-02-20T22:28:48","guid":{"rendered":"http:\/\/olemosaic.com\/producto\/funda-de-telefono-para-iphone-12-tpu-gato-barcelona-blanco\/"},"modified":"2025-07-25T20:17:29","modified_gmt":"2025-07-25T18:17:29","slug":"coque-de-telephone-pour-iphone-12-tpu-chat-barcelone-blanc","status":"publish","type":"product","link":"https:\/\/olemosaic.com\/fr\/produit\/coque-de-telephone-pour-iphone-12-tpu-chat-barcelone-blanc\/","title":{"rendered":"Coque de t\u00e9l\u00e9phone pour iPhone 12 (TPU). Chat. Barcelone. Blanc"},"content":{"rendered":"<p>Cette coque pour iPhone 12 est une expression vibrante de la culture barcelonaise, inspir\u00e9e par la c\u00e9l\u00e8bre mosa\u00efque qui caract\u00e9rise l&rsquo;\u0153uvre du c\u00e9l\u00e8bre artiste Antoni Gaud\u00ed. Fabriqu\u00e9e en mat\u00e9riau TPU r\u00e9sistant, la coque pr\u00e9sente un design captivant d&rsquo;un chat color\u00e9, compos\u00e9 de diverses pi\u00e8ces de mosa\u00efque aux tons brillants qui capturent l&rsquo;essence ludique et artistique de la ville. Le fond blanc imite la texture des carreaux, cr\u00e9ant un contraste parfait qui souligne la richesse chromatique du chat et des papillons all\u00e9goriques qui l&rsquo;accompagnent, ajoutant une touche fra\u00eeche et moderne, id\u00e9ale pour les amoureux de l&rsquo;art et de la culture barcelonaise.<\/p>\n<p>Ce souvenir ne prot\u00e8ge pas seulement l&rsquo;appareil, il sert \u00e9galement de magnifique rappel de la majest\u00e9 architecturale et de l&rsquo;environnement color\u00e9 de Barcelone. La repr\u00e9sentation du chat et des papillons symbolise la cr\u00e9ativit\u00e9 et la vitalit\u00e9 de la ville, faisant de cette coque un cadeau exceptionnel pour les touristes qui souhaitent emporter un morceau de Barcelone. Chez Ol\u00e9 Mosaic, nous nous sp\u00e9cialisons dans la distribution de souvenirs en gros, offrant des produits authentiques qui c\u00e9l\u00e8brent la culture espagnole. Cette coque pour iPhone 12 est une excellente option pour les boutiques de cadeaux touristiques, car elle combine fonctionnalit\u00e9 et art, garantissant que chaque client trouve un souvenir unique et repr\u00e9sentatif.<\/p>\n","protected":false},"excerpt":{"rendered":"<p>Coque en TPU pour iPhone 12 avec un design vibrant inspir\u00e9 de la c\u00e9l\u00e8bre mosa\u00efque de Barcelone. Cette coque pr\u00e9sente un chat color\u00e9, form\u00e9 de pi\u00e8ces de divers tons \u00e9voquant l&rsquo;\u0153uvre de l&rsquo;artiste Antoni Gaud\u00ed, entour\u00e9 de joyeux papillons. Le fond blanc, avec une texture de carreaux, rehausse les couleurs riches du chat et des papillons, apportant un air joyeux et moderne, parfait pour les amoureux de la ville et de l&rsquo;art.<\/p>\n","protected":false},"featured_media":12217,"template":"","meta":{"_acf_changed":false},"product_brand":[],"product_cat":[674],"product_tag":[530],"class_list":{"0":"post-26867","1":"product","2":"type-product","3":"status-publish","4":"has-post-thumbnail","6":"product_cat-etuis-pour-telephones-portables","7":"product_tag-animaux","8":"pa_ciudad-barcelona","9":"pa_motivo-chats","10":"pa_pais-espana","12":"first","13":"instock","14":"shipping-taxable","15":"product-type-simple"},"acf":[],"_links":{"self":[{"href":"https:\/\/olemosaic.com\/fr\/wp-json\/wp\/v2\/product\/26867","targetHints":{"allow":["GET"]}}],"collection":[{"href":"https:\/\/olemosaic.com\/fr\/wp-json\/wp\/v2\/product"}],"about":[{"href":"https:\/\/olemosaic.com\/fr\/wp-json\/wp\/v2\/types\/product"}],"wp:featuredmedia":[{"embeddable":true,"href":"https:\/\/olemosaic.com\/fr\/wp-json\/wp\/v2\/media\/12217"}],"wp:attachment":[{"href":"https:\/\/olemosaic.com\/fr\/wp-json\/wp\/v2\/media?parent=26867"}],"wp:term":[{"taxonomy":"product_brand","embeddable":true,"href":"https:\/\/olemosaic.com\/fr\/wp-json\/wp\/v2\/product_brand?post=26867"},{"taxonomy":"product_cat","embeddable":true,"href":"https:\/\/olemosaic.com\/fr\/wp-json\/wp\/v2\/product_cat?post=26867"},{"taxonomy":"product_tag","embeddable":true,"href":"https:\/\/olemosaic.com\/fr\/wp-json\/wp\/v2\/product_tag?post=26867"}],"curies":[{"name":"wp","href":"https:\/\/api.w.org\/{rel}","templated":true}]}}