{"id":26865,"date":"2025-02-20T23:28:48","date_gmt":"2025-02-20T22:28:48","guid":{"rendered":"http:\/\/olemosaic.com\/producto\/funda-de-telefono-para-iphone-12-tpu-abstracto-azul-3\/"},"modified":"2025-07-25T20:30:42","modified_gmt":"2025-07-25T18:30:42","slug":"coque-de-telephone-pour-iphone-12-tpu-abstrait-bleu-3","status":"publish","type":"product","link":"https:\/\/olemosaic.com\/fr\/produit\/coque-de-telephone-pour-iphone-12-tpu-abstrait-bleu-3\/","title":{"rendered":"Coque de t\u00e9l\u00e9phone pour iPhone 12 (TPU). Abstrait. Majorque. Bleu"},"content":{"rendered":"<p>Cette coque pour iPhone 12 est un souvenir innovant et visuellement percutant qui capture l&rsquo;essence vibrante de Majorque. Fabriqu\u00e9e en TPU, cet accessoire se distingue par son design abstrait, une explosion de couleurs combinant des bleus profonds, des rouges chauds, des jaunes lumineux et des roses doux, cr\u00e9ant une \u0153uvre d&rsquo;art unique qui prot\u00e8ge votre appareil. L&rsquo;inscription \u00ab Mallorca \u00bb, en lettres blanches, s&rsquo;int\u00e8gre harmonieusement dans le fond dynamique, apportant une touche distinctive et personnelle au design. Son mat\u00e9riau flexible assure un ajustement parfait au t\u00e9l\u00e9phone, offrant non seulement une esth\u00e9tique attrayante, mais aussi une excellente r\u00e9sistance aux chocs et aux rayures.<\/p>\n<p>Ce produit ne remplit pas seulement la fonction de protection, il devient \u00e9galement un \u00e9l\u00e9ment d\u00e9coratif qui \u00e9voque la beaut\u00e9 et l&rsquo;esprit de l&rsquo;\u00eele, connue pour ses paysages captivants et sa riche culture. La connexion culturelle de cette coque en tant que souvenir est palpable, ce qui en fait un excellent choix pour les touristes \u00e0 la recherche d&rsquo;un souvenir authentique et repr\u00e9sentatif de Majorque. Chez Ol\u00e9 Mosaic, en tant que grossiste d&rsquo;accessoires, nous proposons cette coque non seulement comme un produit fonctionnel, mais aussi comme une pi\u00e8ce qui c\u00e9l\u00e8bre la diversit\u00e9 et l&rsquo;art de l&rsquo;\u00eele, id\u00e9ale pour les boutiques de cadeaux touristiques \u00e0 la recherche de solutions originales.<\/p>\n","protected":false},"excerpt":{"rendered":"<p>Coque pour iPhone 12 en TPU avec un design abstrait \u00e9voquant la beaut\u00e9 color\u00e9e de Majorque. La coque pr\u00e9sente une explosion de tons bleus, rouges, jaunes et roses, cr\u00e9ant une \u0153uvre d&rsquo;art vibrante qui prot\u00e8ge votre appareil. L&rsquo;inscription \u00ab\u00a0Mallorca\u00a0\u00bb se d\u00e9tache en lettres blanches, compl\u00e9tant le fond dynamique. Son mat\u00e9riau flexible garantit une excellente r\u00e9sistance et un ajustement parfait, id\u00e9al pour ceux qui recherchent style et fonctionnalit\u00e9.<\/p>\n","protected":false},"featured_media":12912,"template":"","meta":{"_acf_changed":false},"product_brand":[],"product_cat":[674],"product_tag":[],"class_list":{"0":"post-26865","1":"product","2":"type-product","3":"status-publish","4":"has-post-thumbnail","6":"product_cat-etuis-pour-telephones-portables","7":"pa_ciudad-mallorca","8":"pa_motivo-resume","9":"pa_pais-espana","11":"first","12":"instock","13":"shipping-taxable","14":"product-type-simple"},"acf":[],"_links":{"self":[{"href":"https:\/\/olemosaic.com\/fr\/wp-json\/wp\/v2\/product\/26865","targetHints":{"allow":["GET"]}}],"collection":[{"href":"https:\/\/olemosaic.com\/fr\/wp-json\/wp\/v2\/product"}],"about":[{"href":"https:\/\/olemosaic.com\/fr\/wp-json\/wp\/v2\/types\/product"}],"wp:featuredmedia":[{"embeddable":true,"href":"https:\/\/olemosaic.com\/fr\/wp-json\/wp\/v2\/media\/12912"}],"wp:attachment":[{"href":"https:\/\/olemosaic.com\/fr\/wp-json\/wp\/v2\/media?parent=26865"}],"wp:term":[{"taxonomy":"product_brand","embeddable":true,"href":"https:\/\/olemosaic.com\/fr\/wp-json\/wp\/v2\/product_brand?post=26865"},{"taxonomy":"product_cat","embeddable":true,"href":"https:\/\/olemosaic.com\/fr\/wp-json\/wp\/v2\/product_cat?post=26865"},{"taxonomy":"product_tag","embeddable":true,"href":"https:\/\/olemosaic.com\/fr\/wp-json\/wp\/v2\/product_tag?post=26865"}],"curies":[{"name":"wp","href":"https:\/\/api.w.org\/{rel}","templated":true}]}}