{"id":26864,"date":"2025-02-20T23:28:48","date_gmt":"2025-02-20T22:28:48","guid":{"rendered":"http:\/\/olemosaic.com\/producto\/funda-de-telefono-para-iphone-12-tpu-abstracto-azul-2\/"},"modified":"2025-07-25T19:01:12","modified_gmt":"2025-07-25T17:01:12","slug":"coque-de-telephone-pour-iphone-12-tpu-abstrait-bleu-2","status":"publish","type":"product","link":"https:\/\/olemosaic.com\/fr\/produit\/coque-de-telephone-pour-iphone-12-tpu-abstrait-bleu-2\/","title":{"rendered":"Coque de t\u00e9l\u00e9phone pour iPhone 12 (TPU). Abstrait. Motif losanges. Bleu"},"content":{"rendered":"<p>Cette coque pour iPhone 12 est la combinaison parfaite de fonctionnalit\u00e9 et de style moderne, pens\u00e9e pour ceux qui recherchent un accessoire distinctif et vibrant. Fabriqu\u00e9e en TPU de haute qualit\u00e9, elle offre une protection robuste contre les chutes et les rayures, assurant que votre appareil reste en s\u00e9curit\u00e9 sans renoncer \u00e0 la mode. Son design abstrait pr\u00e9sente des losanges dans un spectre de couleurs allant des bleus profonds aux verts vibrants et aux jaunes \u00e9clatants, cr\u00e9ant un m\u00e9lange visuel captivant qui s&rsquo;estompe de mani\u00e8re harmonieuse. Cette finition n&rsquo;apporte pas seulement une touche artistique \u00e0 votre t\u00e9l\u00e9phone, elle en fait aussi un objet d&rsquo;admiration.<\/p>\n<p>L&rsquo;utilisation de tonalit\u00e9s joyeuses et douces dans le design apporte un air contemporain, id\u00e9al pour ceux qui appr\u00e9cient l&rsquo;esth\u00e9tique moderne et souhaitent affirmer leur style. Ce souvenir est une excellente option pour les touristes qui recherchent des produits refl\u00e9tant la cr\u00e9ativit\u00e9 et l&rsquo;esprit vibrant des r\u00e9gions qu&rsquo;ils visitent, devenant ainsi un souvenir m\u00e9morable de leur exp\u00e9rience. Chez Ol\u00e9 Mosaic, nous nous sp\u00e9cialisons dans la distribution en gros d&rsquo;articles uniques comme cette coque, parfaite pour les boutiques de cadeaux touristiques qui cherchent \u00e0 offrir des accessoires distinctifs et de haute qualit\u00e9. En tant que grossistes de coques pour t\u00e9l\u00e9phone, nous garantissons l&rsquo;authenticit\u00e9 et le design de chaque pi\u00e8ce, faisant de cette coque un article indispensable pour tout amateur de style et de fonctionnalit\u00e9.<\/p>\n","protected":false},"excerpt":{"rendered":"<p>Coque pour iPhone 12 fabriqu\u00e9e en TPU, d\u00e9cor\u00e9e d&rsquo;un design abstrait dans des tons bleus, verts et jaunes. Le motif pr\u00e9sente une s\u00e9rie de losanges aux couleurs douces qui s&rsquo;estompent, offrant une finition moderne et vibrante. Cette coque ne prot\u00e8ge pas seulement votre appareil des chutes et des rayures, elle ajoute \u00e9galement une touche artistique et contemporaine, id\u00e9ale pour ceux qui recherchent un accessoire distinctif et fonctionnel.<\/p>\n","protected":false},"featured_media":12231,"template":"","meta":{"_acf_changed":false},"product_brand":[],"product_cat":[674],"product_tag":[],"class_list":{"0":"post-26864","1":"product","2":"type-product","3":"status-publish","4":"has-post-thumbnail","6":"product_cat-etuis-pour-telephones-portables","7":"pa_motivo-resume","9":"first","10":"instock","11":"shipping-taxable","12":"product-type-simple"},"acf":[],"_links":{"self":[{"href":"https:\/\/olemosaic.com\/fr\/wp-json\/wp\/v2\/product\/26864","targetHints":{"allow":["GET"]}}],"collection":[{"href":"https:\/\/olemosaic.com\/fr\/wp-json\/wp\/v2\/product"}],"about":[{"href":"https:\/\/olemosaic.com\/fr\/wp-json\/wp\/v2\/types\/product"}],"wp:featuredmedia":[{"embeddable":true,"href":"https:\/\/olemosaic.com\/fr\/wp-json\/wp\/v2\/media\/12231"}],"wp:attachment":[{"href":"https:\/\/olemosaic.com\/fr\/wp-json\/wp\/v2\/media?parent=26864"}],"wp:term":[{"taxonomy":"product_brand","embeddable":true,"href":"https:\/\/olemosaic.com\/fr\/wp-json\/wp\/v2\/product_brand?post=26864"},{"taxonomy":"product_cat","embeddable":true,"href":"https:\/\/olemosaic.com\/fr\/wp-json\/wp\/v2\/product_cat?post=26864"},{"taxonomy":"product_tag","embeddable":true,"href":"https:\/\/olemosaic.com\/fr\/wp-json\/wp\/v2\/product_tag?post=26864"}],"curies":[{"name":"wp","href":"https:\/\/api.w.org\/{rel}","templated":true}]}}