{"id":26863,"date":"2025-02-20T22:28:47","date_gmt":"2025-02-20T22:28:47","guid":{"rendered":"http:\/\/olemosaic.com\/producto\/funda-de-telefono-para-iphone-12-tpu-panoramica-barcelona-azul\/"},"modified":"2025-07-25T18:56:43","modified_gmt":"2025-07-25T16:56:43","slug":"coque-de-telephone-pour-iphone-12-tpu-panoramique-barcelone-bleu","status":"publish","type":"product","link":"https:\/\/olemosaic.com\/fr\/produit\/coque-de-telephone-pour-iphone-12-tpu-panoramique-barcelone-bleu\/","title":{"rendered":"Coque de t\u00e9l\u00e9phone pour iPhone 12 (TPU). Panoramique. Barcelone. Bleu"},"content":{"rendered":"<p>Cette coque pour iPhone 12 est l&rsquo;accessoire parfait pour ceux qui souhaitent emporter un morceau de Barcelone dans leur poche. Fabriqu\u00e9e en TPU, elle ne prot\u00e8ge pas seulement votre appareil, mais affiche \u00e9galement une vue panoramique vibrante de l&rsquo;iconique Sagrada Familia. Le design, dans des tons oranges et rouges, capture l&rsquo;essence de l&rsquo;architecture de Gaud\u00ed, compl\u00e9t\u00e9 par un fond bleu qui \u00e9voque le caract\u00e8re ensoleill\u00e9 et l&rsquo;\u00e9nergie vibrante de la ville. Le mot \u00ab\u00a0Barcelona\u00a0\u00bb, \u00e9crit en lettres color\u00e9es, est \u00e9l\u00e9gamment plac\u00e9 en bas, apportant une touche joyeuse et contemporaine.<\/p>\n<p>Les d\u00e9tails de palmiers et un ciel d\u00e9gag\u00e9 ajoutent un air tropical, \u00e9voquant les plages et le style de vie d\u00e9contract\u00e9 qui caract\u00e9risent la capitale catalane. Ce souvenir de Barcelone est une excellente fa\u00e7on de se rem\u00e9morer vos voyages ou de partager la culture m\u00e9diterran\u00e9enne avec vos amis et votre famille. Chez Ol\u00e9 Mosaic, en tant que grossiste d&rsquo;accessoires de voyage, nous sommes fiers de proposer des produits authentiques qui refl\u00e8tent le patrimoine de chaque r\u00e9gion. Cette coque est id\u00e9ale pour les boutiques de cadeaux touristiques \u00e0 la recherche d&rsquo;articles uniques et pleins de sens. Avec elle, chaque regard sur le t\u00e9l\u00e9phone sera un rappel de la beaut\u00e9 et du charme de Barcelone.<\/p>\n","protected":false},"excerpt":{"rendered":"<p>Coque pour iPhone 12 en TPU, avec une vue panoramique vibrante de Barcelone. Le design met en avant l&rsquo;iconique Sagrada Familia dans des tons oranges et rouges, aux c\u00f4t\u00e9s d&rsquo;un paysage ensoleill\u00e9 bleu qui \u00e9voque l&rsquo;\u00e9nergie de la ville. Des d\u00e9tails de palmiers et un ciel d\u00e9gag\u00e9 ajoutent une touche tropicale. Le mot \u00ab\u00a0Barcelona\u00a0\u00bb s&rsquo;affiche en lettres color\u00e9es en bas, apportant un air joyeux et contemporain \u00e0 cet accessoire pratique.<\/p>\n","protected":false},"featured_media":12227,"template":"","meta":{"_acf_changed":false},"product_brand":[],"product_cat":[674],"product_tag":[],"class_list":{"0":"post-26863","1":"product","2":"type-product","3":"status-publish","4":"has-post-thumbnail","6":"product_cat-etuis-pour-telephones-portables","7":"pa_ciudad-barcelona","8":"pa_motivo-panoramas","9":"pa_pais-espana","11":"first","12":"instock","13":"shipping-taxable","14":"product-type-simple"},"acf":[],"_links":{"self":[{"href":"https:\/\/olemosaic.com\/fr\/wp-json\/wp\/v2\/product\/26863","targetHints":{"allow":["GET"]}}],"collection":[{"href":"https:\/\/olemosaic.com\/fr\/wp-json\/wp\/v2\/product"}],"about":[{"href":"https:\/\/olemosaic.com\/fr\/wp-json\/wp\/v2\/types\/product"}],"wp:featuredmedia":[{"embeddable":true,"href":"https:\/\/olemosaic.com\/fr\/wp-json\/wp\/v2\/media\/12227"}],"wp:attachment":[{"href":"https:\/\/olemosaic.com\/fr\/wp-json\/wp\/v2\/media?parent=26863"}],"wp:term":[{"taxonomy":"product_brand","embeddable":true,"href":"https:\/\/olemosaic.com\/fr\/wp-json\/wp\/v2\/product_brand?post=26863"},{"taxonomy":"product_cat","embeddable":true,"href":"https:\/\/olemosaic.com\/fr\/wp-json\/wp\/v2\/product_cat?post=26863"},{"taxonomy":"product_tag","embeddable":true,"href":"https:\/\/olemosaic.com\/fr\/wp-json\/wp\/v2\/product_tag?post=26863"}],"curies":[{"name":"wp","href":"https:\/\/api.w.org\/{rel}","templated":true}]}}