{"id":26861,"date":"2025-02-20T22:28:47","date_gmt":"2025-02-20T22:28:47","guid":{"rendered":"http:\/\/olemosaic.com\/producto\/funda-de-telefono-para-iphone-11-tpu-sagrada-familia-barcelona-azul\/"},"modified":"2025-07-25T20:14:53","modified_gmt":"2025-07-25T18:14:53","slug":"coque-de-telephone-pour-iphone-11-tpu-sagrada-familia-barcelone-bleu","status":"publish","type":"product","link":"https:\/\/olemosaic.com\/fr\/produit\/coque-de-telephone-pour-iphone-11-tpu-sagrada-familia-barcelone-bleu\/","title":{"rendered":"Coque de t\u00e9l\u00e9phone pour iPhone 11 (TPU). Sagrada Familia. Barcelone. Bleu"},"content":{"rendered":"<p>Cette coque pour iPhone 11, fabriqu\u00e9e en TPU de haute qualit\u00e9, est un accessoire indispensable qui allie protection et style, rendant hommage \u00e0 l&#8217;embl\u00e9matique Sagrada Familia de Barcelone. Avec un design vibrant dans des tons bleus, jaunes et rouges, la coque pr\u00e9sente des illustrations qui capturent les d\u00e9tails architecturaux distinctifs de ce monument iconique, avec ses tours qui semblent toucher le ciel. Le fond bleu offre un contraste spectaculaire qui rehausse la beaut\u00e9 du temple con\u00e7u par Antoni Gaud\u00ed, faisant de cette coque une pi\u00e8ce unique et repr\u00e9sentative de la culture catalane.<\/p>\n<p>L&rsquo;image int\u00e8gre, en plus du caract\u00e8re spectaculaire des tours, la mosa\u00efque caract\u00e9ristique qui d\u00e9finit l&rsquo;\u0153uvre de Gaud\u00ed, faisant en sorte qu&rsquo;\u00e0 chaque fois que vous regardez votre t\u00e9l\u00e9phone, vous vous rappeliez l&rsquo;esth\u00e9tique in\u00e9gal\u00e9e de la capitale catalane. Le texte \u00ab\u00a0Barcelona\u00a0\u00bb est \u00e9l\u00e9gamment imprim\u00e9, ajoutant une touche d&rsquo;authenticit\u00e9 qui transforme cette coque en un souvenir id\u00e9al pour ceux qui souhaitent emporter un petit morceau de cette ville vibrante avec eux.<\/p>\n<p>Chez Ol\u00e9 Mosaic, nous offrons aux boutiques de cadeaux touristiques l&rsquo;opportunit\u00e9 de distribuer cette coque de la Sagrada Familia comme un souvenir phare de Barcelone. Parfaite pour les touristes, elle offre non seulement une excellente protection pour votre appareil, mais agit \u00e9galement comme un rappel visuel de l&rsquo;art et de l&rsquo;histoire de l&rsquo;une des merveilles architecturales de l&rsquo;Espagne. Avec notre ligne de produits en gros, chaque pi\u00e8ce refl\u00e8te l&rsquo;authenticit\u00e9 et la valeur culturelle que les voyageurs recherchent.<\/p>\n","protected":false},"excerpt":{"rendered":"<p>Coque pour iPhone 11 fabriqu\u00e9e en TPU, avec un design vibrant de la Sagrada Familia de Barcelone. Cet accessoire pr\u00e9sente des illustrations aux couleurs bleues, jaunes et rouges, capturant les d\u00e9tails architecturaux iconiques du monument. L&rsquo;image montre ses tours distinctives sur un ciel bleu en arri\u00e8re-plan, avec le mot \u00ab\u00a0Barcelona\u00a0\u00bb \u00e9l\u00e9gamment imprim\u00e9. Id\u00e9ale pour prot\u00e9ger votre appareil tout en affichant l&rsquo;une des merveilles architecturales de l&rsquo;Espagne.<\/p>\n","protected":false},"featured_media":12144,"template":"","meta":{"_acf_changed":false},"product_brand":[],"product_cat":[674],"product_tag":[],"class_list":{"0":"post-26861","1":"product","2":"type-product","3":"status-publish","4":"has-post-thumbnail","6":"product_cat-etuis-pour-telephones-portables","7":"pa_ciudad-barcelona","8":"pa_motivo-sagrada-familia","9":"pa_pais-espana","11":"first","12":"instock","13":"shipping-taxable","14":"product-type-simple"},"acf":[],"_links":{"self":[{"href":"https:\/\/olemosaic.com\/fr\/wp-json\/wp\/v2\/product\/26861","targetHints":{"allow":["GET"]}}],"collection":[{"href":"https:\/\/olemosaic.com\/fr\/wp-json\/wp\/v2\/product"}],"about":[{"href":"https:\/\/olemosaic.com\/fr\/wp-json\/wp\/v2\/types\/product"}],"wp:featuredmedia":[{"embeddable":true,"href":"https:\/\/olemosaic.com\/fr\/wp-json\/wp\/v2\/media\/12144"}],"wp:attachment":[{"href":"https:\/\/olemosaic.com\/fr\/wp-json\/wp\/v2\/media?parent=26861"}],"wp:term":[{"taxonomy":"product_brand","embeddable":true,"href":"https:\/\/olemosaic.com\/fr\/wp-json\/wp\/v2\/product_brand?post=26861"},{"taxonomy":"product_cat","embeddable":true,"href":"https:\/\/olemosaic.com\/fr\/wp-json\/wp\/v2\/product_cat?post=26861"},{"taxonomy":"product_tag","embeddable":true,"href":"https:\/\/olemosaic.com\/fr\/wp-json\/wp\/v2\/product_tag?post=26861"}],"curies":[{"name":"wp","href":"https:\/\/api.w.org\/{rel}","templated":true}]}}