{"id":26860,"date":"2025-02-20T22:28:47","date_gmt":"2025-02-20T22:28:47","guid":{"rendered":"http:\/\/olemosaic.com\/producto\/funda-de-telefono-para-iphone-11-promax-tpu-abstracto-verde\/"},"modified":"2025-07-25T20:35:32","modified_gmt":"2025-07-25T18:35:32","slug":"coque-de-telephone-pour-iphone-11-promax-tpu-abstrait-vert","status":"publish","type":"product","link":"https:\/\/olemosaic.com\/fr\/produit\/coque-de-telephone-pour-iphone-11-promax-tpu-abstrait-vert\/","title":{"rendered":"Coque de t\u00e9l\u00e9phone pour iPhone 11 Pro Max (TPU). Abstrait. Vert"},"content":{"rendered":"<p>Cette coque pour iPhone 11 Pro Max est un accessoire indispensable pour ceux qui souhaitent prot\u00e9ger leur appareil avec style. Fabriqu\u00e9e en TPU de haute qualit\u00e9, son design se distingue par un motif abstrait percutant combinant des tons verts vibrants avec un m\u00e9lange de bleus, d&rsquo;oranges et de jaunes. Ce motif fluide et contemporain apporte une touche dynamique et artistique, transformant votre t\u00e9l\u00e9phone en une extension de votre personnalit\u00e9.<\/p>\n<p>La surface de la coque pr\u00e9sente des formes organiques qui \u00e9voquent le mouvement et la cr\u00e9ativit\u00e9, en faisant un choix id\u00e9al tant pour un usage quotidien que pour des occasions sp\u00e9ciales. Sa l\u00e9g\u00e8ret\u00e9 et sa flexibilit\u00e9 garantissent une excellente adaptation \u00e0 l&rsquo;iPhone 11 Pro Max, assurant que l&rsquo;appareil soit prot\u00e9g\u00e9 contre les chocs et les rayures, sans compromettre son esth\u00e9tique.<\/p>\n<p>Cet accessoire n&rsquo;est pas seulement fonctionnel, c&rsquo;est aussi un brillant rappel de la culture artistique contemporaine vibrante que l&rsquo;on vit en Espagne, o\u00f9 l&rsquo;art et le design s&rsquo;entrelacent pour cr\u00e9er des pi\u00e8ces uniques. Chez Ol\u00e9 Mosaic, nous comprenons l&rsquo;importance de proposer des souvenirs qui ne sont pas seulement repr\u00e9sentatifs, mais qui racontent aussi une histoire. Cette coque n&rsquo;est pas seulement un souvenir de qualit\u00e9, mais aussi une excellente option pour les boutiques de cadeaux touristiques \u00e0 la recherche de produits authentiques et \u00e0 forte demande. En tant que grossistes de coques de t\u00e9l\u00e9phone, nous garantissons des produits qui fusionnent l&rsquo;art, la fonctionnalit\u00e9 et la culture.<\/p>\n","protected":false},"excerpt":{"rendered":"<p>Coque pour iPhone 11 Pro Max fabriqu\u00e9e en TPU, con\u00e7ue avec un motif abstrait percutant dans des tons verts vibrants. La surface, o\u00f9 s&rsquo;entrem\u00ealent bleus, oranges et jaunes, cr\u00e9e un motif fluide et contemporain qui se distingue par son dynamisme. Id\u00e9ale pour ceux qui cherchent \u00e0 prot\u00e9ger leur appareil tout en ajoutant une touche artistique et moderne \u00e0 leur style quotidien. Son design l\u00e9ger et flexible garantit une excellente adaptation au t\u00e9l\u00e9phone.<\/p>\n","protected":false},"featured_media":12201,"template":"","meta":{"_acf_changed":false},"product_brand":[],"product_cat":[674],"product_tag":[],"class_list":{"0":"post-26860","1":"product","2":"type-product","3":"status-publish","4":"has-post-thumbnail","6":"product_cat-etuis-pour-telephones-portables","7":"pa_motivo-resume","9":"first","10":"instock","11":"shipping-taxable","12":"product-type-simple"},"acf":[],"_links":{"self":[{"href":"https:\/\/olemosaic.com\/fr\/wp-json\/wp\/v2\/product\/26860","targetHints":{"allow":["GET"]}}],"collection":[{"href":"https:\/\/olemosaic.com\/fr\/wp-json\/wp\/v2\/product"}],"about":[{"href":"https:\/\/olemosaic.com\/fr\/wp-json\/wp\/v2\/types\/product"}],"wp:featuredmedia":[{"embeddable":true,"href":"https:\/\/olemosaic.com\/fr\/wp-json\/wp\/v2\/media\/12201"}],"wp:attachment":[{"href":"https:\/\/olemosaic.com\/fr\/wp-json\/wp\/v2\/media?parent=26860"}],"wp:term":[{"taxonomy":"product_brand","embeddable":true,"href":"https:\/\/olemosaic.com\/fr\/wp-json\/wp\/v2\/product_brand?post=26860"},{"taxonomy":"product_cat","embeddable":true,"href":"https:\/\/olemosaic.com\/fr\/wp-json\/wp\/v2\/product_cat?post=26860"},{"taxonomy":"product_tag","embeddable":true,"href":"https:\/\/olemosaic.com\/fr\/wp-json\/wp\/v2\/product_tag?post=26860"}],"curies":[{"name":"wp","href":"https:\/\/api.w.org\/{rel}","templated":true}]}}