{"id":26829,"date":"2025-02-20T22:28:47","date_gmt":"2025-02-20T22:28:47","guid":{"rendered":"http:\/\/olemosaic.com\/producto\/funda-de-telefono-para-iphone-11-promax-tpu-salamandra-barcelona-negro\/"},"modified":"2025-07-25T22:35:03","modified_gmt":"2025-07-25T20:35:03","slug":"coque-de-telephone-pour-iphone-11-pro-max-tpu-salamandre-barcelone-noir","status":"publish","type":"product","link":"https:\/\/olemosaic.com\/fr\/produit\/coque-de-telephone-pour-iphone-11-pro-max-tpu-salamandre-barcelone-noir\/","title":{"rendered":"Coque de t\u00e9l\u00e9phone pour iPhone 11 Pro Max (TPU). Salamandre. Barcelone. Noir"},"content":{"rendered":"<p>Cette coque pour iPhone 11 Pro Max est un souvenir unique qui c\u00e9l\u00e8bre la culture vibrante de Barcelone. Fabriqu\u00e9e en TPU de haute qualit\u00e9, elle ne prot\u00e8ge pas seulement votre appareil, elle l&rsquo;habille d&rsquo;un design artistique et moderne qui capture l&rsquo;essence du modernisme catalan. Sur un \u00e9l\u00e9gant fond noir, se d\u00e9tachent des salamandres color\u00e9es dans des tons bleus, verts et rouges, accompagn\u00e9es de fleurs \u00e9clatantes qui ajoutent fra\u00eecheur et vitalit\u00e9 au design. Le mot \u00ab\u00a0Barcelona\u00a0\u00bb est imprim\u00e9 avec un style distinctif, apportant authenticit\u00e9 et attrait visuel qui souligne l&rsquo;identit\u00e9 de la ville.<\/p>\n<p>Cet accessoire n&rsquo;est pas seulement fonctionnel ; c&rsquo;est un souvenir repr\u00e9sentatif qui relie les touristes \u00e0 la riche tradition artistique de Barcelone, c\u00e9l\u00e8bre pour ses designs inspir\u00e9s de la nature et l&rsquo;utilisation de couleurs vibrantes. Id\u00e9ale pour ceux qui cherchent \u00e0 emporter un morceau de la ville, cette coque est une excellente option pour les boutiques de cadeaux touristiques souhaitant offrir des souvenirs authentiques et modernes. Chez Ol\u00e9 Mosaic, en tant que grossiste d&rsquo;accessoires et de souvenirs, nous garantissons que chaque produit est une pi\u00e8ce unique et authentique qui refl\u00e8te la beaut\u00e9 de la Catalogne, devenant l&rsquo;option parfaite pour tout visiteur amoureux de la culture barcelonaise.<\/p>\n","protected":false},"excerpt":{"rendered":"<p>Coque pour iPhone 11 Pro Max fabriqu\u00e9e en TPU, d\u00e9cor\u00e9e d&rsquo;une illustration vibrante de salamandres sur un fond noir. Le design se distingue par ses motifs color\u00e9s inspir\u00e9s de l&rsquo;art moderniste barcelonais, avec des salamandres dans des tons bleus, verts et rouges, accompagn\u00e9es de fleurs aux couleurs vives. Le mot \u00ab\u00a0Barcelona\u00a0\u00bb est imprim\u00e9 avec \u00e9l\u00e9gance, apportant une touche distinctive \u00e0 cet accessoire moderne et fonctionnel, parfait pour prot\u00e9ger votre appareil.<\/p>\n","protected":false},"featured_media":12211,"template":"","meta":{"_acf_changed":false},"product_brand":[],"product_cat":[674],"product_tag":[530],"class_list":{"0":"post-26829","1":"product","2":"type-product","3":"status-publish","4":"has-post-thumbnail","6":"product_cat-etuis-pour-telephones-portables","7":"product_tag-animaux","8":"pa_ciudad-barcelona","9":"pa_motivo-salamandres","10":"pa_pais-espana","12":"first","13":"instock","14":"shipping-taxable","15":"product-type-simple"},"acf":[],"_links":{"self":[{"href":"https:\/\/olemosaic.com\/fr\/wp-json\/wp\/v2\/product\/26829","targetHints":{"allow":["GET"]}}],"collection":[{"href":"https:\/\/olemosaic.com\/fr\/wp-json\/wp\/v2\/product"}],"about":[{"href":"https:\/\/olemosaic.com\/fr\/wp-json\/wp\/v2\/types\/product"}],"wp:featuredmedia":[{"embeddable":true,"href":"https:\/\/olemosaic.com\/fr\/wp-json\/wp\/v2\/media\/12211"}],"wp:attachment":[{"href":"https:\/\/olemosaic.com\/fr\/wp-json\/wp\/v2\/media?parent=26829"}],"wp:term":[{"taxonomy":"product_brand","embeddable":true,"href":"https:\/\/olemosaic.com\/fr\/wp-json\/wp\/v2\/product_brand?post=26829"},{"taxonomy":"product_cat","embeddable":true,"href":"https:\/\/olemosaic.com\/fr\/wp-json\/wp\/v2\/product_cat?post=26829"},{"taxonomy":"product_tag","embeddable":true,"href":"https:\/\/olemosaic.com\/fr\/wp-json\/wp\/v2\/product_tag?post=26829"}],"curies":[{"name":"wp","href":"https:\/\/api.w.org\/{rel}","templated":true}]}}