{"id":26828,"date":"2025-02-20T22:28:47","date_gmt":"2025-02-20T22:28:47","guid":{"rendered":"http:\/\/olemosaic.com\/producto\/funda-de-telefono-para-iphone-11-promax-tpu-panoramica-barcelona-blanco\/"},"modified":"2025-07-25T19:38:58","modified_gmt":"2025-07-25T17:38:58","slug":"coque-de-telephone-pour-iphone-11-pro-max-tpu-panoramique-barcelone-blanc","status":"publish","type":"product","link":"https:\/\/olemosaic.com\/fr\/produit\/coque-de-telephone-pour-iphone-11-pro-max-tpu-panoramique-barcelone-blanc\/","title":{"rendered":"Coque de t\u00e9l\u00e9phone pour iPhone 11 Pro Max (TPU). Panoramique. Barcelone. Blanc"},"content":{"rendered":"<p>Cette coque pour iPhone 11 Pro Max est un souvenir impressionnant de Barcelone qui non seulement prot\u00e8ge votre appareil, mais c\u00e9l\u00e8bre \u00e9galement la magnifique architecture de la ville. Fabriqu\u00e9e en TPU, cette coque pr\u00e9sente un design vibrant avec une vue panoramique des b\u00e2timents embl\u00e9matiques d&rsquo;Antoni Gaud\u00ed, tels que l&rsquo;in\u00e9galable Sagrada Familia et la color\u00e9e Casa Batll\u00f3, immortalis\u00e9s dans une mosa\u00efque attrayante de couleurs vives sur un fond blanc. La combinaison de tons rouges, jaunes, verts et bleus \u00e9voque l&rsquo;\u00e9nergie et la cr\u00e9ativit\u00e9 qui caract\u00e9risent la ville, transformant votre t\u00e9l\u00e9phone en une v\u00e9ritable \u0153uvre d&rsquo;art qui souligne la richesse culturelle de Barcelone.<\/p>\n<p>En tant qu&rsquo;excellent souvenir repr\u00e9sentatif de la capitale catalane, cette coque se distingue non seulement par son esth\u00e9tique, mais aussi par sa fonctionnalit\u00e9. Elle offre une protection robuste contre les chutes et les rayures, garantissant que votre t\u00e9l\u00e9phone reste en parfait \u00e9tat tout en affichant votre amour pour la ville. C&rsquo;est le choix id\u00e9al pour les touristes \u00e0 la recherche de souvenirs authentiques et le cadeau parfait pour ceux qui souhaitent emporter un morceau de Barcelone avec eux. Chez Ol\u00e9 Mosaic, nous sommes distributeurs de produits repr\u00e9sentatifs de qualit\u00e9 et cette coque spectaculaire est un excellent exemple de notre engagement envers l&rsquo;authenticit\u00e9 et le design culturel, parfaite pour les boutiques de cadeaux touristiques cherchant \u00e0 offrir des souvenirs de Barcelone qui font la diff\u00e9rence.<\/p>\n","protected":false},"excerpt":{"rendered":"<p>Coque pour iPhone 11 Pro Max fabriqu\u00e9e en TPU, avec une vue panoramique vibrante de Barcelone. Ce design illustratif montre les b\u00e2timents embl\u00e9matiques d&rsquo;Antoni Gaud\u00ed, comme la Sagrada Familia et la Casa Batll\u00f3, dans une mosa\u00efque attrayante de couleurs vives sur un fond blanc. La coque ne prot\u00e8ge pas seulement le t\u00e9l\u00e9phone, elle met \u00e9galement en valeur la beaut\u00e9 architecturale de la ville, id\u00e9ale pour afficher votre amour pour Barcelone au quotidien.<\/p>\n","protected":false},"featured_media":12199,"template":"","meta":{"_acf_changed":false},"product_brand":[],"product_cat":[674],"product_tag":[],"class_list":{"0":"post-26828","1":"product","2":"type-product","3":"status-publish","4":"has-post-thumbnail","6":"product_cat-etuis-pour-telephones-portables","7":"pa_ciudad-barcelona","8":"pa_motivo-panoramas","9":"pa_pais-espana","11":"first","12":"instock","13":"shipping-taxable","14":"product-type-simple"},"acf":[],"_links":{"self":[{"href":"https:\/\/olemosaic.com\/fr\/wp-json\/wp\/v2\/product\/26828","targetHints":{"allow":["GET"]}}],"collection":[{"href":"https:\/\/olemosaic.com\/fr\/wp-json\/wp\/v2\/product"}],"about":[{"href":"https:\/\/olemosaic.com\/fr\/wp-json\/wp\/v2\/types\/product"}],"wp:featuredmedia":[{"embeddable":true,"href":"https:\/\/olemosaic.com\/fr\/wp-json\/wp\/v2\/media\/12199"}],"wp:attachment":[{"href":"https:\/\/olemosaic.com\/fr\/wp-json\/wp\/v2\/media?parent=26828"}],"wp:term":[{"taxonomy":"product_brand","embeddable":true,"href":"https:\/\/olemosaic.com\/fr\/wp-json\/wp\/v2\/product_brand?post=26828"},{"taxonomy":"product_cat","embeddable":true,"href":"https:\/\/olemosaic.com\/fr\/wp-json\/wp\/v2\/product_cat?post=26828"},{"taxonomy":"product_tag","embeddable":true,"href":"https:\/\/olemosaic.com\/fr\/wp-json\/wp\/v2\/product_tag?post=26828"}],"curies":[{"name":"wp","href":"https:\/\/api.w.org\/{rel}","templated":true}]}}