{"id":26825,"date":"2025-02-20T22:28:46","date_gmt":"2025-02-20T22:28:46","guid":{"rendered":"http:\/\/olemosaic.com\/producto\/funda-de-telefono-para-iphone-11-pro-tpu-mosaico-blanco\/"},"modified":"2025-07-25T19:00:32","modified_gmt":"2025-07-25T17:00:32","slug":"coque-de-telephone-pour-iphone-11-pro-tpu-mosaique-blanc","status":"publish","type":"product","link":"https:\/\/olemosaic.com\/fr\/produit\/coque-de-telephone-pour-iphone-11-pro-tpu-mosaique-blanc\/","title":{"rendered":"Coque de t\u00e9l\u00e9phone pour iPhone 11 Pro (TPU). Mosa\u00efque. Blanc"},"content":{"rendered":"<p>Cette coque pour iPhone 11 Pro est une r\u00e9interpr\u00e9tation sophistiqu\u00e9e de l&rsquo;art de la mosa\u00efque espagnole, fabriqu\u00e9e en TPU pour garantir durabilit\u00e9 et flexibilit\u00e9. Son design vibrant pr\u00e9sente un m\u00e9lange captivant de motifs g\u00e9om\u00e9triques dans des tons bleus, rouges, oranges et blancs, \u00e9voquant la riche tradition d\u00e9corative andalouse, o\u00f9 les azulejos ornent de nombreuses \u0153uvres architecturales. Chaque d\u00e9tail est m\u00e9ticuleusement con\u00e7u, offrant une vari\u00e9t\u00e9 de formes et de couleurs qui cr\u00e9ent un effet visuel dynamique et attrayant.<\/p>\n<p>Avec une finition lisse, cette coque offre non seulement une protection robuste contre les chocs et les rayures, mais ajoute \u00e9galement une touche artistique \u00e0 votre appareil, devenant un accessoire indispensable pour ceux qui recherchent la fusion entre fonctionnalit\u00e9 et esth\u00e9tique. Cet article est plus qu&rsquo;un simple accessoire ; c&rsquo;est un authentique souvenir qui c\u00e9l\u00e8bre la culture espagnole, parfait pour ceux qui souhaitent emporter un petit morceau d&rsquo;Espagne avec eux.<\/p>\n<p>Chez Ol\u00e9 Mosaic, nous nous sp\u00e9cialisons dans l&rsquo;offre de produits authentiques et repr\u00e9sentatifs de la culture espagnole en gros. Cette coque en mosa\u00efque est un excellent choix pour les boutiques de cadeaux touristiques cherchant \u00e0 proposer des souvenirs de qualit\u00e9 et de pertinence culturelle. En tant que grossistes d&rsquo;accessoires de t\u00e9l\u00e9phonie, nous assurons un design attrayant et l&rsquo;authenticit\u00e9 que les touristes appr\u00e9cient en se rem\u00e9morant leur visite en Espagne.<\/p>\n","protected":false},"excerpt":{"rendered":"<p>Coque pour iPhone 11 Pro fabriqu\u00e9e en TPU avec un design vibrant de mosa\u00efques \u00e9voquant la riche tradition d\u00e9corative espagnole. Elle pr\u00e9sente une vari\u00e9t\u00e9 color\u00e9e de motifs g\u00e9om\u00e9triques dans des tons bleus, rouges, oranges et blancs, rappelant les azulejos de l&rsquo;architecture andalouse. Sa finition lisse prot\u00e8ge non seulement le t\u00e9l\u00e9phone, mais ajoute \u00e9galement une touche artistique, id\u00e9ale pour ceux qui recherchent un accessoire fonctionnel et esth\u00e9tiquement attrayant.<\/p>\n","protected":false},"featured_media":12993,"template":"","meta":{"_acf_changed":false},"product_brand":[],"product_cat":[674],"product_tag":[],"class_list":{"0":"post-26825","1":"product","2":"type-product","3":"status-publish","4":"has-post-thumbnail","6":"product_cat-etuis-pour-telephones-portables","7":"pa_motivo-mosaique","9":"first","10":"instock","11":"shipping-taxable","12":"product-type-simple"},"acf":[],"_links":{"self":[{"href":"https:\/\/olemosaic.com\/fr\/wp-json\/wp\/v2\/product\/26825","targetHints":{"allow":["GET"]}}],"collection":[{"href":"https:\/\/olemosaic.com\/fr\/wp-json\/wp\/v2\/product"}],"about":[{"href":"https:\/\/olemosaic.com\/fr\/wp-json\/wp\/v2\/types\/product"}],"wp:featuredmedia":[{"embeddable":true,"href":"https:\/\/olemosaic.com\/fr\/wp-json\/wp\/v2\/media\/12993"}],"wp:attachment":[{"href":"https:\/\/olemosaic.com\/fr\/wp-json\/wp\/v2\/media?parent=26825"}],"wp:term":[{"taxonomy":"product_brand","embeddable":true,"href":"https:\/\/olemosaic.com\/fr\/wp-json\/wp\/v2\/product_brand?post=26825"},{"taxonomy":"product_cat","embeddable":true,"href":"https:\/\/olemosaic.com\/fr\/wp-json\/wp\/v2\/product_cat?post=26825"},{"taxonomy":"product_tag","embeddable":true,"href":"https:\/\/olemosaic.com\/fr\/wp-json\/wp\/v2\/product_tag?post=26825"}],"curies":[{"name":"wp","href":"https:\/\/api.w.org\/{rel}","templated":true}]}}