{"id":26824,"date":"2025-02-20T23:28:46","date_gmt":"2025-02-20T22:28:46","guid":{"rendered":"http:\/\/olemosaic.com\/producto\/funda-de-telefono-para-iphone-11-pro-tpu-abstracto-negro-2\/"},"modified":"2025-07-18T14:40:31","modified_gmt":"2025-07-18T12:40:31","slug":"coque-telephone-iphone-11-pro-tpu-abstrait-noir-2","status":"publish","type":"product","link":"https:\/\/olemosaic.com\/fr\/produit\/coque-telephone-iphone-11-pro-tpu-abstrait-noir-2\/","title":{"rendered":"Coque de t\u00e9l\u00e9phone pour iPhone 11 Pro (TPU). Abstrait. Effet nuages. Noir"},"content":{"rendered":"<p>Cette coque pour iPhone 11 Pro est une pi\u00e8ce moderne et vibrante qui allie parfaitement style et fonctionnalit\u00e9. Fabriqu\u00e9e en TPU de haute qualit\u00e9, son design abstrait se distingue par un impressionnant motif de nuages color\u00e9s fusionnant des tons noirs, bleus, oranges et roses, cr\u00e9ant un effet dynamique et contemporain. Ce m\u00e9lange de couleurs attire non seulement l&rsquo;attention, mais apporte \u00e9galement une touche artistique, transformant un accessoire quotidien en une expression de style personnel. La texture douce du TPU offre une protection efficace contre les impacts et les chutes, garantissant que votre iPhone 11 Pro reste en s\u00e9curit\u00e9 dans toutes les situations. De plus, sa surface ergonomique facilite une prise en main confortable, la rendant facile \u00e0 manipuler au quotidien.<\/p>\n<p>En tant que souvenir repr\u00e9sentatif de la cr\u00e9ativit\u00e9 et de l&rsquo;innovation du design contemporain, cette coque est parfaite pour ceux qui recherchent un souvenir fonctionnel de leur passage en Espagne ou au Portugal. Chez Ol\u00e9 Mosaic, nous sommes fiers de proposer des produits authentiques et de qualit\u00e9 en gros, comme cette coque de t\u00e9l\u00e9phone, id\u00e9ale pour les boutiques de cadeaux touristiques souhaitant offrir des articles uniques \u00e0 leurs clients. Un souvenir qui allie art et utilit\u00e9, parfait pour ceux qui appr\u00e9cient le design moderne.<\/p>\n","protected":false},"excerpt":{"rendered":"<p>Coque pour iPhone 11 Pro fabriqu\u00e9e en TPU avec un design abstrait dans les tons noir, bleu, orange et rose. Cette coque pr\u00e9sente un motif vibrant de nuages color\u00e9s entrelac\u00e9s, cr\u00e9ant un effet dynamique et moderne. La texture douce du mat\u00e9riau TPU prot\u00e8ge non seulement contre les impacts, mais offre \u00e9galement une prise en main confortable, ce qui en fait un accessoire attrayant et fonctionnel pour les amateurs de design contemporain.<\/p>\n","protected":false},"featured_media":12173,"template":"","meta":{"_acf_changed":false},"product_brand":[],"product_cat":[674],"product_tag":[],"class_list":{"0":"post-26824","1":"product","2":"type-product","3":"status-publish","4":"has-post-thumbnail","6":"product_cat-etuis-pour-telephones-portables","7":"pa_motivo-resume","9":"first","10":"instock","11":"shipping-taxable","12":"product-type-simple"},"acf":[],"_links":{"self":[{"href":"https:\/\/olemosaic.com\/fr\/wp-json\/wp\/v2\/product\/26824","targetHints":{"allow":["GET"]}}],"collection":[{"href":"https:\/\/olemosaic.com\/fr\/wp-json\/wp\/v2\/product"}],"about":[{"href":"https:\/\/olemosaic.com\/fr\/wp-json\/wp\/v2\/types\/product"}],"wp:featuredmedia":[{"embeddable":true,"href":"https:\/\/olemosaic.com\/fr\/wp-json\/wp\/v2\/media\/12173"}],"wp:attachment":[{"href":"https:\/\/olemosaic.com\/fr\/wp-json\/wp\/v2\/media?parent=26824"}],"wp:term":[{"taxonomy":"product_brand","embeddable":true,"href":"https:\/\/olemosaic.com\/fr\/wp-json\/wp\/v2\/product_brand?post=26824"},{"taxonomy":"product_cat","embeddable":true,"href":"https:\/\/olemosaic.com\/fr\/wp-json\/wp\/v2\/product_cat?post=26824"},{"taxonomy":"product_tag","embeddable":true,"href":"https:\/\/olemosaic.com\/fr\/wp-json\/wp\/v2\/product_tag?post=26824"}],"curies":[{"name":"wp","href":"https:\/\/api.w.org\/{rel}","templated":true}]}}