{"id":26823,"date":"2025-02-20T22:28:46","date_gmt":"2025-02-20T22:28:46","guid":{"rendered":"http:\/\/olemosaic.com\/producto\/funda-de-telefono-para-iphone-11-pro-tpu-salamandra-barcelona-negro\/"},"modified":"2025-07-25T19:18:06","modified_gmt":"2025-07-25T17:18:06","slug":"coque-telephone-iphone-11-pro-tpu-salamandre-barcelone-noir","status":"publish","type":"product","link":"https:\/\/olemosaic.com\/fr\/produit\/coque-telephone-iphone-11-pro-tpu-salamandre-barcelone-noir\/","title":{"rendered":"Coque de t\u00e9l\u00e9phone pour iPhone 11 Pro (TPU). Salamandre. Barcelone. Noir"},"content":{"rendered":"<p>Cette coque pour iPhone 11 Pro est un souvenir \u00e9l\u00e9gant inspir\u00e9 de la vibrante culture barcelonaise. Fabriqu\u00e9e en TPU de haute qualit\u00e9, elle offre une protection durable et un ajustement parfait pour votre appareil. Son design se distingue par la repr\u00e9sentation artistique de salamandres color\u00e9es qui \u00e9voquent l&rsquo;architecture moderniste embl\u00e9matique de la ville. Chaque salamandre pr\u00e9sente un style de mosa\u00efque plein de nuances, compl\u00e9t\u00e9 par des d\u00e9tails floraux dans des tons contrast\u00e9s sur un fond noir, cr\u00e9ant un effet visuel captivant qui ne passera pas inaper\u00e7u.<\/p>\n<p>Le mot \u00ab Barcelone \u00bb est \u00e9l\u00e9gamment imprim\u00e9 en bas, ajoutant une touche personnelle qui transforme cette coque en un souvenir fonctionnel et attrayant. Ce produit capture l&rsquo;essence de la ville, avec un design qui rend hommage \u00e0 la diversit\u00e9 de sa flore et de sa faune, symbolisant le lien entre nature et art qui caract\u00e9rise cette m\u00e9tropole. En tant que souvenir de Barcelone, cette coque prot\u00e8ge non seulement votre t\u00e9l\u00e9phone, mais vous permet \u00e9galement d&#8217;emporter un morceau du riche h\u00e9ritage culturel de la ville partout o\u00f9 vous allez.<\/p>\n<p>Chez Ol\u00e9 Mosaic, nous sommes des distributeurs de souvenirs de haute qualit\u00e9, et cette coque salamandre est une excellente option pour les boutiques de cadeaux touristiques cherchant \u00e0 offrir des produits authentiques et repr\u00e9sentatifs de la culture catalane. Avec son design original et sa pertinence culturelle, elle devient un choix id\u00e9al pour les touristes souhaitant ramener un souvenir significatif de Barcelone.<\/p>\n","protected":false},"excerpt":{"rendered":"<p>Coque pour iPhone 11 Pro fabriqu\u00e9e en TPU, orn\u00e9e d&rsquo;un design vibrant de salamandres et de fleurs aux couleurs contrast\u00e9es sur fond noir. Inspir\u00e9e de l&rsquo;architecture moderniste de Barcelone, chaque salamandre pr\u00e9sente un style mosa\u00efque, compl\u00e9t\u00e9 par des d\u00e9tails floraux qui ajoutent une touche artistique. Le mot \u00ab Barcelone \u00bb est \u00e9l\u00e9gamment imprim\u00e9, faisant de cette coque un souvenir fonctionnel et attrayant qui capture l&rsquo;essence de la ville.<\/p>\n","protected":false},"featured_media":12171,"template":"","meta":{"_acf_changed":false},"product_brand":[],"product_cat":[674],"product_tag":[530],"class_list":{"0":"post-26823","1":"product","2":"type-product","3":"status-publish","4":"has-post-thumbnail","6":"product_cat-etuis-pour-telephones-portables","7":"product_tag-animaux","8":"pa_ciudad-barcelona","9":"pa_motivo-salamandres","10":"pa_pais-espana","12":"first","13":"instock","14":"shipping-taxable","15":"product-type-simple"},"acf":[],"_links":{"self":[{"href":"https:\/\/olemosaic.com\/fr\/wp-json\/wp\/v2\/product\/26823","targetHints":{"allow":["GET"]}}],"collection":[{"href":"https:\/\/olemosaic.com\/fr\/wp-json\/wp\/v2\/product"}],"about":[{"href":"https:\/\/olemosaic.com\/fr\/wp-json\/wp\/v2\/types\/product"}],"wp:featuredmedia":[{"embeddable":true,"href":"https:\/\/olemosaic.com\/fr\/wp-json\/wp\/v2\/media\/12171"}],"wp:attachment":[{"href":"https:\/\/olemosaic.com\/fr\/wp-json\/wp\/v2\/media?parent=26823"}],"wp:term":[{"taxonomy":"product_brand","embeddable":true,"href":"https:\/\/olemosaic.com\/fr\/wp-json\/wp\/v2\/product_brand?post=26823"},{"taxonomy":"product_cat","embeddable":true,"href":"https:\/\/olemosaic.com\/fr\/wp-json\/wp\/v2\/product_cat?post=26823"},{"taxonomy":"product_tag","embeddable":true,"href":"https:\/\/olemosaic.com\/fr\/wp-json\/wp\/v2\/product_tag?post=26823"}],"curies":[{"name":"wp","href":"https:\/\/api.w.org\/{rel}","templated":true}]}}