{"id":26821,"date":"2025-02-20T22:28:46","date_gmt":"2025-02-20T22:28:46","guid":{"rendered":"http:\/\/olemosaic.com\/producto\/funda-de-telefono-para-iphone-11-pro-tpu-mariposa-mallorca-blanco\/"},"modified":"2025-07-25T18:55:21","modified_gmt":"2025-07-25T16:55:21","slug":"coque-telephone-iphone-11-pro-tpu-papillon-majorque-blanc","status":"publish","type":"product","link":"https:\/\/olemosaic.com\/fr\/produit\/coque-telephone-iphone-11-pro-tpu-papillon-majorque-blanc\/","title":{"rendered":"Coque de t\u00e9l\u00e9phone pour iPhone 11 Pro (TPU). Papillon. Majorque. Blanc"},"content":{"rendered":"<p>Cette coque pour iPhone 11 Pro est un accessoire vibrant et artistique qui capture l&rsquo;essence de Majorque. Con\u00e7ue en TPU, elle pr\u00e9sente une base blanche qui sert de toile \u00e0 une mosa\u00efque color\u00e9e orn\u00e9e de papillons dans les tons orange, bleu et rose. Chaque papillon, m\u00e9ticuleusement d\u00e9taill\u00e9, vole sur un fond unique qui \u00e9voque la richesse visuelle de l&rsquo;art majorquin, cr\u00e9ant un contraste captivant qui ravira les touristes comme les locaux. Le mot \u00ab Majorque \u00bb en bas ajoute une touche culturelle, rappelant aux utilisateurs l&rsquo;origine de cette belle pi\u00e8ce. Cette coque offre non seulement une excellente protection pour l&rsquo;appareil, mais devient \u00e9galement un souvenir repr\u00e9sentatif de l&rsquo;\u00eele, id\u00e9al pour ceux qui recherchent des souvenirs de Majorque mettant en valeur son patrimoine artistique et naturel. Chez Ol\u00e9 Mosaic, nous sommes fiers d&rsquo;\u00eatre des distributeurs de souvenirs authentiques, proposant cette coque papillon comme une option parfaite pour les boutiques de cadeaux touristiques souhaitant offrir des produits de qualit\u00e9 et de pertinence culturelle. \u00c9quiper les touristes de cet accessoire \u00e9l\u00e9gant est, sans aucun doute, une excellente fa\u00e7on de ramener un morceau de Majorque chez soi.<\/p>\n","protected":false},"excerpt":{"rendered":"<p>Coque pour iPhone 11 Pro fabriqu\u00e9e en TPU avec un design vibrant de papillons. Cette coque pr\u00e9sente une base blanche orn\u00e9e de mosa\u00efques color\u00e9es \u00e9voquant l&rsquo;art de Majorque, avec des papillons dans les tons orange, bleu et rose comme protagonistes. Les papillons, soigneusement d\u00e9taill\u00e9s, embellissent le fond d&rsquo;une touche artistique. Le mot \u00ab Majorque \u00bb en bas souligne l&rsquo;origine culturelle de ce produit attrayant. Id\u00e9al pour ceux qui cherchent \u00e0 prot\u00e9ger leur t\u00e9l\u00e9phone avec style.<\/p>\n","protected":false},"featured_media":13383,"template":"","meta":{"_acf_changed":false},"product_brand":[],"product_cat":[674],"product_tag":[530],"class_list":{"0":"post-26821","1":"product","2":"type-product","3":"status-publish","4":"has-post-thumbnail","6":"product_cat-etuis-pour-telephones-portables","7":"product_tag-animaux","8":"pa_ciudad-mallorca","9":"pa_motivo-papillons","10":"pa_pais-espana","12":"first","13":"instock","14":"shipping-taxable","15":"product-type-simple"},"acf":[],"_links":{"self":[{"href":"https:\/\/olemosaic.com\/fr\/wp-json\/wp\/v2\/product\/26821","targetHints":{"allow":["GET"]}}],"collection":[{"href":"https:\/\/olemosaic.com\/fr\/wp-json\/wp\/v2\/product"}],"about":[{"href":"https:\/\/olemosaic.com\/fr\/wp-json\/wp\/v2\/types\/product"}],"wp:featuredmedia":[{"embeddable":true,"href":"https:\/\/olemosaic.com\/fr\/wp-json\/wp\/v2\/media\/13383"}],"wp:attachment":[{"href":"https:\/\/olemosaic.com\/fr\/wp-json\/wp\/v2\/media?parent=26821"}],"wp:term":[{"taxonomy":"product_brand","embeddable":true,"href":"https:\/\/olemosaic.com\/fr\/wp-json\/wp\/v2\/product_brand?post=26821"},{"taxonomy":"product_cat","embeddable":true,"href":"https:\/\/olemosaic.com\/fr\/wp-json\/wp\/v2\/product_cat?post=26821"},{"taxonomy":"product_tag","embeddable":true,"href":"https:\/\/olemosaic.com\/fr\/wp-json\/wp\/v2\/product_tag?post=26821"}],"curies":[{"name":"wp","href":"https:\/\/api.w.org\/{rel}","templated":true}]}}