{"id":26820,"date":"2025-02-20T22:28:46","date_gmt":"2025-02-20T22:28:46","guid":{"rendered":"http:\/\/olemosaic.com\/producto\/funda-de-telefono-para-iphone-11-pro-tpu-salamandra-mallorca-blanco\/"},"modified":"2025-07-25T19:21:59","modified_gmt":"2025-07-25T17:21:59","slug":"coque-telephone-iphone-11-pro-tpu-salamandre-majorque-blanc","status":"publish","type":"product","link":"https:\/\/olemosaic.com\/fr\/produit\/coque-telephone-iphone-11-pro-tpu-salamandre-majorque-blanc\/","title":{"rendered":"Coque de t\u00e9l\u00e9phone pour iPhone 11 Pro (TPU). Salamandre. Majorque. Blanc"},"content":{"rendered":"<p>Cette coque pour iPhone 11 Pro est un accessoire vibrant qui capture l&rsquo;essence de Majorque, alliant fonctionnalit\u00e9 et style. Fabriqu\u00e9e en TPU, elle garantit une haute r\u00e9sistance aux chocs et aux chutes, prot\u00e9geant votre appareil sans sacrifier le design. Son fond blanc pr\u00e9sente une charmante mosa\u00efque qui \u00e9voque l&rsquo;art traditionnel de l&rsquo;\u00eele, servant de cadre parfait aux illustrations color\u00e9es de salamandres et de fleurs qui l&rsquo;ornent. Les couleurs vives vert, bleu et rouge des salamandres, ainsi que les motifs floraux, apportent joie et fra\u00eecheur, faisant de cet accessoire une pi\u00e8ce unique et attrayante.<\/p>\n<p>Le mot \u00ab Majorque \u00bb, con\u00e7u avec des lettres color\u00e9es, souligne l&rsquo;esprit touristique de l&rsquo;\u00eele, faisant de cette coque un souvenir parfait pour ceux qui la visitent. Ce souvenir repr\u00e9sente non seulement la riche faune des Bal\u00e9ares, mais aussi le lien culturel de Majorque avec l&rsquo;art de la mosa\u00efque, c\u00e9l\u00e8bre dans ses rues et ses monuments. Chez Ol\u00e9 Mosaic, nous nous sp\u00e9cialisons dans la distribution de souvenirs de qualit\u00e9, et cet article est une excellente option pour les boutiques de cadeaux touristiques cherchant \u00e0 offrir des produits authentiques et repr\u00e9sentatifs. Sans aucun doute, cette coque est une merveilleuse id\u00e9e de souvenir qui allie praticit\u00e9 et beaut\u00e9, id\u00e9ale pour ceux qui souhaitent ramener un petit morceau de Majorque chez eux.<\/p>\n","protected":false},"excerpt":{"rendered":"<p>Coque pour iPhone 11 Pro fabriqu\u00e9e en TPU, d\u00e9cor\u00e9e d&rsquo;un design vibrant de salamandres et de fleurs, inspir\u00e9 de la riche faune de Majorque. La base blanche pr\u00e9sente un style mosa\u00efque \u00e9voquant l&rsquo;art traditionnel de l&rsquo;\u00eele, tandis que les couleurs \u00e9clatantes vert, bleu et rouge des salamandres contrastent avec le fond. Le mot \u00ab Majorque \u00bb appara\u00eet en couleurs, ajoutant une touche de personnalit\u00e9 et d&rsquo;attrait touristique \u00e0 cet accessoire pratique.<\/p>\n","protected":false},"featured_media":13381,"template":"","meta":{"_acf_changed":false},"product_brand":[],"product_cat":[674],"product_tag":[530],"class_list":{"0":"post-26820","1":"product","2":"type-product","3":"status-publish","4":"has-post-thumbnail","6":"product_cat-etuis-pour-telephones-portables","7":"product_tag-animaux","8":"pa_ciudad-mallorca","9":"pa_motivo-salamandres","10":"pa_pais-espana","12":"first","13":"instock","14":"shipping-taxable","15":"product-type-simple"},"acf":[],"_links":{"self":[{"href":"https:\/\/olemosaic.com\/fr\/wp-json\/wp\/v2\/product\/26820","targetHints":{"allow":["GET"]}}],"collection":[{"href":"https:\/\/olemosaic.com\/fr\/wp-json\/wp\/v2\/product"}],"about":[{"href":"https:\/\/olemosaic.com\/fr\/wp-json\/wp\/v2\/types\/product"}],"wp:featuredmedia":[{"embeddable":true,"href":"https:\/\/olemosaic.com\/fr\/wp-json\/wp\/v2\/media\/13381"}],"wp:attachment":[{"href":"https:\/\/olemosaic.com\/fr\/wp-json\/wp\/v2\/media?parent=26820"}],"wp:term":[{"taxonomy":"product_brand","embeddable":true,"href":"https:\/\/olemosaic.com\/fr\/wp-json\/wp\/v2\/product_brand?post=26820"},{"taxonomy":"product_cat","embeddable":true,"href":"https:\/\/olemosaic.com\/fr\/wp-json\/wp\/v2\/product_cat?post=26820"},{"taxonomy":"product_tag","embeddable":true,"href":"https:\/\/olemosaic.com\/fr\/wp-json\/wp\/v2\/product_tag?post=26820"}],"curies":[{"name":"wp","href":"https:\/\/api.w.org\/{rel}","templated":true}]}}