{"id":26814,"date":"2025-02-20T22:28:46","date_gmt":"2025-02-20T22:28:46","guid":{"rendered":"http:\/\/olemosaic.com\/producto\/funda-de-telefono-para-iphone-11-pro-tpu-abstracto-negro\/"},"modified":"2025-07-25T20:12:47","modified_gmt":"2025-07-25T18:12:47","slug":"coque-de-telephone-pour-iphone-11-pro-tpu-abstrait-noir","status":"publish","type":"product","link":"https:\/\/olemosaic.com\/fr\/produit\/coque-de-telephone-pour-iphone-11-pro-tpu-abstrait-noir\/","title":{"rendered":"Coque de t\u00e9l\u00e9phone pour iPhone 11 Pro (TPU). Abstrait. Noir"},"content":{"rendered":"<p>Cette coque pour iPhone 11 Pro est un accessoire qui allie style et protection en un seul produit. Fabriqu\u00e9e en TPU de haute qualit\u00e9, son design abstrait se distingue par des lignes vibrantes qui s&rsquo;\u00e9coulent dans une palette de couleurs \u00e9clatantes sur un fond noir \u00e9l\u00e9gant. Ce m\u00e9lange de teintes apporte non seulement une esth\u00e9tique moderne, mais \u00e9voque \u00e9galement une sensation d&rsquo;\u00e9nergie et de dynamisme, en phase avec les tendances actuelles du design.<\/p>\n<p>Le motif dynamique pr\u00e9sente un contraste impressionnant qui transformera votre appareil en une v\u00e9ritable pi\u00e8ce d&rsquo;art, id\u00e9al pour ceux qui souhaitent personnaliser leur t\u00e9l\u00e9phone avec une touche exclusive. En plus de son attrait visuel, cette coque garantit une protection robuste, pr\u00e9servant votre iPhone des chocs et des rayures du quotidien. C&rsquo;est un souvenir parfait pour les touristes visitant des zones urbaines pleines de vie et de couleurs, repr\u00e9sentant la modernit\u00e9 et le style de vie contemporain.<\/p>\n<p>Chez Ol\u00e9 Mosaic, nous nous sp\u00e9cialisons dans la distribution de souvenirs en gros, offrant des produits qui ne sont pas seulement fonctionnels, mais aussi repr\u00e9sentatifs de la culture du design moderne. Cette coque de t\u00e9l\u00e9phone est un excellent ajout pour les boutiques de cadeaux touristiques \u00e0 la recherche d&rsquo;articles authentiques et de qualit\u00e9, offrant aux visiteurs un souvenir pratique et esth\u00e9tiquement attrayant qui rappellera leur exp\u00e9rience de voyage.<\/p>\n","protected":false},"excerpt":{"rendered":"<p>Coque pour iPhone 11 Pro fabriqu\u00e9e en TPU, avec un design abstrait qui se distingue par ses lignes de couleurs vibrantes s&rsquo;\u00e9coulant sur un fond noir. Cet accessoire allie modernit\u00e9 et protection, pr\u00e9sentant un motif dynamique qui \u00e9voque l&rsquo;\u00e9nergie et le style. Id\u00e9ale pour ceux qui cherchent \u00e0 personnaliser leur appareil avec une touche artistique, cette coque ne prot\u00e8ge pas seulement le t\u00e9l\u00e9phone, elle ajoute \u00e9galement un \u00e9l\u00e9ment visuel attrayant.<\/p>\n","protected":false},"featured_media":12194,"template":"","meta":{"_acf_changed":false},"product_brand":[],"product_cat":[674],"product_tag":[],"class_list":{"0":"post-26814","1":"product","2":"type-product","3":"status-publish","4":"has-post-thumbnail","6":"product_cat-etuis-pour-telephones-portables","7":"pa_motivo-resume","9":"first","10":"instock","11":"shipping-taxable","12":"product-type-simple"},"acf":[],"_links":{"self":[{"href":"https:\/\/olemosaic.com\/fr\/wp-json\/wp\/v2\/product\/26814","targetHints":{"allow":["GET"]}}],"collection":[{"href":"https:\/\/olemosaic.com\/fr\/wp-json\/wp\/v2\/product"}],"about":[{"href":"https:\/\/olemosaic.com\/fr\/wp-json\/wp\/v2\/types\/product"}],"wp:featuredmedia":[{"embeddable":true,"href":"https:\/\/olemosaic.com\/fr\/wp-json\/wp\/v2\/media\/12194"}],"wp:attachment":[{"href":"https:\/\/olemosaic.com\/fr\/wp-json\/wp\/v2\/media?parent=26814"}],"wp:term":[{"taxonomy":"product_brand","embeddable":true,"href":"https:\/\/olemosaic.com\/fr\/wp-json\/wp\/v2\/product_brand?post=26814"},{"taxonomy":"product_cat","embeddable":true,"href":"https:\/\/olemosaic.com\/fr\/wp-json\/wp\/v2\/product_cat?post=26814"},{"taxonomy":"product_tag","embeddable":true,"href":"https:\/\/olemosaic.com\/fr\/wp-json\/wp\/v2\/product_tag?post=26814"}],"curies":[{"name":"wp","href":"https:\/\/api.w.org\/{rel}","templated":true}]}}