{"id":26813,"date":"2025-02-20T22:28:45","date_gmt":"2025-02-20T22:28:45","guid":{"rendered":"http:\/\/olemosaic.com\/producto\/funda-de-telefono-para-iphone-11-pro-tpu-motivos-marinos-azul-2\/"},"modified":"2025-07-25T20:19:16","modified_gmt":"2025-07-25T18:19:16","slug":"coque-de-telephone-pour-iphone-11-pro-tpu-motifs-marins-bleu-fr","status":"publish","type":"product","link":"https:\/\/olemosaic.com\/fr\/produit\/coque-de-telephone-pour-iphone-11-pro-tpu-motifs-marins-bleu-fr\/","title":{"rendered":"Coque de t\u00e9l\u00e9phone pour iPhone 11 Pro (TPU). Motifs marins. Bleu"},"content":{"rendered":"<p>Cette coque pour iPhone 11 Pro est un accessoire indispensable pour les amoureux de la mer qui souhaitent ajouter une touche joyeuse et color\u00e9e \u00e0 leur style quotidien. Fabriqu\u00e9e en TPU de haute qualit\u00e9, elle offre une protection efficace contre les chocs et les chutes, assurant que votre appareil reste dans des conditions optimales. Son design vibrant pr\u00e9sente un environnement sous-marin plein de vie, avec des dauphins, des tortues et des hippocampes repr\u00e9sent\u00e9s dans un style artistique de mosa\u00efque. Les tons bleus brillants de la mer et les organismes marins color\u00e9s cr\u00e9ent une composition visuellement impressionnante, parfaite pour ceux qui ressentent une connexion sp\u00e9ciale avec l&rsquo;oc\u00e9an.<\/p>\n<p>Ce souvenir n&rsquo;est pas seulement fonctionnel, il repr\u00e9sente la richesse de l&rsquo;\u00e9cosyst\u00e8me marin qui caract\u00e9rise de nombreuses r\u00e9gions c\u00f4ti\u00e8res d&rsquo;Espagne, faisant de cette coque un souvenir authentique et significatif. Chez Ol\u00e9 Mosaic, nous sommes fiers de distribuer des produits qui refl\u00e8tent la culture et la nature de notre environnement. Cette coque est une excellente option pour les boutiques de cadeaux touristiques \u00e0 la recherche d&rsquo;articles alliant esth\u00e9tique et utilit\u00e9, devenant un cadeau parfait pour ceux qui souhaitent emporter un morceau de mer avec eux partout.<\/p>\n","protected":false},"excerpt":{"rendered":"<p>Coque pour iPhone 11 Pro fabriqu\u00e9e en TPU, d\u00e9cor\u00e9e de motifs marins vibrants dans les tons bleus. Le design color\u00e9 repr\u00e9sente un environnement sous-marin plein de vie, avec des dauphins, des tortues et des hippocampes, le tout dans un style artistique de mosa\u00efque. Id\u00e9ale pour les amoureux de la mer, cette coque prot\u00e8ge non seulement votre appareil, mais ajoute \u00e9galement une touche originale et joyeuse \u00e0 votre style quotidien.<\/p>\n","protected":false},"featured_media":12163,"template":"","meta":{"_acf_changed":false},"product_brand":[],"product_cat":[674],"product_tag":[530],"class_list":{"0":"post-26813","1":"product","2":"type-product","3":"status-publish","4":"has-post-thumbnail","6":"product_cat-etuis-pour-telephones-portables","7":"product_tag-animaux","8":"pa_motivo-animaux-marins","10":"first","11":"instock","12":"shipping-taxable","13":"product-type-simple"},"acf":[],"_links":{"self":[{"href":"https:\/\/olemosaic.com\/fr\/wp-json\/wp\/v2\/product\/26813","targetHints":{"allow":["GET"]}}],"collection":[{"href":"https:\/\/olemosaic.com\/fr\/wp-json\/wp\/v2\/product"}],"about":[{"href":"https:\/\/olemosaic.com\/fr\/wp-json\/wp\/v2\/types\/product"}],"wp:featuredmedia":[{"embeddable":true,"href":"https:\/\/olemosaic.com\/fr\/wp-json\/wp\/v2\/media\/12163"}],"wp:attachment":[{"href":"https:\/\/olemosaic.com\/fr\/wp-json\/wp\/v2\/media?parent=26813"}],"wp:term":[{"taxonomy":"product_brand","embeddable":true,"href":"https:\/\/olemosaic.com\/fr\/wp-json\/wp\/v2\/product_brand?post=26813"},{"taxonomy":"product_cat","embeddable":true,"href":"https:\/\/olemosaic.com\/fr\/wp-json\/wp\/v2\/product_cat?post=26813"},{"taxonomy":"product_tag","embeddable":true,"href":"https:\/\/olemosaic.com\/fr\/wp-json\/wp\/v2\/product_tag?post=26813"}],"curies":[{"name":"wp","href":"https:\/\/api.w.org\/{rel}","templated":true}]}}