{"id":26811,"date":"2025-02-20T22:28:45","date_gmt":"2025-02-20T22:28:45","guid":{"rendered":"http:\/\/olemosaic.com\/producto\/funda-de-telefono-para-iphone-11-pro-tpu-forjas-azul\/"},"modified":"2025-07-25T19:28:47","modified_gmt":"2025-07-25T17:28:47","slug":"coque-de-telephone-pour-iphone-11-pro-tpu-forges-bleu","status":"publish","type":"product","link":"https:\/\/olemosaic.com\/fr\/produit\/coque-de-telephone-pour-iphone-11-pro-tpu-forges-bleu\/","title":{"rendered":"Coque de t\u00e9l\u00e9phone pour iPhone 11 Pro (TPU). Forges. Bleu"},"content":{"rendered":"<p>Cette coque pour iPhone 11 Pro est un accessoire exceptionnel qui allie parfaitement \u00e9l\u00e9gance et protection. Fabriqu\u00e9e en TPU, son design pr\u00e9sente un motif complexe de forge en blanc sur un fond bleu profond, \u00e9voquant la riche tradition de l&rsquo;ornementation espagnole. Ce motif ornemental non seulement embellit le t\u00e9l\u00e9phone, mais rend \u00e9galement hommage \u00e0 l&rsquo;artisanat de la forge qui a caract\u00e9ris\u00e9 de nombreuses r\u00e9gions d&rsquo;Espagne, transformant un objet quotidien en une pi\u00e8ce d&rsquo;art culturel. La qualit\u00e9 du mat\u00e9riau TPU assure que la coque s&rsquo;ajuste parfaitement \u00e0 l&rsquo;appareil, offrant une protection efficace contre les impacts et les rayures, tandis que sa finition douce au toucher offre une exp\u00e9rience d&rsquo;utilisation agr\u00e9able. Elle est id\u00e9ale pour ceux qui souhaitent personnaliser leur appareil de mani\u00e8re distinctive, tout en portant un fragment de la culture espagnole. En tant que distributeur de souvenirs en gros, Ol\u00e9 Mosaic propose cette coque comme un excellent souvenir culturel pour les touristes, ce qui en fait un choix id\u00e9al pour les boutiques de cadeaux souhaitant offrir des produits authentiques et de qualit\u00e9. Cette coque de forge ne prot\u00e8ge pas seulement, elle connecte \u00e9galement les utilisateurs au riche h\u00e9ritage visuel de l&rsquo;art espagnol.<\/p>\n","protected":false},"excerpt":{"rendered":"<p>Coque pour iPhone 11 Pro fabriqu\u00e9e en TPU, d\u00e9cor\u00e9e d&rsquo;un design complexe de forge en blanc sur fond bleu. Cet accessoire allie \u00e9l\u00e9gance et protection, pr\u00e9sentant un motif ornemental qui \u00e9voque l&rsquo;artisanat traditionnel espagnol. Sa finition offre une touche sophistiqu\u00e9e, ce qui en fait une option id\u00e9ale pour ceux qui cherchent \u00e0 personnaliser leur appareil avec un style distinctif et culturel.<\/p>\n","protected":false},"featured_media":12168,"template":"","meta":{"_acf_changed":false},"product_brand":[],"product_cat":[674],"product_tag":[],"class_list":{"0":"post-26811","1":"product","2":"type-product","3":"status-publish","4":"has-post-thumbnail","6":"product_cat-etuis-pour-telephones-portables","7":"pa_motivo-forges","9":"first","10":"instock","11":"shipping-taxable","12":"product-type-simple"},"acf":[],"_links":{"self":[{"href":"https:\/\/olemosaic.com\/fr\/wp-json\/wp\/v2\/product\/26811","targetHints":{"allow":["GET"]}}],"collection":[{"href":"https:\/\/olemosaic.com\/fr\/wp-json\/wp\/v2\/product"}],"about":[{"href":"https:\/\/olemosaic.com\/fr\/wp-json\/wp\/v2\/types\/product"}],"wp:featuredmedia":[{"embeddable":true,"href":"https:\/\/olemosaic.com\/fr\/wp-json\/wp\/v2\/media\/12168"}],"wp:attachment":[{"href":"https:\/\/olemosaic.com\/fr\/wp-json\/wp\/v2\/media?parent=26811"}],"wp:term":[{"taxonomy":"product_brand","embeddable":true,"href":"https:\/\/olemosaic.com\/fr\/wp-json\/wp\/v2\/product_brand?post=26811"},{"taxonomy":"product_cat","embeddable":true,"href":"https:\/\/olemosaic.com\/fr\/wp-json\/wp\/v2\/product_cat?post=26811"},{"taxonomy":"product_tag","embeddable":true,"href":"https:\/\/olemosaic.com\/fr\/wp-json\/wp\/v2\/product_tag?post=26811"}],"curies":[{"name":"wp","href":"https:\/\/api.w.org\/{rel}","templated":true}]}}