{"id":26810,"date":"2025-02-20T22:28:45","date_gmt":"2025-02-20T22:28:45","guid":{"rendered":"http:\/\/olemosaic.com\/producto\/funda-de-telefono-para-iphone-11-pro-tpu-abstracto-azul\/"},"modified":"2025-07-25T19:33:56","modified_gmt":"2025-07-25T17:33:56","slug":"coque-de-telephone-pour-iphone-11-pro-tpu-abstrait-bleu","status":"publish","type":"product","link":"https:\/\/olemosaic.com\/fr\/produit\/coque-de-telephone-pour-iphone-11-pro-tpu-abstrait-bleu\/","title":{"rendered":"Coque de t\u00e9l\u00e9phone pour iPhone 11 Pro (TPU). Abstrait. Bleu"},"content":{"rendered":"<p>Cette coque pour iPhone 11 Pro est l&rsquo;accessoire parfait alliant fonctionnalit\u00e9 et style contemporain. Fabriqu\u00e9e en TPU de haute qualit\u00e9, elle prot\u00e8ge non seulement votre appareil contre les chocs et les rayures, mais lui ajoute \u00e9galement une touche artistique et vibrante. Son design abstrait dans les tons bleus est compl\u00e9t\u00e9 par un d\u00e9grad\u00e9 allant du vert au jaune et au rouge, cr\u00e9ant un effet visuel moderne et attrayant qui vous fera sortir du lot. La surface lisse et flexible de la coque assure un ajustement parfait, facilitant l&rsquo;acc\u00e8s \u00e0 tous les ports et fonctions du t\u00e9l\u00e9phone sans sacrifier la protection.<\/p>\n<p>Ce souvenir s&rsquo;inspire de la riche tradition artistique de la r\u00e9gion, o\u00f9 les couleurs vibrantes et les motifs g\u00e9om\u00e9triques sont une partie essentielle de la culture visuelle. En choisissant cette coque, vous obtenez non seulement un produit fonctionnel, mais aussi un morceau du patrimoine esth\u00e9tique que vous pourrez emporter partout avec vous. Chez Ol\u00e9 Mosaic, nous sommes des distributeurs de souvenirs en gros et proposons des articles uniques et repr\u00e9sentatifs qui constituent une excellente option pour les boutiques de cadeaux touristiques \u00e0 la recherche de produits authentiques et attrayants. Cette coque pour iPhone est le souvenir id\u00e9al pour ceux qui recherchent un souvenir contemporain et pertinent, plein de caract\u00e8re et de couleur.<\/p>\n","protected":false},"excerpt":{"rendered":"<p>Coque pour iPhone 11 Pro fabriqu\u00e9e en TPU, avec un design abstrait dans les tons bleus et un d\u00e9grad\u00e9 vibrant combinant le vert, le jaune et le rouge. Cette coque prot\u00e8ge non seulement des chocs et des rayures, mais ajoute \u00e9galement une touche artistique \u00e0 votre appareil. Sa surface lisse et flexible garantit un ajustement parfait, tandis que le design g\u00e9om\u00e9trique offre un effet visuel attrayant et moderne, id\u00e9al pour ceux qui recherchent un accessoire fonctionnel et \u00e9l\u00e9gant.<\/p>\n","protected":false},"featured_media":12170,"template":"","meta":{"_acf_changed":false},"product_brand":[],"product_cat":[674],"product_tag":[],"class_list":{"0":"post-26810","1":"product","2":"type-product","3":"status-publish","4":"has-post-thumbnail","6":"product_cat-etuis-pour-telephones-portables","7":"pa_motivo-resume","9":"first","10":"instock","11":"shipping-taxable","12":"product-type-simple"},"acf":[],"_links":{"self":[{"href":"https:\/\/olemosaic.com\/fr\/wp-json\/wp\/v2\/product\/26810","targetHints":{"allow":["GET"]}}],"collection":[{"href":"https:\/\/olemosaic.com\/fr\/wp-json\/wp\/v2\/product"}],"about":[{"href":"https:\/\/olemosaic.com\/fr\/wp-json\/wp\/v2\/types\/product"}],"wp:featuredmedia":[{"embeddable":true,"href":"https:\/\/olemosaic.com\/fr\/wp-json\/wp\/v2\/media\/12170"}],"wp:attachment":[{"href":"https:\/\/olemosaic.com\/fr\/wp-json\/wp\/v2\/media?parent=26810"}],"wp:term":[{"taxonomy":"product_brand","embeddable":true,"href":"https:\/\/olemosaic.com\/fr\/wp-json\/wp\/v2\/product_brand?post=26810"},{"taxonomy":"product_cat","embeddable":true,"href":"https:\/\/olemosaic.com\/fr\/wp-json\/wp\/v2\/product_cat?post=26810"},{"taxonomy":"product_tag","embeddable":true,"href":"https:\/\/olemosaic.com\/fr\/wp-json\/wp\/v2\/product_tag?post=26810"}],"curies":[{"name":"wp","href":"https:\/\/api.w.org\/{rel}","templated":true}]}}