{"id":26807,"date":"2025-02-20T23:28:45","date_gmt":"2025-02-20T22:28:45","guid":{"rendered":"http:\/\/olemosaic.com\/producto\/funda-de-telefono-para-iphone-11-tpu-abstracto-azul-2\/"},"modified":"2025-07-25T18:55:23","modified_gmt":"2025-07-25T16:55:23","slug":"coque-de-telephone-pour-iphone-11-tpu-abstrait-bleu-2","status":"publish","type":"product","link":"https:\/\/olemosaic.com\/fr\/produit\/coque-de-telephone-pour-iphone-11-tpu-abstrait-bleu-2\/","title":{"rendered":"Coque de t\u00e9l\u00e9phone pour iPhone 11 (TPU). Abstrait. Motif diamants. Bleu"},"content":{"rendered":"<p>Cette coque pour iPhone 11 est une repr\u00e9sentation vibrante et moderne du design actuel, parfaite pour ceux qui recherchent une touche artistique pour leur appareil. Fabriqu\u00e9e en TPU de haute qualit\u00e9, elle offre une protection durable contre les chocs et les chutes, garantissant que votre iPhone 11 soit toujours prot\u00e9g\u00e9 et \u00e9l\u00e9gant. Le design abstrait dans les tons bleus pr\u00e9sente un motif de diamants sophistiqu\u00e9 qui d\u00e9ploie un jeu de couleurs, allant d&rsquo;un bleu profond \u00e9voquant la s\u00e9r\u00e9nit\u00e9 \u00e0 un vert \u00e9meraude et un jaune vibrant apportant \u00e9nergie et dynamisme. Chaque facette de ce motif cr\u00e9e un effet visuel unique, transformant votre t\u00e9l\u00e9phone non seulement en un appareil, mais en une pi\u00e8ce d&rsquo;art portable.<\/p>\n<p>Ce souvenir moderne n&rsquo;incarne pas seulement le lien avec les tendances actuelles du design, mais sert \u00e9galement de souvenir distinctif de votre visite dans des destinations qui valorisent la cr\u00e9ativit\u00e9 et l&rsquo;originalit\u00e9. Chez Ol\u00e9 Mosaic, nous sommes sp\u00e9cialistes de la distribution de produits uniques, et cette coque est une excellente option pour les boutiques de cadeaux touristiques qui cherchent \u00e0 offrir \u00e0 leurs clients des accessoires authentiques et attrayants. En tant que grossistes de coques, nous nous assurons que chaque pi\u00e8ce combine qualit\u00e9 et style, faisant de chaque acheteur un ambassadeur du design contemporain.<\/p>\n","protected":false},"excerpt":{"rendered":"<p>Coque pour iPhone 11 fabriqu\u00e9e en TPU avec un design abstrait dans les tons bleus. Son motif attrayant pr\u00e9sente un motif de diamants qui fusionne des d\u00e9grad\u00e9s de couleurs, du bleu profond au vert \u00e9meraude et au jaune vibrant, cr\u00e9ant un effet visuel dynamique et moderne. Cette coque offre non seulement une protection efficace contre les chocs et les chutes, mais apporte \u00e9galement une touche d&rsquo;originalit\u00e9 et de style \u00e0 votre appareil.<\/p>\n","protected":false},"featured_media":12149,"template":"","meta":{"_acf_changed":false},"product_brand":[],"product_cat":[674],"product_tag":[],"class_list":{"0":"post-26807","1":"product","2":"type-product","3":"status-publish","4":"has-post-thumbnail","6":"product_cat-etuis-pour-telephones-portables","7":"pa_motivo-resume","9":"first","10":"instock","11":"shipping-taxable","12":"product-type-simple"},"acf":[],"_links":{"self":[{"href":"https:\/\/olemosaic.com\/fr\/wp-json\/wp\/v2\/product\/26807","targetHints":{"allow":["GET"]}}],"collection":[{"href":"https:\/\/olemosaic.com\/fr\/wp-json\/wp\/v2\/product"}],"about":[{"href":"https:\/\/olemosaic.com\/fr\/wp-json\/wp\/v2\/types\/product"}],"wp:featuredmedia":[{"embeddable":true,"href":"https:\/\/olemosaic.com\/fr\/wp-json\/wp\/v2\/media\/12149"}],"wp:attachment":[{"href":"https:\/\/olemosaic.com\/fr\/wp-json\/wp\/v2\/media?parent=26807"}],"wp:term":[{"taxonomy":"product_brand","embeddable":true,"href":"https:\/\/olemosaic.com\/fr\/wp-json\/wp\/v2\/product_brand?post=26807"},{"taxonomy":"product_cat","embeddable":true,"href":"https:\/\/olemosaic.com\/fr\/wp-json\/wp\/v2\/product_cat?post=26807"},{"taxonomy":"product_tag","embeddable":true,"href":"https:\/\/olemosaic.com\/fr\/wp-json\/wp\/v2\/product_tag?post=26807"}],"curies":[{"name":"wp","href":"https:\/\/api.w.org\/{rel}","templated":true}]}}