{"id":26806,"date":"2025-02-20T22:28:44","date_gmt":"2025-02-20T22:28:44","guid":{"rendered":"http:\/\/olemosaic.com\/producto\/funda-de-telefono-para-iphone-11-tpu-punt-de-trobada-barcelona-blanco\/"},"modified":"2025-07-25T20:01:09","modified_gmt":"2025-07-25T18:01:09","slug":"coque-de-telephone-pour-iphone-11-tpu-punt-de-trobada-barcelone-blanc","status":"publish","type":"product","link":"https:\/\/olemosaic.com\/fr\/produit\/coque-de-telephone-pour-iphone-11-tpu-punt-de-trobada-barcelone-blanc\/","title":{"rendered":"Coque de t\u00e9l\u00e9phone pour iPhone 11 (TPU). Punt de trobada. Barcelone. Blanc"},"content":{"rendered":"<p>Cette coque pour iPhone 11 est une pi\u00e8ce vibrante qui refl\u00e8te l&rsquo;essence artistique de Barcelone, inspir\u00e9e de l&#8217;embl\u00e9matique \u00ab\u00a0Punt de trobada\u00a0\u00bb. Fabriqu\u00e9e en mat\u00e9riau TPU, elle offre une excellente protection pour votre appareil, alliant fonctionnalit\u00e9 et style. Son design captivant pr\u00e9sente un fond blanc qui se distingue par une s\u00e9rie de motifs en mosa\u00efque couvrant un spectre de tons vifs, tels que le rouge, le jaune, le vert, le bleu et le noir. L&rsquo;illustration int\u00e8gre la silhouette iconique de l&rsquo;\u0153uvre, capturant la cr\u00e9ativit\u00e9 contagieuse de la cit\u00e9 comtale.<\/p>\n<p>Les \u00e9l\u00e9ments abstraits dessin\u00e9s sur toute la surface de la coque \u00e9voquent la riche tradition de l&rsquo;architecture moderniste d&rsquo;Antoni Gaud\u00ed, l&rsquo;un des plus grands symboles de Barcelone. Ce produit n&rsquo;est pas seulement un accessoire pratique, mais aussi un souvenir culturel de votre visite dans la ville, ce qui en fait un souvenir id\u00e9al pour les touristes souhaitant ramener un morceau de Barcelone chez eux.<\/p>\n<p>Chez Ol\u00e9 Mosaic, nous nous engageons \u00e0 proposer des souvenirs authentiques qui repr\u00e9sentent la culture et l&rsquo;art de l&rsquo;Espagne. Cette coque est une excellente option pour les boutiques de cadeaux touristiques \u00e0 la recherche de produits uniques et repr\u00e9sentatifs. En tant que distributeurs d&rsquo;accessoires en gros, nous garantissons la qualit\u00e9 et l&rsquo;authenticit\u00e9 de chaque pi\u00e8ce, parfaite pour ceux qui appr\u00e9cient l&rsquo;art et le design dans leur vie quotidienne.<\/p>\n","protected":false},"excerpt":{"rendered":"<p>Coque pour iPhone 11 fabriqu\u00e9e en TPU, d\u00e9cor\u00e9e d&rsquo;un design vibrant inspir\u00e9 du \u00ab\u00a0Punt de trobada\u00a0\u00bb de Barcelone. La coque pr\u00e9sente un fond blanc avec des motifs de mosa\u00efque color\u00e9s, incluant des \u00e9l\u00e9ments abstraits en rouge, jaune, vert, bleu et noir. L&rsquo;illustration int\u00e8gre la silhouette iconique de l&rsquo;\u0153uvre, avec un style artistique qui refl\u00e8te l&rsquo;essence cr\u00e9ative de la ville. Id\u00e9al pour prot\u00e9ger votre appareil avec une touche d&rsquo;art et de culture.<\/p>\n","protected":false},"featured_media":12137,"template":"","meta":{"_acf_changed":false},"product_brand":[],"product_cat":[674],"product_tag":[],"class_list":{"0":"post-26806","1":"product","2":"type-product","3":"status-publish","4":"has-post-thumbnail","6":"product_cat-etuis-pour-telephones-portables","7":"pa_ciudad-barcelona","8":"pa_motivo-punt-de-trobada","9":"pa_pais-espana","11":"first","12":"instock","13":"shipping-taxable","14":"product-type-simple"},"acf":[],"_links":{"self":[{"href":"https:\/\/olemosaic.com\/fr\/wp-json\/wp\/v2\/product\/26806","targetHints":{"allow":["GET"]}}],"collection":[{"href":"https:\/\/olemosaic.com\/fr\/wp-json\/wp\/v2\/product"}],"about":[{"href":"https:\/\/olemosaic.com\/fr\/wp-json\/wp\/v2\/types\/product"}],"wp:featuredmedia":[{"embeddable":true,"href":"https:\/\/olemosaic.com\/fr\/wp-json\/wp\/v2\/media\/12137"}],"wp:attachment":[{"href":"https:\/\/olemosaic.com\/fr\/wp-json\/wp\/v2\/media?parent=26806"}],"wp:term":[{"taxonomy":"product_brand","embeddable":true,"href":"https:\/\/olemosaic.com\/fr\/wp-json\/wp\/v2\/product_brand?post=26806"},{"taxonomy":"product_cat","embeddable":true,"href":"https:\/\/olemosaic.com\/fr\/wp-json\/wp\/v2\/product_cat?post=26806"},{"taxonomy":"product_tag","embeddable":true,"href":"https:\/\/olemosaic.com\/fr\/wp-json\/wp\/v2\/product_tag?post=26806"}],"curies":[{"name":"wp","href":"https:\/\/api.w.org\/{rel}","templated":true}]}}