{"id":26805,"date":"2025-02-20T22:28:44","date_gmt":"2025-02-20T22:28:44","guid":{"rendered":"http:\/\/olemosaic.com\/producto\/funda-de-telefono-para-iphone-11-tpu-gato-mallorca-negro\/"},"modified":"2025-07-25T20:08:26","modified_gmt":"2025-07-25T18:08:26","slug":"coque-de-telephone-pour-iphone-11-tpu-chat-majorque-noir","status":"publish","type":"product","link":"https:\/\/olemosaic.com\/fr\/produit\/coque-de-telephone-pour-iphone-11-tpu-chat-majorque-noir\/","title":{"rendered":"Coque de t\u00e9l\u00e9phone pour iPhone 11 (TPU). Chat. Majorque. Noir"},"content":{"rendered":"<p>Cette coque pour iPhone 11 est \u00e9l\u00e9gante et fonctionnelle, con\u00e7ue pour ceux qui souhaitent emporter avec eux un morceau de l&rsquo;essence de Majorque. Fabriqu\u00e9e en TPU durable, elle ne prot\u00e8ge pas seulement votre appareil, mais pr\u00e9sente \u00e9galement une illustration vibrante d&rsquo;un chat de style mosa\u00efque, aux couleurs \u00e9clatantes. Le design color\u00e9, qui inclut des papillons compl\u00e9tant la sc\u00e8ne, capture la beaut\u00e9 naturelle des \u00eeles Bal\u00e9ares et apporte une touche artistique \u00e0 votre t\u00e9l\u00e9phone. La base noire fait ressortir les tons \u00e9blouissants du chat, cr\u00e9ant un contraste attrayant qui fera ressortir votre appareil. Cette combinaison de fonctionnalit\u00e9 et de style fait de cette coque un choix id\u00e9al pour les touristes \u00e0 la recherche d&rsquo;un souvenir repr\u00e9sentatif de leur voyage, ainsi que pour ceux qui appr\u00e9cient l&rsquo;art et la culture locale. En choisissant ce produit d&rsquo;Ol\u00e9 Mosaic, vous choisissez un souvenir authentique qui refl\u00e8te le riche h\u00e9ritage culturel de Majorque. C&rsquo;est une excellente option pour les boutiques de cadeaux touristiques \u00e0 la recherche d&rsquo;accessoires uniques et accrocheurs, parfaits pour ceux qui souhaitent emporter un petit bout de la culture bal\u00e9are avec eux.<\/p>\n","protected":false},"excerpt":{"rendered":"<p>Coque pour iPhone 11 en TPU, orn\u00e9e d&rsquo;une illustration vibrante d&rsquo;un chat de style mosa\u00efque aux couleurs vives. Le design \u00e9voque l&rsquo;essence de Majorque, avec des papillons qui compl\u00e8tent la sc\u00e8ne. La base noire souligne les couleurs du chat, cr\u00e9ant un contraste attrayant. Id\u00e9al pour ceux qui recherchent un accessoire fonctionnel et artistique repr\u00e9sentant la culture bal\u00e9are. Une fa\u00e7on parfaite de prot\u00e9ger votre t\u00e9l\u00e9phone avec style.<\/p>\n","protected":false},"featured_media":13380,"template":"","meta":{"_acf_changed":false},"product_brand":[],"product_cat":[674],"product_tag":[530],"class_list":{"0":"post-26805","1":"product","2":"type-product","3":"status-publish","4":"has-post-thumbnail","6":"product_cat-etuis-pour-telephones-portables","7":"product_tag-animaux","8":"pa_ciudad-mallorca","9":"pa_motivo-chats","10":"pa_pais-espana","12":"first","13":"instock","14":"shipping-taxable","15":"product-type-simple"},"acf":[],"_links":{"self":[{"href":"https:\/\/olemosaic.com\/fr\/wp-json\/wp\/v2\/product\/26805","targetHints":{"allow":["GET"]}}],"collection":[{"href":"https:\/\/olemosaic.com\/fr\/wp-json\/wp\/v2\/product"}],"about":[{"href":"https:\/\/olemosaic.com\/fr\/wp-json\/wp\/v2\/types\/product"}],"wp:featuredmedia":[{"embeddable":true,"href":"https:\/\/olemosaic.com\/fr\/wp-json\/wp\/v2\/media\/13380"}],"wp:attachment":[{"href":"https:\/\/olemosaic.com\/fr\/wp-json\/wp\/v2\/media?parent=26805"}],"wp:term":[{"taxonomy":"product_brand","embeddable":true,"href":"https:\/\/olemosaic.com\/fr\/wp-json\/wp\/v2\/product_brand?post=26805"},{"taxonomy":"product_cat","embeddable":true,"href":"https:\/\/olemosaic.com\/fr\/wp-json\/wp\/v2\/product_cat?post=26805"},{"taxonomy":"product_tag","embeddable":true,"href":"https:\/\/olemosaic.com\/fr\/wp-json\/wp\/v2\/product_tag?post=26805"}],"curies":[{"name":"wp","href":"https:\/\/api.w.org\/{rel}","templated":true}]}}